{"id":8328,"date":"2020-12-02T15:31:49","date_gmt":"2020-12-02T15:31:49","guid":{"rendered":"http:\/\/localhost\/celpiacaink\/"},"modified":"2025-02-24T14:12:31","modified_gmt":"2025-02-24T14:12:31","slug":"zielmarkte","status":"publish","type":"page","link":"https:\/\/cb.diff.hu\/de\/zielmarkte\/","title":{"rendered":"Zielm\u00e4rkte"},"content":{"rendered":"<h2>Unsere Zielm\u00e4rkte<\/h2>\n<p>\t\t\t\t\t\t\t\t\t\t\t\t\t\t\t<img loading=\"lazy\" decoding=\"async\" width=\"847\" height=\"565\" src=\"https:\/\/contractbeds.eu\/wp-content\/uploads\/2021\/04\/77153266_s.jpg\" alt=\"hotel-agyak-matracok\" srcset=\"https:\/\/contractbeds.eu\/wp-content\/uploads\/2021\/04\/77153266_s.jpg 847w, https:\/\/contractbeds.eu\/wp-content\/uploads\/2021\/04\/77153266_s-768x512.jpg 768w, https:\/\/contractbeds.eu\/wp-content\/uploads\/2021\/04\/77153266_s-640x427.jpg 640w, https:\/\/contractbeds.eu\/wp-content\/uploads\/2021\/04\/77153266_s-400x267.jpg 400w, https:\/\/contractbeds.eu\/wp-content\/uploads\/2021\/04\/77153266_s-367x245.jpg 367w, https:\/\/contractbeds.eu\/wp-content\/uploads\/2021\/04\/77153266_s-600x400.jpg 600w\" sizes=\"auto, (max-width: 847px) 100vw, 847px\" \/>\t\t\t\t\t\t\t\t\t\t\t\t\t\t\t<\/p>\n<p>Neben unserer breiten Produktpalette f\u00fcr Privatkunden, haben sich in unserem Angebot auch Schlafzimmerm\u00f6bel und Bettsysteme f\u00fcr spezielle Nutzungsanspr\u00fcche etabliert. Unseren Partnern bieten wir somit den jeweiligen Bed\u00fcrfnissen entsprechende Ausstattung, Qualit\u00e4t, Haltbarkeit, Gr\u00f6\u00dfenangebot und eine g\u00fcnstige Preisbildung, die sich dem Volumen des Projektauftrags anpasst \u2013 von Gesundheitseinrichtungen mit ganz speziellen Anspr\u00fcchen, bis hin zu Hotellerie-Betrieben mit raffinierten L\u00f6sungen. Nicht nur unser Produktangebot, sondern auch unsere Dienstleistungen passen sich den Betreibern der Hotellerie-Betriebe oder den Projektanforderungen an, wie bieten umfassende L\u00f6sungen von der Beratung, \u00fcber Logistik- und Transportaufgaben bis hin zur fachkompetenten Montage vor Ort.<\/p>\n<p>\t\t\t\t\t<img loading=\"lazy\" decoding=\"async\" alt=\"\" src=\"https:\/\/contractbeds.eu\/wp-content\/uploads\/2025\/02\/svgexport-4-kek.svg\" width=\"0\" height=\"0\" \/><\/p>\n<h3 style=\"\">HOTELS<\/h3>\n<p> <!-- header --><\/p>\n<p>Herstellung basierend auf Innenarchitektur- und Inneneinrichtungspl\u00e4nen<\/p>\n<p> <!-- description --><!-- porto-sicon-box --><br \/>\n\t\t\t\t\t<img loading=\"lazy\" decoding=\"async\" alt=\"\" src=\"https:\/\/contractbeds.eu\/wp-content\/uploads\/2025\/02\/svgexport-8-kek.svg\" width=\"0\" height=\"0\" \/><\/p>\n<h3 style=\"\">PENSIONEN<\/h3>\n<p> <!-- header --><\/p>\n<p>Matratzen mit Bez\u00fcgen aus M\u00f6belstoffen erh\u00e4ltlich<\/p>\n<p> <!-- description --><!-- porto-sicon-box --><br \/>\n\t\t\t\t\t<img loading=\"lazy\" decoding=\"async\" alt=\"\" src=\"https:\/\/contractbeds.eu\/wp-content\/uploads\/2025\/02\/svgexport-9-kek.svg\" width=\"0\" height=\"0\" \/><\/p>\n<h3 style=\"\">HOSTELS<\/h3>\n<p> <!-- header --><\/p>\n<p>Robuste und komfortable Schlafm\u00f6glichkeiten zur Anpassung an wechselnde Bed\u00fcrfnisse<\/p>\n<p> <!-- description --><!-- porto-sicon-box --><br \/>\n\t\t\t\t\t<img loading=\"lazy\" decoding=\"async\" alt=\"\" src=\"https:\/\/contractbeds.eu\/wp-content\/uploads\/2025\/02\/svgexport-10-kek.svg\" width=\"0\" height=\"0\" \/><\/p>\n<h3 style=\"\">STUDENTENWOHNHEIME<\/h3>\n<p> <!-- header --><\/p>\n<p>Funktionalit\u00e4t und Design im Fokus<\/p>\n<p> <!-- description --><!-- porto-sicon-box --><br \/>\n\t\t\t\t\t<img loading=\"lazy\" decoding=\"async\" alt=\"\" src=\"https:\/\/contractbeds.eu\/wp-content\/uploads\/2025\/02\/svgexport-5-kek.svg\" width=\"0\" height=\"0\" \/><\/p>\n<h3 style=\"\">JUGENDHERBERGEN<\/h3>\n<p> <!-- header --><\/p>\n<p>Belastbare und innovative M\u00f6belstrukturen<\/p>\n<p> <!-- description --><!-- porto-sicon-box --><br \/>\n\t\t\t\t\t<img loading=\"lazy\" decoding=\"async\" alt=\"\" src=\"https:\/\/contractbeds.eu\/wp-content\/uploads\/2025\/02\/svgexport-7-kek.svg\" width=\"0\" height=\"0\" \/><\/p>\n<h3 style=\"\">KLINIKEN<\/h3>\n<p> <!-- header --><\/p>\n<p>Spezialisierte, reinigungsf\u00e4hige und antibakterielle Oberfl\u00e4chen<\/p>\n<p> <!-- description --><!-- porto-sicon-box --><br \/>\n\t\t\t\t\t<img loading=\"lazy\" decoding=\"async\" alt=\"\" src=\"https:\/\/contractbeds.eu\/wp-content\/uploads\/2025\/02\/svgexport-6-kek.svg\" width=\"0\" height=\"0\" \/><\/p>\n<h3 style=\"\">ALTENHEIME<\/h3>\n<p> <!-- header --><\/p>\n<p>Wir bieten auch Gelenk- und Wirbels\u00e4ulenschonende Bettsysteme an<\/p>\n<p> <!-- description --><!-- porto-sicon-box -->\t\t\t\t<\/p>\n<h2>K\u00f6nnen wir Ihnen helfen?<\/h2>\n<p>Z\u00f6gern Sie nicht, uns bei Fragen, Angebotsanfragen und Ideen zu kontaktieren!\u00a0<\/p>\n<p>\t\t\t\t\t<a href=\"https:\/\/contractbeds.eu\/de\/kontakt\/\"><br \/>\n\t\t\t\t\t\t\t\t\tKontakt<br \/>\n\t\t\t\t\t<\/a><\/p>\n","protected":false},"excerpt":{"rendered":"<p>Unsere Zielm\u00e4rkte Neben unserer breiten Produktpalette f\u00fcr Privatkunden, haben sich in unserem Angebot auch Schlafzimmerm\u00f6bel und Bettsysteme f\u00fcr spezielle Nutzungsanspr\u00fcche etabliert. Unseren Partnern bieten wir somit den jeweiligen Bed\u00fcrfnissen entsprechende Ausstattung, Qualit\u00e4t, Haltbarkeit, Gr\u00f6\u00dfenangebot und eine g\u00fcnstige Preisbildung, die sich dem Volumen des Projektauftrags anpasst \u2013 von Gesundheitseinrichtungen mit ganz speziellen Anspr\u00fcchen, bis hin zu [&hellip;]<\/p>\n","protected":false},"author":1,"featured_media":0,"parent":0,"menu_order":0,"comment_status":"closed","ping_status":"closed","template":"","meta":{"footnotes":""},"class_list":["post-8328","page","type-page","status-publish","hentry"],"yoast_head":"<!-- This site is optimized with the Yoast SEO plugin v24.4 - https:\/\/yoast.com\/wordpress\/plugins\/seo\/ -->\n<title>Zielm\u00e4rkte - Bio-Textima - Bedding, Interior, Object<\/title>\n<meta name=\"robots\" content=\"index, follow, max-snippet:-1, max-image-preview:large, max-video-preview:-1\" \/>\n<link rel=\"canonical\" href=\"https:\/\/cb.diff.hu\/de\/zielmarkte\/\" \/>\n<meta property=\"og:locale\" content=\"de_DE\" \/>\n<meta property=\"og:type\" content=\"article\" \/>\n<meta property=\"og:title\" content=\"Zielm\u00e4rkte - Bio-Textima - Bedding, Interior, Object\" \/>\n<meta property=\"og:description\" content=\"Unsere Zielm\u00e4rkte Neben unserer breiten Produktpalette f\u00fcr Privatkunden, haben sich in unserem Angebot auch Schlafzimmerm\u00f6bel und Bettsysteme f\u00fcr spezielle Nutzungsanspr\u00fcche etabliert. Unseren Partnern bieten wir somit den jeweiligen Bed\u00fcrfnissen entsprechende Ausstattung, Qualit\u00e4t, Haltbarkeit, Gr\u00f6\u00dfenangebot und eine g\u00fcnstige Preisbildung, die sich dem Volumen des Projektauftrags anpasst \u2013 von Gesundheitseinrichtungen mit ganz speziellen Anspr\u00fcchen, bis hin zu [&hellip;]\" \/>\n<meta property=\"og:url\" content=\"https:\/\/cb.diff.hu\/de\/zielmarkte\/\" \/>\n<meta property=\"og:site_name\" content=\"Bio-Textima - Bedding, Interior, Object\" \/>\n<meta property=\"article:modified_time\" content=\"2025-02-24T14:12:31+00:00\" \/>\n<meta property=\"og:image\" content=\"https:\/\/contractbeds.eu\/wp-content\/uploads\/2021\/04\/77153266_s.jpg\" \/>\n<meta name=\"twitter:card\" content=\"summary_large_image\" \/>\n<meta name=\"twitter:label1\" content=\"Gesch\u00e4tzte Lesezeit\" \/>\n\t<meta name=\"twitter:data1\" content=\"3\u00a0Minuten\" \/>\n<script type=\"application\/ld+json\" class=\"yoast-schema-graph\">{\"@context\":\"https:\/\/schema.org\",\"@graph\":[{\"@type\":\"WebPage\",\"@id\":\"https:\/\/cb.diff.hu\/de\/zielmarkte\/\",\"url\":\"https:\/\/cb.diff.hu\/de\/zielmarkte\/\",\"name\":\"Zielm\u00e4rkte - Bio-Textima - Bedding, Interior, Object\",\"isPartOf\":{\"@id\":\"https:\/\/cb.diff.hu\/de\/#website\"},\"primaryImageOfPage\":{\"@id\":\"https:\/\/cb.diff.hu\/de\/zielmarkte\/#primaryimage\"},\"image\":{\"@id\":\"https:\/\/cb.diff.hu\/de\/zielmarkte\/#primaryimage\"},\"thumbnailUrl\":\"https:\/\/contractbeds.eu\/wp-content\/uploads\/2021\/04\/77153266_s.jpg\",\"datePublished\":\"2020-12-02T15:31:49+00:00\",\"dateModified\":\"2025-02-24T14:12:31+00:00\",\"breadcrumb\":{\"@id\":\"https:\/\/cb.diff.hu\/de\/zielmarkte\/#breadcrumb\"},\"inLanguage\":\"de\",\"potentialAction\":[{\"@type\":\"ReadAction\",\"target\":[\"https:\/\/cb.diff.hu\/de\/zielmarkte\/\"]}]},{\"@type\":\"ImageObject\",\"inLanguage\":\"de\",\"@id\":\"https:\/\/cb.diff.hu\/de\/zielmarkte\/#primaryimage\",\"url\":\"https:\/\/contractbeds.eu\/wp-content\/uploads\/2021\/04\/77153266_s.jpg\",\"contentUrl\":\"https:\/\/contractbeds.eu\/wp-content\/uploads\/2021\/04\/77153266_s.jpg\"},{\"@type\":\"BreadcrumbList\",\"@id\":\"https:\/\/cb.diff.hu\/de\/zielmarkte\/#breadcrumb\",\"itemListElement\":[{\"@type\":\"ListItem\",\"position\":1,\"name\":\"Startseite\",\"item\":\"https:\/\/cb.diff.hu\/de\/\"},{\"@type\":\"ListItem\",\"position\":2,\"name\":\"Zielm\u00e4rkte\"}]},{\"@type\":\"WebSite\",\"@id\":\"https:\/\/cb.diff.hu\/de\/#website\",\"url\":\"https:\/\/cb.diff.hu\/de\/\",\"name\":\"Bio-Textima H\u00e1l\u00f3szoba Manufakt\u00fara\",\"description\":\"Betten und Matratzen f\u00fcr Hotels und Unterk\u00fcnfte\",\"publisher\":{\"@id\":\"https:\/\/cb.diff.hu\/de\/#organization\"},\"potentialAction\":[{\"@type\":\"SearchAction\",\"target\":{\"@type\":\"EntryPoint\",\"urlTemplate\":\"https:\/\/cb.diff.hu\/de\/?s={search_term_string}\"},\"query-input\":{\"@type\":\"PropertyValueSpecification\",\"valueRequired\":true,\"valueName\":\"search_term_string\"}}],\"inLanguage\":\"de\"},{\"@type\":\"Organization\",\"@id\":\"https:\/\/cb.diff.hu\/de\/#organization\",\"name\":\"BIO-TEXTIMA Kft.\",\"url\":\"https:\/\/cb.diff.hu\/de\/\",\"logo\":{\"@type\":\"ImageObject\",\"inLanguage\":\"de\",\"@id\":\"https:\/\/cb.diff.hu\/de\/#\/schema\/logo\/image\/\",\"url\":\"https:\/\/contractbeds.eu\/wp-content\/uploads\/2021\/03\/biotex_logo.jpg\",\"contentUrl\":\"https:\/\/contractbeds.eu\/wp-content\/uploads\/2021\/03\/biotex_logo.jpg\",\"width\":335,\"height\":149,\"caption\":\"BIO-TEXTIMA Kft.\"},\"image\":{\"@id\":\"https:\/\/cb.diff.hu\/de\/#\/schema\/logo\/image\/\"}}]}<\/script>\n<!-- \/ Yoast SEO plugin. -->","yoast_head_json":{"title":"Zielm\u00e4rkte - Bio-Textima - Bedding, Interior, Object","robots":{"index":"index","follow":"follow","max-snippet":"max-snippet:-1","max-image-preview":"max-image-preview:large","max-video-preview":"max-video-preview:-1"},"canonical":"https:\/\/cb.diff.hu\/de\/zielmarkte\/","og_locale":"de_DE","og_type":"article","og_title":"Zielm\u00e4rkte - Bio-Textima - Bedding, Interior, Object","og_description":"Unsere Zielm\u00e4rkte Neben unserer breiten Produktpalette f\u00fcr Privatkunden, haben sich in unserem Angebot auch Schlafzimmerm\u00f6bel und Bettsysteme f\u00fcr spezielle Nutzungsanspr\u00fcche etabliert. Unseren Partnern bieten wir somit den jeweiligen Bed\u00fcrfnissen entsprechende Ausstattung, Qualit\u00e4t, Haltbarkeit, Gr\u00f6\u00dfenangebot und eine g\u00fcnstige Preisbildung, die sich dem Volumen des Projektauftrags anpasst \u2013 von Gesundheitseinrichtungen mit ganz speziellen Anspr\u00fcchen, bis hin zu [&hellip;]","og_url":"https:\/\/cb.diff.hu\/de\/zielmarkte\/","og_site_name":"Bio-Textima - Bedding, Interior, Object","article_modified_time":"2025-02-24T14:12:31+00:00","og_image":[{"url":"https:\/\/contractbeds.eu\/wp-content\/uploads\/2021\/04\/77153266_s.jpg","type":"","width":"","height":""}],"twitter_card":"summary_large_image","twitter_misc":{"Gesch\u00e4tzte Lesezeit":"3\u00a0Minuten"},"schema":{"@context":"https:\/\/schema.org","@graph":[{"@type":"WebPage","@id":"https:\/\/cb.diff.hu\/de\/zielmarkte\/","url":"https:\/\/cb.diff.hu\/de\/zielmarkte\/","name":"Zielm\u00e4rkte - Bio-Textima - Bedding, Interior, Object","isPartOf":{"@id":"https:\/\/cb.diff.hu\/de\/#website"},"primaryImageOfPage":{"@id":"https:\/\/cb.diff.hu\/de\/zielmarkte\/#primaryimage"},"image":{"@id":"https:\/\/cb.diff.hu\/de\/zielmarkte\/#primaryimage"},"thumbnailUrl":"https:\/\/contractbeds.eu\/wp-content\/uploads\/2021\/04\/77153266_s.jpg","datePublished":"2020-12-02T15:31:49+00:00","dateModified":"2025-02-24T14:12:31+00:00","breadcrumb":{"@id":"https:\/\/cb.diff.hu\/de\/zielmarkte\/#breadcrumb"},"inLanguage":"de","potentialAction":[{"@type":"ReadAction","target":["https:\/\/cb.diff.hu\/de\/zielmarkte\/"]}]},{"@type":"ImageObject","inLanguage":"de","@id":"https:\/\/cb.diff.hu\/de\/zielmarkte\/#primaryimage","url":"https:\/\/contractbeds.eu\/wp-content\/uploads\/2021\/04\/77153266_s.jpg","contentUrl":"https:\/\/contractbeds.eu\/wp-content\/uploads\/2021\/04\/77153266_s.jpg"},{"@type":"BreadcrumbList","@id":"https:\/\/cb.diff.hu\/de\/zielmarkte\/#breadcrumb","itemListElement":[{"@type":"ListItem","position":1,"name":"Startseite","item":"https:\/\/cb.diff.hu\/de\/"},{"@type":"ListItem","position":2,"name":"Zielm\u00e4rkte"}]},{"@type":"WebSite","@id":"https:\/\/cb.diff.hu\/de\/#website","url":"https:\/\/cb.diff.hu\/de\/","name":"Bio-Textima H\u00e1l\u00f3szoba Manufakt\u00fara","description":"Betten und Matratzen f\u00fcr Hotels und Unterk\u00fcnfte","publisher":{"@id":"https:\/\/cb.diff.hu\/de\/#organization"},"potentialAction":[{"@type":"SearchAction","target":{"@type":"EntryPoint","urlTemplate":"https:\/\/cb.diff.hu\/de\/?s={search_term_string}"},"query-input":{"@type":"PropertyValueSpecification","valueRequired":true,"valueName":"search_term_string"}}],"inLanguage":"de"},{"@type":"Organization","@id":"https:\/\/cb.diff.hu\/de\/#organization","name":"BIO-TEXTIMA Kft.","url":"https:\/\/cb.diff.hu\/de\/","logo":{"@type":"ImageObject","inLanguage":"de","@id":"https:\/\/cb.diff.hu\/de\/#\/schema\/logo\/image\/","url":"https:\/\/contractbeds.eu\/wp-content\/uploads\/2021\/03\/biotex_logo.jpg","contentUrl":"https:\/\/contractbeds.eu\/wp-content\/uploads\/2021\/03\/biotex_logo.jpg","width":335,"height":149,"caption":"BIO-TEXTIMA Kft."},"image":{"@id":"https:\/\/cb.diff.hu\/de\/#\/schema\/logo\/image\/"}}]}},"_links":{"self":[{"href":"https:\/\/cb.diff.hu\/de\/wp-json\/wp\/v2\/pages\/8328","targetHints":{"allow":["GET"]}}],"collection":[{"href":"https:\/\/cb.diff.hu\/de\/wp-json\/wp\/v2\/pages"}],"about":[{"href":"https:\/\/cb.diff.hu\/de\/wp-json\/wp\/v2\/types\/page"}],"author":[{"embeddable":true,"href":"https:\/\/cb.diff.hu\/de\/wp-json\/wp\/v2\/users\/1"}],"replies":[{"embeddable":true,"href":"https:\/\/cb.diff.hu\/de\/wp-json\/wp\/v2\/comments?post=8328"}],"version-history":[{"count":0,"href":"https:\/\/cb.diff.hu\/de\/wp-json\/wp\/v2\/pages\/8328\/revisions"}],"wp:attachment":[{"href":"https:\/\/cb.diff.hu\/de\/wp-json\/wp\/v2\/media?parent=8328"}],"curies":[{"name":"wp","href":"https:\/\/api.w.org\/{rel}","templated":true}]}}