{"id":8340,"date":"2021-04-15T15:34:00","date_gmt":"2021-04-15T15:34:00","guid":{"rendered":"http:\/\/localhost\/individuelle-herstellung\/"},"modified":"2025-02-24T13:58:30","modified_gmt":"2025-02-24T13:58:30","slug":"individuelle-anfertigung","status":"publish","type":"page","link":"https:\/\/cb.diff.hu\/de\/individuelle-anfertigung\/","title":{"rendered":"Individuelle Anfertigung"},"content":{"rendered":"<h2>Individuelle Anfertigung<\/h2>\n<p>\t\t\t\t\t<img loading=\"lazy\" decoding=\"async\" alt=\"\" src=\"https:\/\/contractbeds.eu\/wp-content\/uploads\/2025\/02\/svgexport-1-kek.svg\" width=\"0\" height=\"0\" \/><\/p>\n<h3 style=\"\">Facherfahrungen<\/h3>\n<p> <!-- header --><\/p>\n<p>Mit einer Produktionserfahrung von 27 Jahren, erobert im Objektbereich f\u00fcr Hotellerie und Gesundheitswesen, stehen wir auch\u00a0 bei individuellen Projektanfragen gerne zur Verf\u00fcgung.<\/p>\n<p> <!-- description --><!-- porto-sicon-box --><br \/>\n\t\t\t\t\t<img loading=\"lazy\" decoding=\"async\" alt=\"\" src=\"https:\/\/contractbeds.eu\/wp-content\/uploads\/2025\/02\/svgexport-3-kek.svg\" width=\"0\" height=\"0\" \/><\/p>\n<h3 style=\"\">Referenzen<\/h3>\n<p> <!-- header --><\/p>\n<p>An unserer modernen, ISO-zertifizierten Produktionsst\u00e4tte haben wir in den vergangenen Jahren die Bettensysteme f\u00fcr zahlreiche Hotels, Hostels \/ Studentenwohnheime und Gesundheitseinrichtungen angefertigt.<\/p>\n<p> <!-- description --><!-- porto-sicon-box --><br \/>\n\t\t\t\t\t<img loading=\"lazy\" decoding=\"async\" alt=\"\" src=\"https:\/\/contractbeds.eu\/wp-content\/uploads\/2025\/02\/svgexport-2-kek.svg\" width=\"0\" height=\"0\" \/><\/p>\n<h3 style=\"\">Komplette Kundenservice<\/h3>\n<p> <!-- header --><\/p>\n<p>Wir f\u00fchren nicht nur ein reiches Standardangebot, sondern auch wir bieten die M\u00f6glichkeit an, Ihre Ware auch individuell\u00a0 zu gestalten und\/oder in Sondermasse anzufertigen.\u00a0Wir sind flexibell, und leisten eine kundenangepasste Service angefangen von der Projektierung bis auf die Montage vor Ort.<\/p>\n<p> <!-- description --><!-- porto-sicon-box --><br \/>\n\t\t\t\t\t\t\t\t\t\t\t\t\t\t\t<img loading=\"lazy\" decoding=\"async\" width=\"847\" height=\"565\" src=\"https:\/\/contractbeds.eu\/wp-content\/uploads\/2021\/04\/44932333_s.jpg\" alt=\"egyedi-gyartasu-matracok-agyak\" srcset=\"https:\/\/contractbeds.eu\/wp-content\/uploads\/2021\/04\/44932333_s.jpg 847w, https:\/\/contractbeds.eu\/wp-content\/uploads\/2021\/04\/44932333_s-768x512.jpg 768w, https:\/\/contractbeds.eu\/wp-content\/uploads\/2021\/04\/44932333_s-640x427.jpg 640w, https:\/\/contractbeds.eu\/wp-content\/uploads\/2021\/04\/44932333_s-400x267.jpg 400w, https:\/\/contractbeds.eu\/wp-content\/uploads\/2021\/04\/44932333_s-367x245.jpg 367w, https:\/\/contractbeds.eu\/wp-content\/uploads\/2021\/04\/44932333_s-600x400.jpg 600w\" sizes=\"auto, (max-width: 847px) 100vw, 847px\" \/><br \/>\n\t\t\n<div class=\"wpcf7 no-js\" id=\"wpcf7-f8502-o1\" lang=\"hu-HU\" dir=\"ltr\" data-wpcf7-id=\"8502\">\n<div class=\"screen-reader-response\"><p role=\"status\" aria-live=\"polite\" aria-atomic=\"true\"><\/p> <ul><\/ul><\/div>\n<form action=\"\/de\/wp-json\/wp\/v2\/pages\/8340#wpcf7-f8502-o1\" method=\"post\" class=\"wpcf7-form init\" aria-label=\"Kapcsolatfelv\u00e9teli \u0171rlap\" novalidate=\"novalidate\" data-status=\"init\">\n<div style=\"display: none;\">\n<input type=\"hidden\" name=\"_wpcf7\" value=\"8502\" \/>\n<input type=\"hidden\" name=\"_wpcf7_version\" value=\"6.0.3\" \/>\n<input type=\"hidden\" name=\"_wpcf7_locale\" value=\"hu_HU\" \/>\n<input type=\"hidden\" name=\"_wpcf7_unit_tag\" value=\"wpcf7-f8502-o1\" \/>\n<input type=\"hidden\" name=\"_wpcf7_container_post\" value=\"0\" \/>\n<input type=\"hidden\" name=\"_wpcf7_posted_data_hash\" value=\"\" \/>\n<input type=\"hidden\" name=\"_wpcf7_recaptcha_response\" value=\"\" \/>\n<\/div>\n<p><label> Ihre Name<br \/>\n<span class=\"wpcf7-form-control-wrap\" data-name=\"your-name\"><input size=\"40\" maxlength=\"400\" class=\"wpcf7-form-control wpcf7-text wpcf7-validates-as-required\" aria-required=\"true\" aria-invalid=\"false\" value=\"\" type=\"text\" name=\"your-name\" \/><\/span> <\/label>\n<\/p>\n<p><label> Ihre E-Mail-Adresse<br \/>\n<span class=\"wpcf7-form-control-wrap\" data-name=\"your-email\"><input size=\"40\" maxlength=\"400\" class=\"wpcf7-form-control wpcf7-email wpcf7-validates-as-required wpcf7-text wpcf7-validates-as-email\" aria-required=\"true\" aria-invalid=\"false\" value=\"\" type=\"email\" name=\"your-email\" \/><\/span> <\/label>\n<\/p>\n<p><label> Betreff<br \/>\n<span class=\"wpcf7-form-control-wrap\" data-name=\"your-subject\"><input size=\"40\" maxlength=\"400\" class=\"wpcf7-form-control wpcf7-text wpcf7-validates-as-required\" aria-required=\"true\" aria-invalid=\"false\" value=\"\" type=\"text\" name=\"your-subject\" \/><\/span> <\/label>\n<\/p>\n<p><label> Ihre Nachricht<br \/>\n<span class=\"wpcf7-form-control-wrap\" data-name=\"your-message\"><textarea cols=\"40\" rows=\"10\" maxlength=\"2000\" class=\"wpcf7-form-control wpcf7-textarea wpcf7-validates-as-required\" aria-required=\"true\" aria-invalid=\"false\" name=\"your-message\"><\/textarea><\/span> <\/label>\n<\/p>\n<p><span class=\"wpcf7-form-control-wrap\" data-name=\"acceptance-privacy\"><span class=\"wpcf7-form-control wpcf7-acceptance\"><span class=\"wpcf7-list-item\"><label><input type=\"checkbox\" name=\"acceptance-privacy\" value=\"1\" aria-invalid=\"false\" \/><span class=\"wpcf7-list-item-label\">Die <a href=\"#\">Datenschutzerkl\u00e4rung<\/a> habe ich gelesen und akzeptiert.<\/span><\/label><\/span><\/span><\/span>\n<\/p>\n<p><input class=\"wpcf7-form-control wpcf7-submit has-spinner\" type=\"submit\" value=\"Senden\" \/>\n<\/p><div class=\"wpcf7-response-output\" aria-hidden=\"true\"><\/div>\n<\/form>\n<\/div>\n\t\t<\/p>\n<h4>Haben Sie eine Frage?<\/h4>\n<p>Wenden Sie sich mit Ihrer Angebotsanfrage, Ihren Fragen und Vorstellungen vertrauensvoll an uns!<\/p>\n<h4>Kontaktdaten<\/h4>\n<h3 style=\"\"><b>Adresse:<\/b> 9167 B\u0151s\u00e1rk\u00e1ny, Ipar u. 1.<\/h3>\n<p> <!-- header --><!-- porto-sicon-box -->\t\t\t\t<\/p>\n<h3 style=\"\"><b>Telefonnummern:<\/b><\/h3>\n<p> <!-- header --><!-- porto-sicon-box -->\t\t\t\t<\/p>\n<h3 style=\"\"><b>HU:<\/b> <a href=\"tel:+36209151369\">+36209151369<\/a><\/h3>\n<p> <!-- header --><!-- porto-sicon-box -->\t\t\t\t<\/p>\n<h3 style=\"\"><b>AUT:<\/b> <a href=\"tel:+36705877246\">+36705877246<\/a><\/h3>\n<p> <!-- header --><!-- porto-sicon-box -->\t\t\t\t<\/p>\n<h3 style=\"\"><b>ENG\/DE\/CH:<\/b> <a href=\"tel:+36204602497\">+36204602497<\/a><\/h3>\n<p> <!-- header --><!-- porto-sicon-box -->\t\t\t\t<\/p>\n<h3 style=\"\"><b>Email:<\/b> <a href=\"mailto:voros.gabor@bio-textima.hu\">voros.gabor@bio-textima.hu<\/a><\/h3>\n<p> <!-- header --><!-- porto-sicon-box -->\t\t\t\t<\/p>\n<h4>\u00d6ffnungszeiten<\/h4>\n<h3 style=\"\">Mon &#8211; Fri: 8 &#8211; 16<\/h3>\n<p> <!-- header --><!-- porto-sicon-box --><\/p>\n","protected":false},"excerpt":{"rendered":"<p>Individuelle Anfertigung Facherfahrungen Mit einer Produktionserfahrung von 27 Jahren, erobert im Objektbereich f\u00fcr Hotellerie und Gesundheitswesen, stehen wir auch\u00a0 bei individuellen Projektanfragen gerne zur Verf\u00fcgung. Referenzen An unserer modernen, ISO-zertifizierten Produktionsst\u00e4tte haben wir in den vergangenen Jahren die Bettensysteme f\u00fcr zahlreiche Hotels, Hostels \/ Studentenwohnheime und Gesundheitseinrichtungen angefertigt. Komplette Kundenservice Wir f\u00fchren nicht nur ein [&hellip;]<\/p>\n","protected":false},"author":1,"featured_media":0,"parent":0,"menu_order":0,"comment_status":"closed","ping_status":"closed","template":"","meta":{"footnotes":""},"class_list":["post-8340","page","type-page","status-publish","hentry"],"yoast_head":"<!-- This site is optimized with the Yoast SEO plugin v24.4 - https:\/\/yoast.com\/wordpress\/plugins\/seo\/ -->\n<title>Individuelle Anfertigung - Bio-Textima - Bedding, Interior, Object<\/title>\n<meta name=\"robots\" content=\"index, follow, max-snippet:-1, max-image-preview:large, max-video-preview:-1\" \/>\n<link rel=\"canonical\" href=\"https:\/\/cb.diff.hu\/de\/individuelle-anfertigung\/\" \/>\n<meta property=\"og:locale\" content=\"de_DE\" \/>\n<meta property=\"og:type\" content=\"article\" \/>\n<meta property=\"og:title\" content=\"Individuelle Anfertigung - Bio-Textima - Bedding, Interior, Object\" \/>\n<meta property=\"og:description\" content=\"Individuelle Anfertigung Facherfahrungen Mit einer Produktionserfahrung von 27 Jahren, erobert im Objektbereich f\u00fcr Hotellerie und Gesundheitswesen, stehen wir auch\u00a0 bei individuellen Projektanfragen gerne zur Verf\u00fcgung. Referenzen An unserer modernen, ISO-zertifizierten Produktionsst\u00e4tte haben wir in den vergangenen Jahren die Bettensysteme f\u00fcr zahlreiche Hotels, Hostels \/ Studentenwohnheime und Gesundheitseinrichtungen angefertigt. Komplette Kundenservice Wir f\u00fchren nicht nur ein [&hellip;]\" \/>\n<meta property=\"og:url\" content=\"https:\/\/cb.diff.hu\/de\/individuelle-anfertigung\/\" \/>\n<meta property=\"og:site_name\" content=\"Bio-Textima - Bedding, Interior, Object\" \/>\n<meta property=\"article:modified_time\" content=\"2025-02-24T13:58:30+00:00\" \/>\n<meta property=\"og:image\" content=\"https:\/\/contractbeds.eu\/wp-content\/uploads\/2025\/02\/svgexport-1-kek.svg\" \/>\n<meta name=\"twitter:card\" content=\"summary_large_image\" \/>\n<meta name=\"twitter:label1\" content=\"Gesch\u00e4tzte Lesezeit\" \/>\n\t<meta name=\"twitter:data1\" content=\"2\u00a0Minuten\" \/>\n<script type=\"application\/ld+json\" class=\"yoast-schema-graph\">{\"@context\":\"https:\/\/schema.org\",\"@graph\":[{\"@type\":\"WebPage\",\"@id\":\"https:\/\/cb.diff.hu\/de\/individuelle-anfertigung\/\",\"url\":\"https:\/\/cb.diff.hu\/de\/individuelle-anfertigung\/\",\"name\":\"Individuelle Anfertigung - Bio-Textima - Bedding, Interior, Object\",\"isPartOf\":{\"@id\":\"https:\/\/cb.diff.hu\/de\/#website\"},\"primaryImageOfPage\":{\"@id\":\"https:\/\/cb.diff.hu\/de\/individuelle-anfertigung\/#primaryimage\"},\"image\":{\"@id\":\"https:\/\/cb.diff.hu\/de\/individuelle-anfertigung\/#primaryimage\"},\"thumbnailUrl\":\"https:\/\/contractbeds.eu\/wp-content\/uploads\/2025\/02\/svgexport-1-kek.svg\",\"datePublished\":\"2021-04-15T15:34:00+00:00\",\"dateModified\":\"2025-02-24T13:58:30+00:00\",\"breadcrumb\":{\"@id\":\"https:\/\/cb.diff.hu\/de\/individuelle-anfertigung\/#breadcrumb\"},\"inLanguage\":\"de\",\"potentialAction\":[{\"@type\":\"ReadAction\",\"target\":[\"https:\/\/cb.diff.hu\/de\/individuelle-anfertigung\/\"]}]},{\"@type\":\"ImageObject\",\"inLanguage\":\"de\",\"@id\":\"https:\/\/cb.diff.hu\/de\/individuelle-anfertigung\/#primaryimage\",\"url\":\"https:\/\/contractbeds.eu\/wp-content\/uploads\/2025\/02\/svgexport-1-kek.svg\",\"contentUrl\":\"https:\/\/contractbeds.eu\/wp-content\/uploads\/2025\/02\/svgexport-1-kek.svg\"},{\"@type\":\"BreadcrumbList\",\"@id\":\"https:\/\/cb.diff.hu\/de\/individuelle-anfertigung\/#breadcrumb\",\"itemListElement\":[{\"@type\":\"ListItem\",\"position\":1,\"name\":\"Startseite\",\"item\":\"https:\/\/cb.diff.hu\/de\/\"},{\"@type\":\"ListItem\",\"position\":2,\"name\":\"Individuelle Anfertigung\"}]},{\"@type\":\"WebSite\",\"@id\":\"https:\/\/cb.diff.hu\/de\/#website\",\"url\":\"https:\/\/cb.diff.hu\/de\/\",\"name\":\"Bio-Textima H\u00e1l\u00f3szoba Manufakt\u00fara\",\"description\":\"Betten und Matratzen f\u00fcr Hotels und Unterk\u00fcnfte\",\"publisher\":{\"@id\":\"https:\/\/cb.diff.hu\/de\/#organization\"},\"potentialAction\":[{\"@type\":\"SearchAction\",\"target\":{\"@type\":\"EntryPoint\",\"urlTemplate\":\"https:\/\/cb.diff.hu\/de\/?s={search_term_string}\"},\"query-input\":{\"@type\":\"PropertyValueSpecification\",\"valueRequired\":true,\"valueName\":\"search_term_string\"}}],\"inLanguage\":\"de\"},{\"@type\":\"Organization\",\"@id\":\"https:\/\/cb.diff.hu\/de\/#organization\",\"name\":\"BIO-TEXTIMA Kft.\",\"url\":\"https:\/\/cb.diff.hu\/de\/\",\"logo\":{\"@type\":\"ImageObject\",\"inLanguage\":\"de\",\"@id\":\"https:\/\/cb.diff.hu\/de\/#\/schema\/logo\/image\/\",\"url\":\"https:\/\/contractbeds.eu\/wp-content\/uploads\/2021\/03\/biotex_logo.jpg\",\"contentUrl\":\"https:\/\/contractbeds.eu\/wp-content\/uploads\/2021\/03\/biotex_logo.jpg\",\"width\":335,\"height\":149,\"caption\":\"BIO-TEXTIMA Kft.\"},\"image\":{\"@id\":\"https:\/\/cb.diff.hu\/de\/#\/schema\/logo\/image\/\"}}]}<\/script>\n<!-- \/ Yoast SEO plugin. -->","yoast_head_json":{"title":"Individuelle Anfertigung - Bio-Textima - Bedding, Interior, Object","robots":{"index":"index","follow":"follow","max-snippet":"max-snippet:-1","max-image-preview":"max-image-preview:large","max-video-preview":"max-video-preview:-1"},"canonical":"https:\/\/cb.diff.hu\/de\/individuelle-anfertigung\/","og_locale":"de_DE","og_type":"article","og_title":"Individuelle Anfertigung - Bio-Textima - Bedding, Interior, Object","og_description":"Individuelle Anfertigung Facherfahrungen Mit einer Produktionserfahrung von 27 Jahren, erobert im Objektbereich f\u00fcr Hotellerie und Gesundheitswesen, stehen wir auch\u00a0 bei individuellen Projektanfragen gerne zur Verf\u00fcgung. Referenzen An unserer modernen, ISO-zertifizierten Produktionsst\u00e4tte haben wir in den vergangenen Jahren die Bettensysteme f\u00fcr zahlreiche Hotels, Hostels \/ Studentenwohnheime und Gesundheitseinrichtungen angefertigt. Komplette Kundenservice Wir f\u00fchren nicht nur ein [&hellip;]","og_url":"https:\/\/cb.diff.hu\/de\/individuelle-anfertigung\/","og_site_name":"Bio-Textima - Bedding, Interior, Object","article_modified_time":"2025-02-24T13:58:30+00:00","og_image":[{"url":"https:\/\/contractbeds.eu\/wp-content\/uploads\/2025\/02\/svgexport-1-kek.svg","type":"","width":"","height":""}],"twitter_card":"summary_large_image","twitter_misc":{"Gesch\u00e4tzte Lesezeit":"2\u00a0Minuten"},"schema":{"@context":"https:\/\/schema.org","@graph":[{"@type":"WebPage","@id":"https:\/\/cb.diff.hu\/de\/individuelle-anfertigung\/","url":"https:\/\/cb.diff.hu\/de\/individuelle-anfertigung\/","name":"Individuelle Anfertigung - Bio-Textima - Bedding, Interior, Object","isPartOf":{"@id":"https:\/\/cb.diff.hu\/de\/#website"},"primaryImageOfPage":{"@id":"https:\/\/cb.diff.hu\/de\/individuelle-anfertigung\/#primaryimage"},"image":{"@id":"https:\/\/cb.diff.hu\/de\/individuelle-anfertigung\/#primaryimage"},"thumbnailUrl":"https:\/\/contractbeds.eu\/wp-content\/uploads\/2025\/02\/svgexport-1-kek.svg","datePublished":"2021-04-15T15:34:00+00:00","dateModified":"2025-02-24T13:58:30+00:00","breadcrumb":{"@id":"https:\/\/cb.diff.hu\/de\/individuelle-anfertigung\/#breadcrumb"},"inLanguage":"de","potentialAction":[{"@type":"ReadAction","target":["https:\/\/cb.diff.hu\/de\/individuelle-anfertigung\/"]}]},{"@type":"ImageObject","inLanguage":"de","@id":"https:\/\/cb.diff.hu\/de\/individuelle-anfertigung\/#primaryimage","url":"https:\/\/contractbeds.eu\/wp-content\/uploads\/2025\/02\/svgexport-1-kek.svg","contentUrl":"https:\/\/contractbeds.eu\/wp-content\/uploads\/2025\/02\/svgexport-1-kek.svg"},{"@type":"BreadcrumbList","@id":"https:\/\/cb.diff.hu\/de\/individuelle-anfertigung\/#breadcrumb","itemListElement":[{"@type":"ListItem","position":1,"name":"Startseite","item":"https:\/\/cb.diff.hu\/de\/"},{"@type":"ListItem","position":2,"name":"Individuelle Anfertigung"}]},{"@type":"WebSite","@id":"https:\/\/cb.diff.hu\/de\/#website","url":"https:\/\/cb.diff.hu\/de\/","name":"Bio-Textima H\u00e1l\u00f3szoba Manufakt\u00fara","description":"Betten und Matratzen f\u00fcr Hotels und Unterk\u00fcnfte","publisher":{"@id":"https:\/\/cb.diff.hu\/de\/#organization"},"potentialAction":[{"@type":"SearchAction","target":{"@type":"EntryPoint","urlTemplate":"https:\/\/cb.diff.hu\/de\/?s={search_term_string}"},"query-input":{"@type":"PropertyValueSpecification","valueRequired":true,"valueName":"search_term_string"}}],"inLanguage":"de"},{"@type":"Organization","@id":"https:\/\/cb.diff.hu\/de\/#organization","name":"BIO-TEXTIMA Kft.","url":"https:\/\/cb.diff.hu\/de\/","logo":{"@type":"ImageObject","inLanguage":"de","@id":"https:\/\/cb.diff.hu\/de\/#\/schema\/logo\/image\/","url":"https:\/\/contractbeds.eu\/wp-content\/uploads\/2021\/03\/biotex_logo.jpg","contentUrl":"https:\/\/contractbeds.eu\/wp-content\/uploads\/2021\/03\/biotex_logo.jpg","width":335,"height":149,"caption":"BIO-TEXTIMA Kft."},"image":{"@id":"https:\/\/cb.diff.hu\/de\/#\/schema\/logo\/image\/"}}]}},"_links":{"self":[{"href":"https:\/\/cb.diff.hu\/de\/wp-json\/wp\/v2\/pages\/8340","targetHints":{"allow":["GET"]}}],"collection":[{"href":"https:\/\/cb.diff.hu\/de\/wp-json\/wp\/v2\/pages"}],"about":[{"href":"https:\/\/cb.diff.hu\/de\/wp-json\/wp\/v2\/types\/page"}],"author":[{"embeddable":true,"href":"https:\/\/cb.diff.hu\/de\/wp-json\/wp\/v2\/users\/1"}],"replies":[{"embeddable":true,"href":"https:\/\/cb.diff.hu\/de\/wp-json\/wp\/v2\/comments?post=8340"}],"version-history":[{"count":0,"href":"https:\/\/cb.diff.hu\/de\/wp-json\/wp\/v2\/pages\/8340\/revisions"}],"wp:attachment":[{"href":"https:\/\/cb.diff.hu\/de\/wp-json\/wp\/v2\/media?parent=8340"}],"curies":[{"name":"wp","href":"https:\/\/api.w.org\/{rel}","templated":true}]}}