{"id":8366,"date":"2021-04-15T15:56:07","date_gmt":"2021-04-15T15:56:07","guid":{"rendered":"http:\/\/localhost\/downloads\/"},"modified":"2021-08-03T14:05:23","modified_gmt":"2021-08-03T14:05:23","slug":"downloads","status":"publish","type":"page","link":"https:\/\/cb.diff.hu\/de\/downloads\/","title":{"rendered":"Downloads"},"content":{"rendered":"<h2>Downloads<\/h2>\n<p>\t\t\t\t\t\t\t\t\t\t\t\t<img decoding=\"async\" width=\"1024\" height=\"721\" src=\"https:\/\/contractbeds.eu\/wp-content\/uploads\/2021\/08\/variostyle_de-1024x721.jpg\" alt=\"\" loading=\"lazy\" srcset=\"https:\/\/contractbeds.eu\/wp-content\/uploads\/2021\/08\/variostyle_de-1024x721.jpg 1024w, https:\/\/contractbeds.eu\/wp-content\/uploads\/2021\/08\/variostyle_de-768x541.jpg 768w, https:\/\/contractbeds.eu\/wp-content\/uploads\/2021\/08\/variostyle_de-640x451.jpg 640w, https:\/\/contractbeds.eu\/wp-content\/uploads\/2021\/08\/variostyle_de-400x282.jpg 400w, https:\/\/contractbeds.eu\/wp-content\/uploads\/2021\/08\/variostyle_de-367x258.jpg 367w, https:\/\/contractbeds.eu\/wp-content\/uploads\/2021\/08\/variostyle_de-600x422.jpg 600w\" sizes=\"auto, (max-width: 1024px) 100vw, 1024px\" \/>\t\t\t\t\t\t\t\t\t\t\t\t\t\t<\/p>\n<h3 style=\"\">VarioStyle Boxspring-Katalog<\/h3>\n<p> <!-- header --><!-- porto-sicon-box --><br \/>\n\t\t\t<a href=\"\/wp-content\/uploads\/2021\/08\/variostyle_catalog_de.pdf\" role=\"button\"><br \/>\n\t\t\t\t\t\tHerunterladen<br \/>\n\t\t\t\t\t<\/a><\/p>\n<h3 style=\"\">Let\u00f6lt\u00e9s neve<\/h3>\n<p> <!-- header -->Lorem ipsum dolor sit amet, consectetur le\u00edr\u00e1s sz\u00f6veg, ami r\u00f6viden le\u00edrja, mire sz\u00e1m\u00edtson a felhaszn\u00e1l\u00f3 a let\u00f6lt\u00f6tt f\u00e1jlban. <!-- description --><!-- porto-sicon-box --><br \/>\n\t\t\t<a href=\"#\" role=\"button\"><br \/>\n\t\t\t\t\t\tKlicken hier<br \/>\n\t\t\t\t\t<\/a><\/p>\n<h3 style=\"\">Let\u00f6lt\u00e9s neve<\/h3>\n<p> <!-- header -->Lorem ipsum dolor sit amet, consectetur le\u00edr\u00e1s sz\u00f6veg, ami r\u00f6viden le\u00edrja, mire sz\u00e1m\u00edtson a felhaszn\u00e1l\u00f3 a let\u00f6lt\u00f6tt f\u00e1jlban. <!-- description --><!-- porto-sicon-box --><br \/>\n\t\t\t<a href=\"#\" role=\"button\"><br \/>\n\t\t\t\t\t\tKlicken hier<br \/>\n\t\t\t\t\t<\/a><\/p>\n","protected":false},"excerpt":{"rendered":"<p>Downloads VarioStyle Boxspring-Katalog Herunterladen Let\u00f6lt\u00e9s neve Lorem ipsum dolor sit amet, consectetur le\u00edr\u00e1s sz\u00f6veg, ami r\u00f6viden le\u00edrja, mire sz\u00e1m\u00edtson a felhaszn\u00e1l\u00f3 a let\u00f6lt\u00f6tt f\u00e1jlban. Klicken hier Let\u00f6lt\u00e9s neve Lorem ipsum dolor sit amet, consectetur le\u00edr\u00e1s sz\u00f6veg, ami r\u00f6viden le\u00edrja, mire sz\u00e1m\u00edtson a felhaszn\u00e1l\u00f3 a let\u00f6lt\u00f6tt f\u00e1jlban. Klicken hier<\/p>\n","protected":false},"author":1,"featured_media":0,"parent":0,"menu_order":0,"comment_status":"closed","ping_status":"closed","template":"","meta":{"footnotes":""},"class_list":["post-8366","page","type-page","status-publish","hentry"],"yoast_head":"<!-- This site is optimized with the Yoast SEO plugin v24.4 - https:\/\/yoast.com\/wordpress\/plugins\/seo\/ -->\n<title>Downloads - Bio-Textima - Bedding, Interior, Object<\/title>\n<meta name=\"robots\" content=\"index, follow, max-snippet:-1, max-image-preview:large, max-video-preview:-1\" \/>\n<link rel=\"canonical\" href=\"https:\/\/cb.diff.hu\/de\/downloads\/\" \/>\n<meta property=\"og:locale\" content=\"de_DE\" \/>\n<meta property=\"og:type\" content=\"article\" \/>\n<meta property=\"og:title\" content=\"Downloads - Bio-Textima - Bedding, Interior, Object\" \/>\n<meta property=\"og:description\" content=\"Downloads VarioStyle Boxspring-Katalog Herunterladen Let\u00f6lt\u00e9s neve Lorem ipsum dolor sit amet, consectetur le\u00edr\u00e1s sz\u00f6veg, ami r\u00f6viden le\u00edrja, mire sz\u00e1m\u00edtson a felhaszn\u00e1l\u00f3 a let\u00f6lt\u00f6tt f\u00e1jlban. Klicken hier Let\u00f6lt\u00e9s neve Lorem ipsum dolor sit amet, consectetur le\u00edr\u00e1s sz\u00f6veg, ami r\u00f6viden le\u00edrja, mire sz\u00e1m\u00edtson a felhaszn\u00e1l\u00f3 a let\u00f6lt\u00f6tt f\u00e1jlban. Klicken hier\" \/>\n<meta property=\"og:url\" content=\"https:\/\/cb.diff.hu\/de\/downloads\/\" \/>\n<meta property=\"og:site_name\" content=\"Bio-Textima - Bedding, Interior, Object\" \/>\n<meta property=\"article:modified_time\" content=\"2021-08-03T14:05:23+00:00\" \/>\n<meta property=\"og:image\" content=\"https:\/\/contractbeds.eu\/wp-content\/uploads\/2021\/08\/variostyle_de-1024x721.jpg\" \/>\n<meta name=\"twitter:card\" content=\"summary_large_image\" \/>\n<meta name=\"twitter:label1\" content=\"Gesch\u00e4tzte Lesezeit\" \/>\n\t<meta name=\"twitter:data1\" content=\"1\u00a0Minute\" \/>\n<script type=\"application\/ld+json\" class=\"yoast-schema-graph\">{\"@context\":\"https:\/\/schema.org\",\"@graph\":[{\"@type\":\"WebPage\",\"@id\":\"https:\/\/cb.diff.hu\/de\/downloads\/\",\"url\":\"https:\/\/cb.diff.hu\/de\/downloads\/\",\"name\":\"Downloads - Bio-Textima - Bedding, Interior, Object\",\"isPartOf\":{\"@id\":\"https:\/\/cb.diff.hu\/de\/#website\"},\"primaryImageOfPage\":{\"@id\":\"https:\/\/cb.diff.hu\/de\/downloads\/#primaryimage\"},\"image\":{\"@id\":\"https:\/\/cb.diff.hu\/de\/downloads\/#primaryimage\"},\"thumbnailUrl\":\"https:\/\/contractbeds.eu\/wp-content\/uploads\/2021\/08\/variostyle_de-1024x721.jpg\",\"datePublished\":\"2021-04-15T15:56:07+00:00\",\"dateModified\":\"2021-08-03T14:05:23+00:00\",\"breadcrumb\":{\"@id\":\"https:\/\/cb.diff.hu\/de\/downloads\/#breadcrumb\"},\"inLanguage\":\"de\",\"potentialAction\":[{\"@type\":\"ReadAction\",\"target\":[\"https:\/\/cb.diff.hu\/de\/downloads\/\"]}]},{\"@type\":\"ImageObject\",\"inLanguage\":\"de\",\"@id\":\"https:\/\/cb.diff.hu\/de\/downloads\/#primaryimage\",\"url\":\"https:\/\/contractbeds.eu\/wp-content\/uploads\/2021\/08\/variostyle_de-1024x721.jpg\",\"contentUrl\":\"https:\/\/contractbeds.eu\/wp-content\/uploads\/2021\/08\/variostyle_de-1024x721.jpg\"},{\"@type\":\"BreadcrumbList\",\"@id\":\"https:\/\/cb.diff.hu\/de\/downloads\/#breadcrumb\",\"itemListElement\":[{\"@type\":\"ListItem\",\"position\":1,\"name\":\"Startseite\",\"item\":\"https:\/\/cb.diff.hu\/de\/\"},{\"@type\":\"ListItem\",\"position\":2,\"name\":\"Downloads\"}]},{\"@type\":\"WebSite\",\"@id\":\"https:\/\/cb.diff.hu\/de\/#website\",\"url\":\"https:\/\/cb.diff.hu\/de\/\",\"name\":\"Bio-Textima H\u00e1l\u00f3szoba Manufakt\u00fara\",\"description\":\"Betten und Matratzen f\u00fcr Hotels und Unterk\u00fcnfte\",\"publisher\":{\"@id\":\"https:\/\/cb.diff.hu\/de\/#organization\"},\"potentialAction\":[{\"@type\":\"SearchAction\",\"target\":{\"@type\":\"EntryPoint\",\"urlTemplate\":\"https:\/\/cb.diff.hu\/de\/?s={search_term_string}\"},\"query-input\":{\"@type\":\"PropertyValueSpecification\",\"valueRequired\":true,\"valueName\":\"search_term_string\"}}],\"inLanguage\":\"de\"},{\"@type\":\"Organization\",\"@id\":\"https:\/\/cb.diff.hu\/de\/#organization\",\"name\":\"BIO-TEXTIMA Kft.\",\"url\":\"https:\/\/cb.diff.hu\/de\/\",\"logo\":{\"@type\":\"ImageObject\",\"inLanguage\":\"de\",\"@id\":\"https:\/\/cb.diff.hu\/de\/#\/schema\/logo\/image\/\",\"url\":\"https:\/\/contractbeds.eu\/wp-content\/uploads\/2021\/03\/biotex_logo.jpg\",\"contentUrl\":\"https:\/\/contractbeds.eu\/wp-content\/uploads\/2021\/03\/biotex_logo.jpg\",\"width\":335,\"height\":149,\"caption\":\"BIO-TEXTIMA Kft.\"},\"image\":{\"@id\":\"https:\/\/cb.diff.hu\/de\/#\/schema\/logo\/image\/\"}}]}<\/script>\n<!-- \/ Yoast SEO plugin. -->","yoast_head_json":{"title":"Downloads - Bio-Textima - Bedding, Interior, Object","robots":{"index":"index","follow":"follow","max-snippet":"max-snippet:-1","max-image-preview":"max-image-preview:large","max-video-preview":"max-video-preview:-1"},"canonical":"https:\/\/cb.diff.hu\/de\/downloads\/","og_locale":"de_DE","og_type":"article","og_title":"Downloads - Bio-Textima - Bedding, Interior, Object","og_description":"Downloads VarioStyle Boxspring-Katalog Herunterladen Let\u00f6lt\u00e9s neve Lorem ipsum dolor sit amet, consectetur le\u00edr\u00e1s sz\u00f6veg, ami r\u00f6viden le\u00edrja, mire sz\u00e1m\u00edtson a felhaszn\u00e1l\u00f3 a let\u00f6lt\u00f6tt f\u00e1jlban. Klicken hier Let\u00f6lt\u00e9s neve Lorem ipsum dolor sit amet, consectetur le\u00edr\u00e1s sz\u00f6veg, ami r\u00f6viden le\u00edrja, mire sz\u00e1m\u00edtson a felhaszn\u00e1l\u00f3 a let\u00f6lt\u00f6tt f\u00e1jlban. Klicken hier","og_url":"https:\/\/cb.diff.hu\/de\/downloads\/","og_site_name":"Bio-Textima - Bedding, Interior, Object","article_modified_time":"2021-08-03T14:05:23+00:00","og_image":[{"url":"https:\/\/contractbeds.eu\/wp-content\/uploads\/2021\/08\/variostyle_de-1024x721.jpg","type":"","width":"","height":""}],"twitter_card":"summary_large_image","twitter_misc":{"Gesch\u00e4tzte Lesezeit":"1\u00a0Minute"},"schema":{"@context":"https:\/\/schema.org","@graph":[{"@type":"WebPage","@id":"https:\/\/cb.diff.hu\/de\/downloads\/","url":"https:\/\/cb.diff.hu\/de\/downloads\/","name":"Downloads - Bio-Textima - Bedding, Interior, Object","isPartOf":{"@id":"https:\/\/cb.diff.hu\/de\/#website"},"primaryImageOfPage":{"@id":"https:\/\/cb.diff.hu\/de\/downloads\/#primaryimage"},"image":{"@id":"https:\/\/cb.diff.hu\/de\/downloads\/#primaryimage"},"thumbnailUrl":"https:\/\/contractbeds.eu\/wp-content\/uploads\/2021\/08\/variostyle_de-1024x721.jpg","datePublished":"2021-04-15T15:56:07+00:00","dateModified":"2021-08-03T14:05:23+00:00","breadcrumb":{"@id":"https:\/\/cb.diff.hu\/de\/downloads\/#breadcrumb"},"inLanguage":"de","potentialAction":[{"@type":"ReadAction","target":["https:\/\/cb.diff.hu\/de\/downloads\/"]}]},{"@type":"ImageObject","inLanguage":"de","@id":"https:\/\/cb.diff.hu\/de\/downloads\/#primaryimage","url":"https:\/\/contractbeds.eu\/wp-content\/uploads\/2021\/08\/variostyle_de-1024x721.jpg","contentUrl":"https:\/\/contractbeds.eu\/wp-content\/uploads\/2021\/08\/variostyle_de-1024x721.jpg"},{"@type":"BreadcrumbList","@id":"https:\/\/cb.diff.hu\/de\/downloads\/#breadcrumb","itemListElement":[{"@type":"ListItem","position":1,"name":"Startseite","item":"https:\/\/cb.diff.hu\/de\/"},{"@type":"ListItem","position":2,"name":"Downloads"}]},{"@type":"WebSite","@id":"https:\/\/cb.diff.hu\/de\/#website","url":"https:\/\/cb.diff.hu\/de\/","name":"Bio-Textima H\u00e1l\u00f3szoba Manufakt\u00fara","description":"Betten und Matratzen f\u00fcr Hotels und Unterk\u00fcnfte","publisher":{"@id":"https:\/\/cb.diff.hu\/de\/#organization"},"potentialAction":[{"@type":"SearchAction","target":{"@type":"EntryPoint","urlTemplate":"https:\/\/cb.diff.hu\/de\/?s={search_term_string}"},"query-input":{"@type":"PropertyValueSpecification","valueRequired":true,"valueName":"search_term_string"}}],"inLanguage":"de"},{"@type":"Organization","@id":"https:\/\/cb.diff.hu\/de\/#organization","name":"BIO-TEXTIMA Kft.","url":"https:\/\/cb.diff.hu\/de\/","logo":{"@type":"ImageObject","inLanguage":"de","@id":"https:\/\/cb.diff.hu\/de\/#\/schema\/logo\/image\/","url":"https:\/\/contractbeds.eu\/wp-content\/uploads\/2021\/03\/biotex_logo.jpg","contentUrl":"https:\/\/contractbeds.eu\/wp-content\/uploads\/2021\/03\/biotex_logo.jpg","width":335,"height":149,"caption":"BIO-TEXTIMA Kft."},"image":{"@id":"https:\/\/cb.diff.hu\/de\/#\/schema\/logo\/image\/"}}]}},"_links":{"self":[{"href":"https:\/\/cb.diff.hu\/de\/wp-json\/wp\/v2\/pages\/8366","targetHints":{"allow":["GET"]}}],"collection":[{"href":"https:\/\/cb.diff.hu\/de\/wp-json\/wp\/v2\/pages"}],"about":[{"href":"https:\/\/cb.diff.hu\/de\/wp-json\/wp\/v2\/types\/page"}],"author":[{"embeddable":true,"href":"https:\/\/cb.diff.hu\/de\/wp-json\/wp\/v2\/users\/1"}],"replies":[{"embeddable":true,"href":"https:\/\/cb.diff.hu\/de\/wp-json\/wp\/v2\/comments?post=8366"}],"version-history":[{"count":0,"href":"https:\/\/cb.diff.hu\/de\/wp-json\/wp\/v2\/pages\/8366\/revisions"}],"wp:attachment":[{"href":"https:\/\/cb.diff.hu\/de\/wp-json\/wp\/v2\/media?parent=8366"}],"curies":[{"name":"wp","href":"https:\/\/api.w.org\/{rel}","templated":true}]}}