{"id":14150,"date":"2023-08-14T08:21:43","date_gmt":"2023-08-14T08:21:43","guid":{"rendered":"https:\/\/contractbeds.eu\/termek\/hard-memory\/"},"modified":"2023-09-12T08:39:56","modified_gmt":"2023-09-12T08:39:56","slug":"hard-memory","status":"publish","type":"product","link":"https:\/\/cb.diff.hu\/de\/produkt\/hard-memory\/","title":{"rendered":"Hard MEMORY"},"content":{"rendered":"<p>Aufbau:<\/p>\n<p>&nbsp;<\/p>\n<ul>\n<li>Antibakterieller und feuchtigkeitsregulierender Silver Protect-Bezug (am unteren Rand mit Rei\u00dfverschluss, abnehmbar und maschinenwaschbar)<\/li>\n<li>2 cm dicke Memoryschaum-Komfortschicht, die sich der K\u00f6rpertemperatur anpasst<\/li>\n<li>4 cm dicke geh\u00e4rtete Memoryschaum-Komfortschicht<\/li>\n<li>Strapazierf\u00e4higer PP-PES-Jacquard-Matratzenbezug<\/li>\n<\/ul>\n","protected":false},"excerpt":{"rendered":"<p>Memoryschaum und heterogener Memoryschaum-Oberfl\u00e4chen (wendbar) Matratzentopper mit feuchtigkeits- und temperaturregulierendem Bezug<\/p>\n","protected":false},"featured_media":13693,"template":"","meta":[],"product_brand":[],"product_cat":[111],"product_tag":[],"class_list":{"0":"post-14150","1":"product","2":"type-product","3":"status-publish","4":"has-post-thumbnail","6":"product_cat-topper","8":"first","9":"instock","10":"shipping-taxable","11":"purchasable","12":"product-type-variable","13":"has-default-attributes"},"composite_layout":"","composite_add_to_cart_form_location":"","composite_editable_in_cart":false,"composite_sold_individually_context":"","composite_shop_price_calc":"","composite_components":[],"composite_scenarios":[],"yoast_head":"<!-- This site is optimized with the Yoast SEO plugin v24.4 - https:\/\/yoast.com\/wordpress\/plugins\/seo\/ -->\n<title>Hard MEMORY - Bio-Textima - Bedding, Interior, Object<\/title>\n<meta name=\"robots\" content=\"index, follow, max-snippet:-1, max-image-preview:large, max-video-preview:-1\" \/>\n<link rel=\"canonical\" href=\"https:\/\/cb.diff.hu\/de\/produkt\/hard-memory\/\" \/>\n<meta property=\"og:locale\" content=\"de_DE\" \/>\n<meta property=\"og:type\" content=\"article\" \/>\n<meta property=\"og:title\" content=\"Hard MEMORY - Bio-Textima - Bedding, Interior, Object\" \/>\n<meta property=\"og:description\" content=\"Memoryschaum und heterogener Memoryschaum-Oberfl\u00e4chen (wendbar) Matratzentopper mit feuchtigkeits- und temperaturregulierendem Bezug\" \/>\n<meta property=\"og:url\" content=\"https:\/\/cb.diff.hu\/de\/produkt\/hard-memory\/\" \/>\n<meta property=\"og:site_name\" content=\"Bio-Textima - Bedding, Interior, Object\" \/>\n<meta property=\"article:modified_time\" content=\"2023-09-12T08:39:56+00:00\" \/>\n<meta property=\"og:image\" content=\"https:\/\/cb.diff.hu\/wp-content\/uploads\/2023\/08\/HardMEMORY-fedomatrac-topper.jpg\" \/>\n\t<meta property=\"og:image:width\" content=\"326\" \/>\n\t<meta property=\"og:image:height\" content=\"175\" \/>\n\t<meta property=\"og:image:type\" content=\"image\/jpeg\" \/>\n<meta name=\"twitter:card\" content=\"summary_large_image\" \/>\n<script type=\"application\/ld+json\" class=\"yoast-schema-graph\">{\"@context\":\"https:\/\/schema.org\",\"@graph\":[{\"@type\":\"WebPage\",\"@id\":\"https:\/\/cb.diff.hu\/de\/produkt\/hard-memory\/\",\"url\":\"https:\/\/cb.diff.hu\/de\/produkt\/hard-memory\/\",\"name\":\"Hard MEMORY - Bio-Textima - Bedding, Interior, Object\",\"isPartOf\":{\"@id\":\"https:\/\/cb.diff.hu\/de\/#website\"},\"primaryImageOfPage\":{\"@id\":\"https:\/\/cb.diff.hu\/de\/produkt\/hard-memory\/#primaryimage\"},\"image\":{\"@id\":\"https:\/\/cb.diff.hu\/de\/produkt\/hard-memory\/#primaryimage\"},\"thumbnailUrl\":\"https:\/\/cb.diff.hu\/wp-content\/uploads\/2023\/08\/HardMEMORY-fedomatrac-topper.jpg\",\"datePublished\":\"2023-08-14T08:21:43+00:00\",\"dateModified\":\"2023-09-12T08:39:56+00:00\",\"breadcrumb\":{\"@id\":\"https:\/\/cb.diff.hu\/de\/produkt\/hard-memory\/#breadcrumb\"},\"inLanguage\":\"de\",\"potentialAction\":[{\"@type\":\"ReadAction\",\"target\":[\"https:\/\/cb.diff.hu\/de\/produkt\/hard-memory\/\"]}]},{\"@type\":\"ImageObject\",\"inLanguage\":\"de\",\"@id\":\"https:\/\/cb.diff.hu\/de\/produkt\/hard-memory\/#primaryimage\",\"url\":\"https:\/\/cb.diff.hu\/wp-content\/uploads\/2023\/08\/HardMEMORY-fedomatrac-topper.jpg\",\"contentUrl\":\"https:\/\/cb.diff.hu\/wp-content\/uploads\/2023\/08\/HardMEMORY-fedomatrac-topper.jpg\",\"width\":326,\"height\":175,\"caption\":\"HardMEMORY-fedomatrac-topper\"},{\"@type\":\"BreadcrumbList\",\"@id\":\"https:\/\/cb.diff.hu\/de\/produkt\/hard-memory\/#breadcrumb\",\"itemListElement\":[{\"@type\":\"ListItem\",\"position\":1,\"name\":\"Startseite\",\"item\":\"https:\/\/cb.diff.hu\/de\/\"},{\"@type\":\"ListItem\",\"position\":2,\"name\":\"Produkte\",\"item\":\"https:\/\/cb.diff.hu\/termekeink\/\"},{\"@type\":\"ListItem\",\"position\":3,\"name\":\"Hard MEMORY\"}]},{\"@type\":\"WebSite\",\"@id\":\"https:\/\/cb.diff.hu\/de\/#website\",\"url\":\"https:\/\/cb.diff.hu\/de\/\",\"name\":\"Bio-Textima H\u00e1l\u00f3szoba Manufakt\u00fara\",\"description\":\"Betten und Matratzen f\u00fcr Hotels und Unterk\u00fcnfte\",\"publisher\":{\"@id\":\"https:\/\/cb.diff.hu\/de\/#organization\"},\"potentialAction\":[{\"@type\":\"SearchAction\",\"target\":{\"@type\":\"EntryPoint\",\"urlTemplate\":\"https:\/\/cb.diff.hu\/de\/?s={search_term_string}\"},\"query-input\":{\"@type\":\"PropertyValueSpecification\",\"valueRequired\":true,\"valueName\":\"search_term_string\"}}],\"inLanguage\":\"de\"},{\"@type\":\"Organization\",\"@id\":\"https:\/\/cb.diff.hu\/de\/#organization\",\"name\":\"BIO-TEXTIMA Kft.\",\"url\":\"https:\/\/cb.diff.hu\/de\/\",\"logo\":{\"@type\":\"ImageObject\",\"inLanguage\":\"de\",\"@id\":\"https:\/\/cb.diff.hu\/de\/#\/schema\/logo\/image\/\",\"url\":\"https:\/\/contractbeds.eu\/wp-content\/uploads\/2021\/03\/biotex_logo.jpg\",\"contentUrl\":\"https:\/\/contractbeds.eu\/wp-content\/uploads\/2021\/03\/biotex_logo.jpg\",\"width\":335,\"height\":149,\"caption\":\"BIO-TEXTIMA Kft.\"},\"image\":{\"@id\":\"https:\/\/cb.diff.hu\/de\/#\/schema\/logo\/image\/\"}}]}<\/script>\n<!-- \/ Yoast SEO plugin. -->","yoast_head_json":{"title":"Hard MEMORY - Bio-Textima - Bedding, Interior, Object","robots":{"index":"index","follow":"follow","max-snippet":"max-snippet:-1","max-image-preview":"max-image-preview:large","max-video-preview":"max-video-preview:-1"},"canonical":"https:\/\/cb.diff.hu\/de\/produkt\/hard-memory\/","og_locale":"de_DE","og_type":"article","og_title":"Hard MEMORY - Bio-Textima - Bedding, Interior, Object","og_description":"Memoryschaum und heterogener Memoryschaum-Oberfl\u00e4chen (wendbar) Matratzentopper mit feuchtigkeits- und temperaturregulierendem Bezug","og_url":"https:\/\/cb.diff.hu\/de\/produkt\/hard-memory\/","og_site_name":"Bio-Textima - Bedding, Interior, Object","article_modified_time":"2023-09-12T08:39:56+00:00","og_image":[{"width":326,"height":175,"url":"https:\/\/cb.diff.hu\/wp-content\/uploads\/2023\/08\/HardMEMORY-fedomatrac-topper.jpg","type":"image\/jpeg"}],"twitter_card":"summary_large_image","schema":{"@context":"https:\/\/schema.org","@graph":[{"@type":"WebPage","@id":"https:\/\/cb.diff.hu\/de\/produkt\/hard-memory\/","url":"https:\/\/cb.diff.hu\/de\/produkt\/hard-memory\/","name":"Hard MEMORY - Bio-Textima - Bedding, Interior, Object","isPartOf":{"@id":"https:\/\/cb.diff.hu\/de\/#website"},"primaryImageOfPage":{"@id":"https:\/\/cb.diff.hu\/de\/produkt\/hard-memory\/#primaryimage"},"image":{"@id":"https:\/\/cb.diff.hu\/de\/produkt\/hard-memory\/#primaryimage"},"thumbnailUrl":"https:\/\/cb.diff.hu\/wp-content\/uploads\/2023\/08\/HardMEMORY-fedomatrac-topper.jpg","datePublished":"2023-08-14T08:21:43+00:00","dateModified":"2023-09-12T08:39:56+00:00","breadcrumb":{"@id":"https:\/\/cb.diff.hu\/de\/produkt\/hard-memory\/#breadcrumb"},"inLanguage":"de","potentialAction":[{"@type":"ReadAction","target":["https:\/\/cb.diff.hu\/de\/produkt\/hard-memory\/"]}]},{"@type":"ImageObject","inLanguage":"de","@id":"https:\/\/cb.diff.hu\/de\/produkt\/hard-memory\/#primaryimage","url":"https:\/\/cb.diff.hu\/wp-content\/uploads\/2023\/08\/HardMEMORY-fedomatrac-topper.jpg","contentUrl":"https:\/\/cb.diff.hu\/wp-content\/uploads\/2023\/08\/HardMEMORY-fedomatrac-topper.jpg","width":326,"height":175,"caption":"HardMEMORY-fedomatrac-topper"},{"@type":"BreadcrumbList","@id":"https:\/\/cb.diff.hu\/de\/produkt\/hard-memory\/#breadcrumb","itemListElement":[{"@type":"ListItem","position":1,"name":"Startseite","item":"https:\/\/cb.diff.hu\/de\/"},{"@type":"ListItem","position":2,"name":"Produkte","item":"https:\/\/cb.diff.hu\/termekeink\/"},{"@type":"ListItem","position":3,"name":"Hard MEMORY"}]},{"@type":"WebSite","@id":"https:\/\/cb.diff.hu\/de\/#website","url":"https:\/\/cb.diff.hu\/de\/","name":"Bio-Textima H\u00e1l\u00f3szoba Manufakt\u00fara","description":"Betten und Matratzen f\u00fcr Hotels und Unterk\u00fcnfte","publisher":{"@id":"https:\/\/cb.diff.hu\/de\/#organization"},"potentialAction":[{"@type":"SearchAction","target":{"@type":"EntryPoint","urlTemplate":"https:\/\/cb.diff.hu\/de\/?s={search_term_string}"},"query-input":{"@type":"PropertyValueSpecification","valueRequired":true,"valueName":"search_term_string"}}],"inLanguage":"de"},{"@type":"Organization","@id":"https:\/\/cb.diff.hu\/de\/#organization","name":"BIO-TEXTIMA Kft.","url":"https:\/\/cb.diff.hu\/de\/","logo":{"@type":"ImageObject","inLanguage":"de","@id":"https:\/\/cb.diff.hu\/de\/#\/schema\/logo\/image\/","url":"https:\/\/contractbeds.eu\/wp-content\/uploads\/2021\/03\/biotex_logo.jpg","contentUrl":"https:\/\/contractbeds.eu\/wp-content\/uploads\/2021\/03\/biotex_logo.jpg","width":335,"height":149,"caption":"BIO-TEXTIMA Kft."},"image":{"@id":"https:\/\/cb.diff.hu\/de\/#\/schema\/logo\/image\/"}}]}},"_links":{"self":[{"href":"https:\/\/cb.diff.hu\/de\/wp-json\/wp\/v2\/product\/14150","targetHints":{"allow":["GET"]}}],"collection":[{"href":"https:\/\/cb.diff.hu\/de\/wp-json\/wp\/v2\/product"}],"about":[{"href":"https:\/\/cb.diff.hu\/de\/wp-json\/wp\/v2\/types\/product"}],"wp:featuredmedia":[{"embeddable":true,"href":"https:\/\/cb.diff.hu\/de\/wp-json\/wp\/v2\/media\/13693"}],"wp:attachment":[{"href":"https:\/\/cb.diff.hu\/de\/wp-json\/wp\/v2\/media?parent=14150"}],"wp:term":[{"taxonomy":"product_brand","embeddable":true,"href":"https:\/\/cb.diff.hu\/de\/wp-json\/wp\/v2\/product_brand?post=14150"},{"taxonomy":"product_cat","embeddable":true,"href":"https:\/\/cb.diff.hu\/de\/wp-json\/wp\/v2\/product_cat?post=14150"},{"taxonomy":"product_tag","embeddable":true,"href":"https:\/\/cb.diff.hu\/de\/wp-json\/wp\/v2\/product_tag?post=14150"}],"curies":[{"name":"wp","href":"https:\/\/api.w.org\/{rel}","templated":true}]}}