{"id":14233,"date":"2023-07-20T07:03:36","date_gmt":"2023-07-20T07:03:36","guid":{"rendered":"https:\/\/contractbeds.eu\/termek\/lena-graue-federdecke\/"},"modified":"2023-09-12T14:26:46","modified_gmt":"2023-09-12T14:26:46","slug":"lena-graue-federdecke","status":"publish","type":"product","link":"https:\/\/cb.diff.hu\/de\/produkt\/lena-graue-federdecke\/","title":{"rendered":"LENA Graue Federdecke"},"content":{"rendered":"<p>In zwei Gr\u00f6\u00dfen und Dicken erh\u00e4ltlich, eine weiche, tr\u00f6stliche, handgefertigte, hochwertige, leichte Federdecke (Graue Federn), die ein hervorragendes Schlafklima, angenehme W\u00e4rme und eine effektive Feuchtigkeitsregulierung bietet. \u2022 F\u00fcr den Hotelgebrauch konzipiert, au\u00dfergew\u00f6hnlich robuste Konstruktion<\/p>\n<ul>\n<li>Weltweit anerkannte Qualit\u00e4t, 100% sterilisiertes, handgefertigtes Produkt aus ungarischen G\u00e4nsefedern<\/li>\n<li>Extra weiches und flauschiges Gef\u00fchl, tr\u00f6stlicher Komfort, verw\u00f6hnende Wirkung<\/li>\n<li>Hervorragende Unterst\u00fctzung durch Premiumfedern<\/li>\n<li>Einzigartige temperaturregulierende Wirkung<\/li>\n<li>Premium-Erscheinungsbild<\/li>\n<li>100% Baumwollsatinbezug<\/li>\n<li>Waschbar bei 40\u00b0C<\/li>\n<li>Sollte im Trockner getrocknet werden, Bel\u00fcftung empfohlen<\/li>\n<\/ul>\n","protected":false},"excerpt":{"rendered":"<p>Hochwertige, verw\u00f6hnende Federdecke in zwei Gr\u00f6\u00dfen\/Designs erh\u00e4ltlich<\/p>\n","protected":false},"featured_media":13774,"template":"","meta":[],"product_brand":[],"product_cat":[140],"product_tag":[],"class_list":{"0":"post-14233","1":"product","2":"type-product","3":"status-publish","4":"has-post-thumbnail","6":"product_cat-kissen-bettdecken","8":"first","9":"instock","10":"shipping-taxable","11":"purchasable","12":"product-type-variable","13":"has-default-attributes"},"composite_layout":"","composite_add_to_cart_form_location":"","composite_editable_in_cart":false,"composite_sold_individually_context":"","composite_shop_price_calc":"","composite_components":[],"composite_scenarios":[],"yoast_head":"<!-- This site is optimized with the Yoast SEO plugin v24.4 - https:\/\/yoast.com\/wordpress\/plugins\/seo\/ -->\n<title>LENA Graue Federdecke - Bio-Textima - Bedding, Interior, Object<\/title>\n<meta name=\"robots\" content=\"index, follow, max-snippet:-1, max-image-preview:large, max-video-preview:-1\" \/>\n<link rel=\"canonical\" href=\"https:\/\/cb.diff.hu\/de\/produkt\/lena-graue-federdecke\/\" \/>\n<meta property=\"og:locale\" content=\"de_DE\" \/>\n<meta property=\"og:type\" content=\"article\" \/>\n<meta property=\"og:title\" content=\"LENA Graue Federdecke - Bio-Textima - Bedding, Interior, Object\" \/>\n<meta property=\"og:description\" content=\"Hochwertige, verw\u00f6hnende Federdecke in zwei Gr\u00f6\u00dfen\/Designs erh\u00e4ltlich\" \/>\n<meta property=\"og:url\" content=\"https:\/\/cb.diff.hu\/de\/produkt\/lena-graue-federdecke\/\" \/>\n<meta property=\"og:site_name\" content=\"Bio-Textima - Bedding, Interior, Object\" \/>\n<meta property=\"article:modified_time\" content=\"2023-09-12T14:26:46+00:00\" \/>\n<meta property=\"og:image\" content=\"https:\/\/cb.diff.hu\/wp-content\/uploads\/2023\/07\/Pehely-paplan_p.jpg\" \/>\n\t<meta property=\"og:image:width\" content=\"326\" \/>\n\t<meta property=\"og:image:height\" content=\"326\" \/>\n\t<meta property=\"og:image:type\" content=\"image\/jpeg\" \/>\n<meta name=\"twitter:card\" content=\"summary_large_image\" \/>\n<script type=\"application\/ld+json\" class=\"yoast-schema-graph\">{\"@context\":\"https:\/\/schema.org\",\"@graph\":[{\"@type\":\"WebPage\",\"@id\":\"https:\/\/cb.diff.hu\/de\/produkt\/lena-graue-federdecke\/\",\"url\":\"https:\/\/cb.diff.hu\/de\/produkt\/lena-graue-federdecke\/\",\"name\":\"LENA Graue Federdecke - Bio-Textima - Bedding, Interior, Object\",\"isPartOf\":{\"@id\":\"https:\/\/cb.diff.hu\/de\/#website\"},\"primaryImageOfPage\":{\"@id\":\"https:\/\/cb.diff.hu\/de\/produkt\/lena-graue-federdecke\/#primaryimage\"},\"image\":{\"@id\":\"https:\/\/cb.diff.hu\/de\/produkt\/lena-graue-federdecke\/#primaryimage\"},\"thumbnailUrl\":\"https:\/\/cb.diff.hu\/wp-content\/uploads\/2023\/07\/Pehely-paplan_p.jpg\",\"datePublished\":\"2023-07-20T07:03:36+00:00\",\"dateModified\":\"2023-09-12T14:26:46+00:00\",\"breadcrumb\":{\"@id\":\"https:\/\/cb.diff.hu\/de\/produkt\/lena-graue-federdecke\/#breadcrumb\"},\"inLanguage\":\"de\",\"potentialAction\":[{\"@type\":\"ReadAction\",\"target\":[\"https:\/\/cb.diff.hu\/de\/produkt\/lena-graue-federdecke\/\"]}]},{\"@type\":\"ImageObject\",\"inLanguage\":\"de\",\"@id\":\"https:\/\/cb.diff.hu\/de\/produkt\/lena-graue-federdecke\/#primaryimage\",\"url\":\"https:\/\/cb.diff.hu\/wp-content\/uploads\/2023\/07\/Pehely-paplan_p.jpg\",\"contentUrl\":\"https:\/\/cb.diff.hu\/wp-content\/uploads\/2023\/07\/Pehely-paplan_p.jpg\",\"width\":326,\"height\":326,\"caption\":\"Pehely-paplan\"},{\"@type\":\"BreadcrumbList\",\"@id\":\"https:\/\/cb.diff.hu\/de\/produkt\/lena-graue-federdecke\/#breadcrumb\",\"itemListElement\":[{\"@type\":\"ListItem\",\"position\":1,\"name\":\"Startseite\",\"item\":\"https:\/\/cb.diff.hu\/de\/\"},{\"@type\":\"ListItem\",\"position\":2,\"name\":\"Produkte\",\"item\":\"https:\/\/cb.diff.hu\/termekeink\/\"},{\"@type\":\"ListItem\",\"position\":3,\"name\":\"LENA Graue Federdecke\"}]},{\"@type\":\"WebSite\",\"@id\":\"https:\/\/cb.diff.hu\/de\/#website\",\"url\":\"https:\/\/cb.diff.hu\/de\/\",\"name\":\"Bio-Textima H\u00e1l\u00f3szoba Manufakt\u00fara\",\"description\":\"Betten und Matratzen f\u00fcr Hotels und Unterk\u00fcnfte\",\"publisher\":{\"@id\":\"https:\/\/cb.diff.hu\/de\/#organization\"},\"potentialAction\":[{\"@type\":\"SearchAction\",\"target\":{\"@type\":\"EntryPoint\",\"urlTemplate\":\"https:\/\/cb.diff.hu\/de\/?s={search_term_string}\"},\"query-input\":{\"@type\":\"PropertyValueSpecification\",\"valueRequired\":true,\"valueName\":\"search_term_string\"}}],\"inLanguage\":\"de\"},{\"@type\":\"Organization\",\"@id\":\"https:\/\/cb.diff.hu\/de\/#organization\",\"name\":\"BIO-TEXTIMA Kft.\",\"url\":\"https:\/\/cb.diff.hu\/de\/\",\"logo\":{\"@type\":\"ImageObject\",\"inLanguage\":\"de\",\"@id\":\"https:\/\/cb.diff.hu\/de\/#\/schema\/logo\/image\/\",\"url\":\"https:\/\/contractbeds.eu\/wp-content\/uploads\/2021\/03\/biotex_logo.jpg\",\"contentUrl\":\"https:\/\/contractbeds.eu\/wp-content\/uploads\/2021\/03\/biotex_logo.jpg\",\"width\":335,\"height\":149,\"caption\":\"BIO-TEXTIMA Kft.\"},\"image\":{\"@id\":\"https:\/\/cb.diff.hu\/de\/#\/schema\/logo\/image\/\"}}]}<\/script>\n<!-- \/ Yoast SEO plugin. -->","yoast_head_json":{"title":"LENA Graue Federdecke - Bio-Textima - Bedding, Interior, Object","robots":{"index":"index","follow":"follow","max-snippet":"max-snippet:-1","max-image-preview":"max-image-preview:large","max-video-preview":"max-video-preview:-1"},"canonical":"https:\/\/cb.diff.hu\/de\/produkt\/lena-graue-federdecke\/","og_locale":"de_DE","og_type":"article","og_title":"LENA Graue Federdecke - Bio-Textima - Bedding, Interior, Object","og_description":"Hochwertige, verw\u00f6hnende Federdecke in zwei Gr\u00f6\u00dfen\/Designs erh\u00e4ltlich","og_url":"https:\/\/cb.diff.hu\/de\/produkt\/lena-graue-federdecke\/","og_site_name":"Bio-Textima - Bedding, Interior, Object","article_modified_time":"2023-09-12T14:26:46+00:00","og_image":[{"width":326,"height":326,"url":"https:\/\/cb.diff.hu\/wp-content\/uploads\/2023\/07\/Pehely-paplan_p.jpg","type":"image\/jpeg"}],"twitter_card":"summary_large_image","schema":{"@context":"https:\/\/schema.org","@graph":[{"@type":"WebPage","@id":"https:\/\/cb.diff.hu\/de\/produkt\/lena-graue-federdecke\/","url":"https:\/\/cb.diff.hu\/de\/produkt\/lena-graue-federdecke\/","name":"LENA Graue Federdecke - Bio-Textima - Bedding, Interior, Object","isPartOf":{"@id":"https:\/\/cb.diff.hu\/de\/#website"},"primaryImageOfPage":{"@id":"https:\/\/cb.diff.hu\/de\/produkt\/lena-graue-federdecke\/#primaryimage"},"image":{"@id":"https:\/\/cb.diff.hu\/de\/produkt\/lena-graue-federdecke\/#primaryimage"},"thumbnailUrl":"https:\/\/cb.diff.hu\/wp-content\/uploads\/2023\/07\/Pehely-paplan_p.jpg","datePublished":"2023-07-20T07:03:36+00:00","dateModified":"2023-09-12T14:26:46+00:00","breadcrumb":{"@id":"https:\/\/cb.diff.hu\/de\/produkt\/lena-graue-federdecke\/#breadcrumb"},"inLanguage":"de","potentialAction":[{"@type":"ReadAction","target":["https:\/\/cb.diff.hu\/de\/produkt\/lena-graue-federdecke\/"]}]},{"@type":"ImageObject","inLanguage":"de","@id":"https:\/\/cb.diff.hu\/de\/produkt\/lena-graue-federdecke\/#primaryimage","url":"https:\/\/cb.diff.hu\/wp-content\/uploads\/2023\/07\/Pehely-paplan_p.jpg","contentUrl":"https:\/\/cb.diff.hu\/wp-content\/uploads\/2023\/07\/Pehely-paplan_p.jpg","width":326,"height":326,"caption":"Pehely-paplan"},{"@type":"BreadcrumbList","@id":"https:\/\/cb.diff.hu\/de\/produkt\/lena-graue-federdecke\/#breadcrumb","itemListElement":[{"@type":"ListItem","position":1,"name":"Startseite","item":"https:\/\/cb.diff.hu\/de\/"},{"@type":"ListItem","position":2,"name":"Produkte","item":"https:\/\/cb.diff.hu\/termekeink\/"},{"@type":"ListItem","position":3,"name":"LENA Graue Federdecke"}]},{"@type":"WebSite","@id":"https:\/\/cb.diff.hu\/de\/#website","url":"https:\/\/cb.diff.hu\/de\/","name":"Bio-Textima H\u00e1l\u00f3szoba Manufakt\u00fara","description":"Betten und Matratzen f\u00fcr Hotels und Unterk\u00fcnfte","publisher":{"@id":"https:\/\/cb.diff.hu\/de\/#organization"},"potentialAction":[{"@type":"SearchAction","target":{"@type":"EntryPoint","urlTemplate":"https:\/\/cb.diff.hu\/de\/?s={search_term_string}"},"query-input":{"@type":"PropertyValueSpecification","valueRequired":true,"valueName":"search_term_string"}}],"inLanguage":"de"},{"@type":"Organization","@id":"https:\/\/cb.diff.hu\/de\/#organization","name":"BIO-TEXTIMA Kft.","url":"https:\/\/cb.diff.hu\/de\/","logo":{"@type":"ImageObject","inLanguage":"de","@id":"https:\/\/cb.diff.hu\/de\/#\/schema\/logo\/image\/","url":"https:\/\/contractbeds.eu\/wp-content\/uploads\/2021\/03\/biotex_logo.jpg","contentUrl":"https:\/\/contractbeds.eu\/wp-content\/uploads\/2021\/03\/biotex_logo.jpg","width":335,"height":149,"caption":"BIO-TEXTIMA Kft."},"image":{"@id":"https:\/\/cb.diff.hu\/de\/#\/schema\/logo\/image\/"}}]}},"_links":{"self":[{"href":"https:\/\/cb.diff.hu\/de\/wp-json\/wp\/v2\/product\/14233","targetHints":{"allow":["GET"]}}],"collection":[{"href":"https:\/\/cb.diff.hu\/de\/wp-json\/wp\/v2\/product"}],"about":[{"href":"https:\/\/cb.diff.hu\/de\/wp-json\/wp\/v2\/types\/product"}],"wp:featuredmedia":[{"embeddable":true,"href":"https:\/\/cb.diff.hu\/de\/wp-json\/wp\/v2\/media\/13774"}],"wp:attachment":[{"href":"https:\/\/cb.diff.hu\/de\/wp-json\/wp\/v2\/media?parent=14233"}],"wp:term":[{"taxonomy":"product_brand","embeddable":true,"href":"https:\/\/cb.diff.hu\/de\/wp-json\/wp\/v2\/product_brand?post=14233"},{"taxonomy":"product_cat","embeddable":true,"href":"https:\/\/cb.diff.hu\/de\/wp-json\/wp\/v2\/product_cat?post=14233"},{"taxonomy":"product_tag","embeddable":true,"href":"https:\/\/cb.diff.hu\/de\/wp-json\/wp\/v2\/product_tag?post=14233"}],"curies":[{"name":"wp","href":"https:\/\/api.w.org\/{rel}","templated":true}]}}