{"id":8326,"date":"2021-04-15T15:26:08","date_gmt":"2021-04-15T15:26:08","guid":{"rendered":"http:\/\/localhost\/our-target-markets\/"},"modified":"2025-02-24T13:16:19","modified_gmt":"2025-02-24T13:16:19","slug":"our-target-markets","status":"publish","type":"page","link":"https:\/\/cb.diff.hu\/en\/our-target-markets\/","title":{"rendered":"Our target markets"},"content":{"rendered":"<h2>Where our products land<\/h2>\n<p>\t\t\t\t\t\t\t\t\t\t\t\t\t\t\t<img loading=\"lazy\" decoding=\"async\" width=\"847\" height=\"565\" src=\"https:\/\/contractbeds.eu\/wp-content\/uploads\/2021\/04\/77153266_s.jpg\" alt=\"hotel-agyak-matracok\" srcset=\"https:\/\/contractbeds.eu\/wp-content\/uploads\/2021\/04\/77153266_s.jpg 847w, https:\/\/contractbeds.eu\/wp-content\/uploads\/2021\/04\/77153266_s-768x512.jpg 768w, https:\/\/contractbeds.eu\/wp-content\/uploads\/2021\/04\/77153266_s-640x427.jpg 640w, https:\/\/contractbeds.eu\/wp-content\/uploads\/2021\/04\/77153266_s-400x267.jpg 400w, https:\/\/contractbeds.eu\/wp-content\/uploads\/2021\/04\/77153266_s-367x245.jpg 367w, https:\/\/contractbeds.eu\/wp-content\/uploads\/2021\/04\/77153266_s-600x400.jpg 600w\" sizes=\"auto, (max-width: 847px) 100vw, 847px\" \/>\t\t\t\t\t\t\t\t\t\t\t\t\t\t\t<\/p>\n<p>We always wanted to present a wide selection to the retail market, but if you look at our portfolio, you can see that we are not lacking special bedroom furniture and bedding systems either. We are very well aware of the needs of healthcare institutions, or other accommodations, which need specific solutions from us. We deliver fine appearance, high quality and durability, a wide range of sizes and dimensions, and, of course, favourable pricing always adjusted to the volumes of project orders. But we do more than just simply making your bed, our other services make sure that all you have to do is lay back and enjoy. We offer complete solutions such as providing planning, professional consulting, logistics and transport to professional on-site assembly services.<\/p>\n<p>\t\t\t\t\t<img loading=\"lazy\" decoding=\"async\" alt=\"\" src=\"https:\/\/contractbeds.eu\/wp-content\/uploads\/2025\/02\/svgexport-4-kek.svg\" width=\"0\" height=\"0\" \/><\/p>\n<h3 style=\"\">HOTELS<\/h3>\n<p> <!-- header --><\/p>\n<p>Manufacturing based on interior design and interior decoration plans<\/p>\n<p> <!-- description --><!-- porto-sicon-box --><br \/>\n\t\t\t\t\t<img loading=\"lazy\" decoding=\"async\" alt=\"\" src=\"https:\/\/contractbeds.eu\/wp-content\/uploads\/2025\/02\/svgexport-8-kek.svg\" width=\"0\" height=\"0\" \/><\/p>\n<h3 style=\"\">PENSIONS<\/h3>\n<p> <!-- header --><\/p>\n<p>Mattresses with furniture fabric covers available<\/p>\n<p> <!-- description --><!-- porto-sicon-box --><br \/>\n\t\t\t\t\t<img loading=\"lazy\" decoding=\"async\" alt=\"\" src=\"https:\/\/contractbeds.eu\/wp-content\/uploads\/2025\/02\/svgexport-9-kek.svg\" width=\"0\" height=\"0\" \/><\/p>\n<h3 style=\"\">HOSTELS<\/h3>\n<p> <!-- header --><\/p>\n<p>Durable and comfortable sleeping solutions to meet changing needs<\/p>\n<p> <!-- description --><!-- porto-sicon-box --><br \/>\n\t\t\t\t\t<img loading=\"lazy\" decoding=\"async\" alt=\"\" src=\"https:\/\/contractbeds.eu\/wp-content\/uploads\/2025\/02\/svgexport-10-kek.svg\" width=\"0\" height=\"0\" \/><\/p>\n<h3 style=\"\">DORMITORIES<\/h3>\n<p> <!-- header --><\/p>\n<p>Functionality and design in focus<\/p>\n<p> <!-- description --><!-- porto-sicon-box --><br \/>\n\t\t\t\t\t<img loading=\"lazy\" decoding=\"async\" alt=\"\" src=\"https:\/\/contractbeds.eu\/wp-content\/uploads\/2025\/02\/svgexport-5-kek.svg\" width=\"0\" height=\"0\" \/><\/p>\n<h3 style=\"\">YOUTH ACCOMMODATIONS<\/h3>\n<p> <!-- header --><\/p>\n<p>Resilient and innovative furniture structures<\/p>\n<p> <!-- description --><!-- porto-sicon-box --><br \/>\n\t\t\t\t\t<img loading=\"lazy\" decoding=\"async\" alt=\"\" src=\"https:\/\/contractbeds.eu\/wp-content\/uploads\/2025\/02\/svgexport-7-kek.svg\" width=\"0\" height=\"0\" \/><\/p>\n<h3 style=\"\">CLINICS<\/h3>\n<p> <!-- header --><\/p>\n<p>Specialized, cleanable, and antibacterial surfaces<\/p>\n<p> <!-- description --><!-- porto-sicon-box --><br \/>\n\t\t\t\t\t<img loading=\"lazy\" decoding=\"async\" alt=\"\" src=\"https:\/\/contractbeds.eu\/wp-content\/uploads\/2025\/02\/svgexport-6-kek.svg\" width=\"0\" height=\"0\" \/><\/p>\n<h3 style=\"\">NURSING HOMES<\/h3>\n<p> <!-- header --><\/p>\n<p>We also offer joint and spine-protecting bed systems<\/p>\n<p> <!-- description --><!-- porto-sicon-box -->\t\t\t\t<\/p>\n<h2>Can we help?<\/h2>\n<p>Feel free to contact us with your inquiries, requests for quotes, and ideas!<\/p>\n<p>\t\t\t\t\t<a href=\"https:\/\/contractbeds.eu\/en\/contact\/\"><br \/>\n\t\t\t\t\t\t\t\t\tContact<br \/>\n\t\t\t\t\t<\/a><\/p>\n","protected":false},"excerpt":{"rendered":"<p>Where our products land We always wanted to present a wide selection to the retail market, but if you look at our portfolio, you can see that we are not lacking special bedroom furniture and bedding systems either. We are very well aware of the needs of healthcare institutions, or other accommodations, which need specific [&hellip;]<\/p>\n","protected":false},"author":1,"featured_media":0,"parent":0,"menu_order":0,"comment_status":"closed","ping_status":"closed","template":"","meta":{"footnotes":""},"class_list":["post-8326","page","type-page","status-publish","hentry"],"yoast_head":"<!-- This site is optimized with the Yoast SEO plugin v24.4 - https:\/\/yoast.com\/wordpress\/plugins\/seo\/ -->\n<title>Our target markets - Bio-Textima - Bedding, Interior, Object<\/title>\n<meta name=\"robots\" content=\"index, follow, max-snippet:-1, max-image-preview:large, max-video-preview:-1\" \/>\n<link rel=\"canonical\" href=\"https:\/\/cb.diff.hu\/en\/our-target-markets\/\" \/>\n<meta property=\"og:locale\" content=\"en_US\" \/>\n<meta property=\"og:type\" content=\"article\" \/>\n<meta property=\"og:title\" content=\"Our target markets - Bio-Textima - Bedding, Interior, Object\" \/>\n<meta property=\"og:description\" content=\"Where our products land We always wanted to present a wide selection to the retail market, but if you look at our portfolio, you can see that we are not lacking special bedroom furniture and bedding systems either. We are very well aware of the needs of healthcare institutions, or other accommodations, which need specific [&hellip;]\" \/>\n<meta property=\"og:url\" content=\"https:\/\/cb.diff.hu\/en\/our-target-markets\/\" \/>\n<meta property=\"og:site_name\" content=\"Bio-Textima - Bedding, Interior, Object\" \/>\n<meta property=\"article:modified_time\" content=\"2025-02-24T13:16:19+00:00\" \/>\n<meta property=\"og:image\" content=\"https:\/\/contractbeds.eu\/wp-content\/uploads\/2021\/04\/77153266_s.jpg\" \/>\n<meta name=\"twitter:card\" content=\"summary_large_image\" \/>\n<meta name=\"twitter:label1\" content=\"Est. reading time\" \/>\n\t<meta name=\"twitter:data1\" content=\"3 minutes\" \/>\n<script type=\"application\/ld+json\" class=\"yoast-schema-graph\">{\"@context\":\"https:\/\/schema.org\",\"@graph\":[{\"@type\":\"WebPage\",\"@id\":\"https:\/\/cb.diff.hu\/en\/our-target-markets\/\",\"url\":\"https:\/\/cb.diff.hu\/en\/our-target-markets\/\",\"name\":\"Our target markets - Bio-Textima - Bedding, Interior, Object\",\"isPartOf\":{\"@id\":\"https:\/\/cb.diff.hu\/en\/#website\"},\"primaryImageOfPage\":{\"@id\":\"https:\/\/cb.diff.hu\/en\/our-target-markets\/#primaryimage\"},\"image\":{\"@id\":\"https:\/\/cb.diff.hu\/en\/our-target-markets\/#primaryimage\"},\"thumbnailUrl\":\"https:\/\/contractbeds.eu\/wp-content\/uploads\/2021\/04\/77153266_s.jpg\",\"datePublished\":\"2021-04-15T15:26:08+00:00\",\"dateModified\":\"2025-02-24T13:16:19+00:00\",\"breadcrumb\":{\"@id\":\"https:\/\/cb.diff.hu\/en\/our-target-markets\/#breadcrumb\"},\"inLanguage\":\"en-US\",\"potentialAction\":[{\"@type\":\"ReadAction\",\"target\":[\"https:\/\/cb.diff.hu\/en\/our-target-markets\/\"]}]},{\"@type\":\"ImageObject\",\"inLanguage\":\"en-US\",\"@id\":\"https:\/\/cb.diff.hu\/en\/our-target-markets\/#primaryimage\",\"url\":\"https:\/\/contractbeds.eu\/wp-content\/uploads\/2021\/04\/77153266_s.jpg\",\"contentUrl\":\"https:\/\/contractbeds.eu\/wp-content\/uploads\/2021\/04\/77153266_s.jpg\"},{\"@type\":\"BreadcrumbList\",\"@id\":\"https:\/\/cb.diff.hu\/en\/our-target-markets\/#breadcrumb\",\"itemListElement\":[{\"@type\":\"ListItem\",\"position\":1,\"name\":\"Homepage\",\"item\":\"https:\/\/cb.diff.hu\/en\/\"},{\"@type\":\"ListItem\",\"position\":2,\"name\":\"Our target markets\"}]},{\"@type\":\"WebSite\",\"@id\":\"https:\/\/cb.diff.hu\/en\/#website\",\"url\":\"https:\/\/cb.diff.hu\/en\/\",\"name\":\"Bio-Textima H\u00e1l\u00f3szoba Manufakt\u00fara\",\"description\":\"beds, mattresses - for hotels, accommodations\",\"publisher\":{\"@id\":\"https:\/\/cb.diff.hu\/en\/#organization\"},\"potentialAction\":[{\"@type\":\"SearchAction\",\"target\":{\"@type\":\"EntryPoint\",\"urlTemplate\":\"https:\/\/cb.diff.hu\/en\/?s={search_term_string}\"},\"query-input\":{\"@type\":\"PropertyValueSpecification\",\"valueRequired\":true,\"valueName\":\"search_term_string\"}}],\"inLanguage\":\"en-US\"},{\"@type\":\"Organization\",\"@id\":\"https:\/\/cb.diff.hu\/en\/#organization\",\"name\":\"BIO-TEXTIMA Kft.\",\"url\":\"https:\/\/cb.diff.hu\/en\/\",\"logo\":{\"@type\":\"ImageObject\",\"inLanguage\":\"en-US\",\"@id\":\"https:\/\/cb.diff.hu\/en\/#\/schema\/logo\/image\/\",\"url\":\"https:\/\/contractbeds.eu\/wp-content\/uploads\/2021\/03\/biotex_logo.jpg\",\"contentUrl\":\"https:\/\/contractbeds.eu\/wp-content\/uploads\/2021\/03\/biotex_logo.jpg\",\"width\":335,\"height\":149,\"caption\":\"BIO-TEXTIMA Kft.\"},\"image\":{\"@id\":\"https:\/\/cb.diff.hu\/en\/#\/schema\/logo\/image\/\"}}]}<\/script>\n<!-- \/ Yoast SEO plugin. -->","yoast_head_json":{"title":"Our target markets - Bio-Textima - Bedding, Interior, Object","robots":{"index":"index","follow":"follow","max-snippet":"max-snippet:-1","max-image-preview":"max-image-preview:large","max-video-preview":"max-video-preview:-1"},"canonical":"https:\/\/cb.diff.hu\/en\/our-target-markets\/","og_locale":"en_US","og_type":"article","og_title":"Our target markets - Bio-Textima - Bedding, Interior, Object","og_description":"Where our products land We always wanted to present a wide selection to the retail market, but if you look at our portfolio, you can see that we are not lacking special bedroom furniture and bedding systems either. We are very well aware of the needs of healthcare institutions, or other accommodations, which need specific [&hellip;]","og_url":"https:\/\/cb.diff.hu\/en\/our-target-markets\/","og_site_name":"Bio-Textima - Bedding, Interior, Object","article_modified_time":"2025-02-24T13:16:19+00:00","og_image":[{"url":"https:\/\/contractbeds.eu\/wp-content\/uploads\/2021\/04\/77153266_s.jpg","type":"","width":"","height":""}],"twitter_card":"summary_large_image","twitter_misc":{"Est. reading time":"3 minutes"},"schema":{"@context":"https:\/\/schema.org","@graph":[{"@type":"WebPage","@id":"https:\/\/cb.diff.hu\/en\/our-target-markets\/","url":"https:\/\/cb.diff.hu\/en\/our-target-markets\/","name":"Our target markets - Bio-Textima - Bedding, Interior, Object","isPartOf":{"@id":"https:\/\/cb.diff.hu\/en\/#website"},"primaryImageOfPage":{"@id":"https:\/\/cb.diff.hu\/en\/our-target-markets\/#primaryimage"},"image":{"@id":"https:\/\/cb.diff.hu\/en\/our-target-markets\/#primaryimage"},"thumbnailUrl":"https:\/\/contractbeds.eu\/wp-content\/uploads\/2021\/04\/77153266_s.jpg","datePublished":"2021-04-15T15:26:08+00:00","dateModified":"2025-02-24T13:16:19+00:00","breadcrumb":{"@id":"https:\/\/cb.diff.hu\/en\/our-target-markets\/#breadcrumb"},"inLanguage":"en-US","potentialAction":[{"@type":"ReadAction","target":["https:\/\/cb.diff.hu\/en\/our-target-markets\/"]}]},{"@type":"ImageObject","inLanguage":"en-US","@id":"https:\/\/cb.diff.hu\/en\/our-target-markets\/#primaryimage","url":"https:\/\/contractbeds.eu\/wp-content\/uploads\/2021\/04\/77153266_s.jpg","contentUrl":"https:\/\/contractbeds.eu\/wp-content\/uploads\/2021\/04\/77153266_s.jpg"},{"@type":"BreadcrumbList","@id":"https:\/\/cb.diff.hu\/en\/our-target-markets\/#breadcrumb","itemListElement":[{"@type":"ListItem","position":1,"name":"Homepage","item":"https:\/\/cb.diff.hu\/en\/"},{"@type":"ListItem","position":2,"name":"Our target markets"}]},{"@type":"WebSite","@id":"https:\/\/cb.diff.hu\/en\/#website","url":"https:\/\/cb.diff.hu\/en\/","name":"Bio-Textima H\u00e1l\u00f3szoba Manufakt\u00fara","description":"beds, mattresses - for hotels, accommodations","publisher":{"@id":"https:\/\/cb.diff.hu\/en\/#organization"},"potentialAction":[{"@type":"SearchAction","target":{"@type":"EntryPoint","urlTemplate":"https:\/\/cb.diff.hu\/en\/?s={search_term_string}"},"query-input":{"@type":"PropertyValueSpecification","valueRequired":true,"valueName":"search_term_string"}}],"inLanguage":"en-US"},{"@type":"Organization","@id":"https:\/\/cb.diff.hu\/en\/#organization","name":"BIO-TEXTIMA Kft.","url":"https:\/\/cb.diff.hu\/en\/","logo":{"@type":"ImageObject","inLanguage":"en-US","@id":"https:\/\/cb.diff.hu\/en\/#\/schema\/logo\/image\/","url":"https:\/\/contractbeds.eu\/wp-content\/uploads\/2021\/03\/biotex_logo.jpg","contentUrl":"https:\/\/contractbeds.eu\/wp-content\/uploads\/2021\/03\/biotex_logo.jpg","width":335,"height":149,"caption":"BIO-TEXTIMA Kft."},"image":{"@id":"https:\/\/cb.diff.hu\/en\/#\/schema\/logo\/image\/"}}]}},"_links":{"self":[{"href":"https:\/\/cb.diff.hu\/en\/wp-json\/wp\/v2\/pages\/8326","targetHints":{"allow":["GET"]}}],"collection":[{"href":"https:\/\/cb.diff.hu\/en\/wp-json\/wp\/v2\/pages"}],"about":[{"href":"https:\/\/cb.diff.hu\/en\/wp-json\/wp\/v2\/types\/page"}],"author":[{"embeddable":true,"href":"https:\/\/cb.diff.hu\/en\/wp-json\/wp\/v2\/users\/1"}],"replies":[{"embeddable":true,"href":"https:\/\/cb.diff.hu\/en\/wp-json\/wp\/v2\/comments?post=8326"}],"version-history":[{"count":0,"href":"https:\/\/cb.diff.hu\/en\/wp-json\/wp\/v2\/pages\/8326\/revisions"}],"wp:attachment":[{"href":"https:\/\/cb.diff.hu\/en\/wp-json\/wp\/v2\/media?parent=8326"}],"curies":[{"name":"wp","href":"https:\/\/api.w.org\/{rel}","templated":true}]}}