{"id":8378,"date":"2021-04-15T16:02:21","date_gmt":"2021-04-15T16:02:21","guid":{"rendered":"http:\/\/localhost\/about-us\/"},"modified":"2025-02-24T13:01:48","modified_gmt":"2025-02-24T13:01:48","slug":"about-us","status":"publish","type":"page","link":"https:\/\/cb.diff.hu\/en\/about-us\/","title":{"rendered":"About Us"},"content":{"rendered":"<h2>About us<\/h2>\n<p>We manufacture mattresses, beds, upholstered bedroom furniture, and accessories with 30 years of professional experience and expertise. Starting from handcrafted biomattresses and pillows under artisanal conditions, we have come a long way. Over the past three decades, our mattress collections and sleep systems have reached numerous domestic and international home furnishing stores alongside brand retail networks. As the years went by, we gained increasing expertise in project orders and are now comfortable navigating the world of concept and interior design plans. We have played a role in furnishing numerous accommodations, hotels, dormitories, nursing homes, healthcare facilities, and gastronomic establishments. We are primarily successful in realizing unique client or designer visions and manufacturing small to medium-sized model series. Alongside our manufacturing knowledge and experience gained over the years, we provide product design assistance, a well-maintained supplier network, and transportation and logistics services, including on-site installation, assembly, collection, and recycling services.<\/p>\n<p>To keep our knowledge of materials up to date, we regularly attend major international industry exhibitions. We work with various materials, ranging from basic functional foams to specialized spring systems and the highest quality organic latex or textiles produced from recycled plastic waste from the oceans, always tailored to the objectives and requirements. Instead of focusing on mass production resembling Chinese patterns, we have always been more interested in value creation. Therefore, we have developed our manufacturing technology to produce high-quality products in small to medium-sized series based on custom designs. While our production process benefits from digitalization and is highly mechanized, supported by an advanced enterprise resource planning system, a significant portion of our products is still crafted in accordance with the traditions of the long-established Hungarian artisanal industry.<\/p>\n<ul>\n<li>made in EU<\/li>\n<li>30 years of manufacturing experience<\/li>\n<li>Tested and quality-certified materials and products<\/li>\n<li>Sustainable production<\/li>\n<li>Strategically located manufacturing site for logistics and shipping<\/li>\n<li>We deliver to all countries in Europe<\/li>\n<li>Over 100 satisfied hotel owners<\/li>\n<\/ul>\n<p>\t\t\t\t\t\t\t\t\t\t\t\t\t\t\t<img loading=\"lazy\" decoding=\"async\" width=\"1024\" height=\"683\" src=\"https:\/\/contractbeds.eu\/wp-content\/uploads\/2021\/03\/BT3A9508-1024x683.jpg\" alt=\"contractbeds\" srcset=\"https:\/\/contractbeds.eu\/wp-content\/uploads\/2021\/03\/BT3A9508-1024x683.jpg 1024w, https:\/\/contractbeds.eu\/wp-content\/uploads\/2021\/03\/BT3A9508-768x512.jpg 768w, https:\/\/contractbeds.eu\/wp-content\/uploads\/2021\/03\/BT3A9508-640x427.jpg 640w, https:\/\/contractbeds.eu\/wp-content\/uploads\/2021\/03\/BT3A9508-400x267.jpg 400w, https:\/\/contractbeds.eu\/wp-content\/uploads\/2021\/03\/BT3A9508-367x245.jpg 367w, https:\/\/contractbeds.eu\/wp-content\/uploads\/2021\/03\/BT3A9508-600x400.jpg 600w\" sizes=\"auto, (max-width: 1024px) 100vw, 1024px\" \/><br \/>\n\t\t\t\t\t\t\t\t\t\t\t\t\t\t\t<img loading=\"lazy\" decoding=\"async\" width=\"1024\" height=\"576\" src=\"https:\/\/contractbeds.eu\/wp-content\/uploads\/2021\/03\/01.01_04_01_10.Still007-1024x576.jpg\" alt=\"contractbeds_referencia\" srcset=\"https:\/\/contractbeds.eu\/wp-content\/uploads\/2021\/03\/01.01_04_01_10.Still007-1024x576.jpg 1024w, https:\/\/contractbeds.eu\/wp-content\/uploads\/2021\/03\/01.01_04_01_10.Still007-768x432.jpg 768w, https:\/\/contractbeds.eu\/wp-content\/uploads\/2021\/03\/01.01_04_01_10.Still007-640x360.jpg 640w, https:\/\/contractbeds.eu\/wp-content\/uploads\/2021\/03\/01.01_04_01_10.Still007-400x225.jpg 400w, https:\/\/contractbeds.eu\/wp-content\/uploads\/2021\/03\/01.01_04_01_10.Still007-367x206.jpg 367w, https:\/\/contractbeds.eu\/wp-content\/uploads\/2021\/03\/01.01_04_01_10.Still007-600x338.jpg 600w\" sizes=\"auto, (max-width: 1024px) 100vw, 1024px\" \/>\t\t\t\t\t\t\t\t\t\t\t\t\t\t\t<\/p>\n<h2>Can we help?<\/h2>\n<p>Feel free to contact us with your inquiries, requests for quotes, and ideas!<\/p>\n<p>\t\t\t\t\t<a href=\"https:\/\/contractbeds.eu\/en\/contact\/\"><br \/>\n\t\t\t\t\t\t\t\t\tContact<br \/>\n\t\t\t\t\t<\/a><\/p>\n","protected":false},"excerpt":{"rendered":"<p>About us We manufacture mattresses, beds, upholstered bedroom furniture, and accessories with 30 years of professional experience and expertise. Starting from handcrafted biomattresses and pillows under artisanal conditions, we have come a long way. Over the past three decades, our mattress collections and sleep systems have reached numerous domestic and international home furnishing stores alongside [&hellip;]<\/p>\n","protected":false},"author":1,"featured_media":0,"parent":0,"menu_order":0,"comment_status":"closed","ping_status":"closed","template":"","meta":{"footnotes":""},"class_list":["post-8378","page","type-page","status-publish","hentry"],"yoast_head":"<!-- This site is optimized with the Yoast SEO plugin v24.4 - https:\/\/yoast.com\/wordpress\/plugins\/seo\/ -->\n<title>About Us - Bio-Textima - Bedding, Interior, Object<\/title>\n<meta name=\"robots\" content=\"index, follow, max-snippet:-1, max-image-preview:large, max-video-preview:-1\" \/>\n<link rel=\"canonical\" href=\"https:\/\/cb.diff.hu\/en\/about-us\/\" \/>\n<meta property=\"og:locale\" content=\"en_US\" \/>\n<meta property=\"og:type\" content=\"article\" \/>\n<meta property=\"og:title\" content=\"About Us - Bio-Textima - Bedding, Interior, Object\" \/>\n<meta property=\"og:description\" content=\"About us We manufacture mattresses, beds, upholstered bedroom furniture, and accessories with 30 years of professional experience and expertise. Starting from handcrafted biomattresses and pillows under artisanal conditions, we have come a long way. Over the past three decades, our mattress collections and sleep systems have reached numerous domestic and international home furnishing stores alongside [&hellip;]\" \/>\n<meta property=\"og:url\" content=\"https:\/\/cb.diff.hu\/en\/about-us\/\" \/>\n<meta property=\"og:site_name\" content=\"Bio-Textima - Bedding, Interior, Object\" \/>\n<meta property=\"article:modified_time\" content=\"2025-02-24T13:01:48+00:00\" \/>\n<meta property=\"og:image\" content=\"https:\/\/contractbeds.eu\/wp-content\/uploads\/2021\/03\/BT3A9508-1024x683.jpg\" \/>\n<meta name=\"twitter:card\" content=\"summary_large_image\" \/>\n<meta name=\"twitter:label1\" content=\"Est. reading time\" \/>\n\t<meta name=\"twitter:data1\" content=\"2 minutes\" \/>\n<script type=\"application\/ld+json\" class=\"yoast-schema-graph\">{\"@context\":\"https:\/\/schema.org\",\"@graph\":[{\"@type\":\"WebPage\",\"@id\":\"https:\/\/cb.diff.hu\/en\/about-us\/\",\"url\":\"https:\/\/cb.diff.hu\/en\/about-us\/\",\"name\":\"About Us - Bio-Textima - Bedding, Interior, Object\",\"isPartOf\":{\"@id\":\"https:\/\/cb.diff.hu\/en\/#website\"},\"primaryImageOfPage\":{\"@id\":\"https:\/\/cb.diff.hu\/en\/about-us\/#primaryimage\"},\"image\":{\"@id\":\"https:\/\/cb.diff.hu\/en\/about-us\/#primaryimage\"},\"thumbnailUrl\":\"https:\/\/contractbeds.eu\/wp-content\/uploads\/2021\/03\/BT3A9508-1024x683.jpg\",\"datePublished\":\"2021-04-15T16:02:21+00:00\",\"dateModified\":\"2025-02-24T13:01:48+00:00\",\"breadcrumb\":{\"@id\":\"https:\/\/cb.diff.hu\/en\/about-us\/#breadcrumb\"},\"inLanguage\":\"en-US\",\"potentialAction\":[{\"@type\":\"ReadAction\",\"target\":[\"https:\/\/cb.diff.hu\/en\/about-us\/\"]}]},{\"@type\":\"ImageObject\",\"inLanguage\":\"en-US\",\"@id\":\"https:\/\/cb.diff.hu\/en\/about-us\/#primaryimage\",\"url\":\"https:\/\/contractbeds.eu\/wp-content\/uploads\/2021\/03\/BT3A9508-1024x683.jpg\",\"contentUrl\":\"https:\/\/contractbeds.eu\/wp-content\/uploads\/2021\/03\/BT3A9508-1024x683.jpg\"},{\"@type\":\"BreadcrumbList\",\"@id\":\"https:\/\/cb.diff.hu\/en\/about-us\/#breadcrumb\",\"itemListElement\":[{\"@type\":\"ListItem\",\"position\":1,\"name\":\"Homepage\",\"item\":\"https:\/\/cb.diff.hu\/en\/\"},{\"@type\":\"ListItem\",\"position\":2,\"name\":\"About Us\"}]},{\"@type\":\"WebSite\",\"@id\":\"https:\/\/cb.diff.hu\/en\/#website\",\"url\":\"https:\/\/cb.diff.hu\/en\/\",\"name\":\"Bio-Textima H\u00e1l\u00f3szoba Manufakt\u00fara\",\"description\":\"beds, mattresses - for hotels, accommodations\",\"publisher\":{\"@id\":\"https:\/\/cb.diff.hu\/en\/#organization\"},\"potentialAction\":[{\"@type\":\"SearchAction\",\"target\":{\"@type\":\"EntryPoint\",\"urlTemplate\":\"https:\/\/cb.diff.hu\/en\/?s={search_term_string}\"},\"query-input\":{\"@type\":\"PropertyValueSpecification\",\"valueRequired\":true,\"valueName\":\"search_term_string\"}}],\"inLanguage\":\"en-US\"},{\"@type\":\"Organization\",\"@id\":\"https:\/\/cb.diff.hu\/en\/#organization\",\"name\":\"BIO-TEXTIMA Kft.\",\"url\":\"https:\/\/cb.diff.hu\/en\/\",\"logo\":{\"@type\":\"ImageObject\",\"inLanguage\":\"en-US\",\"@id\":\"https:\/\/cb.diff.hu\/en\/#\/schema\/logo\/image\/\",\"url\":\"https:\/\/contractbeds.eu\/wp-content\/uploads\/2021\/03\/biotex_logo.jpg\",\"contentUrl\":\"https:\/\/contractbeds.eu\/wp-content\/uploads\/2021\/03\/biotex_logo.jpg\",\"width\":335,\"height\":149,\"caption\":\"BIO-TEXTIMA Kft.\"},\"image\":{\"@id\":\"https:\/\/cb.diff.hu\/en\/#\/schema\/logo\/image\/\"}}]}<\/script>\n<!-- \/ Yoast SEO plugin. -->","yoast_head_json":{"title":"About Us - Bio-Textima - Bedding, Interior, Object","robots":{"index":"index","follow":"follow","max-snippet":"max-snippet:-1","max-image-preview":"max-image-preview:large","max-video-preview":"max-video-preview:-1"},"canonical":"https:\/\/cb.diff.hu\/en\/about-us\/","og_locale":"en_US","og_type":"article","og_title":"About Us - Bio-Textima - Bedding, Interior, Object","og_description":"About us We manufacture mattresses, beds, upholstered bedroom furniture, and accessories with 30 years of professional experience and expertise. Starting from handcrafted biomattresses and pillows under artisanal conditions, we have come a long way. Over the past three decades, our mattress collections and sleep systems have reached numerous domestic and international home furnishing stores alongside [&hellip;]","og_url":"https:\/\/cb.diff.hu\/en\/about-us\/","og_site_name":"Bio-Textima - Bedding, Interior, Object","article_modified_time":"2025-02-24T13:01:48+00:00","og_image":[{"url":"https:\/\/contractbeds.eu\/wp-content\/uploads\/2021\/03\/BT3A9508-1024x683.jpg","type":"","width":"","height":""}],"twitter_card":"summary_large_image","twitter_misc":{"Est. reading time":"2 minutes"},"schema":{"@context":"https:\/\/schema.org","@graph":[{"@type":"WebPage","@id":"https:\/\/cb.diff.hu\/en\/about-us\/","url":"https:\/\/cb.diff.hu\/en\/about-us\/","name":"About Us - Bio-Textima - Bedding, Interior, Object","isPartOf":{"@id":"https:\/\/cb.diff.hu\/en\/#website"},"primaryImageOfPage":{"@id":"https:\/\/cb.diff.hu\/en\/about-us\/#primaryimage"},"image":{"@id":"https:\/\/cb.diff.hu\/en\/about-us\/#primaryimage"},"thumbnailUrl":"https:\/\/contractbeds.eu\/wp-content\/uploads\/2021\/03\/BT3A9508-1024x683.jpg","datePublished":"2021-04-15T16:02:21+00:00","dateModified":"2025-02-24T13:01:48+00:00","breadcrumb":{"@id":"https:\/\/cb.diff.hu\/en\/about-us\/#breadcrumb"},"inLanguage":"en-US","potentialAction":[{"@type":"ReadAction","target":["https:\/\/cb.diff.hu\/en\/about-us\/"]}]},{"@type":"ImageObject","inLanguage":"en-US","@id":"https:\/\/cb.diff.hu\/en\/about-us\/#primaryimage","url":"https:\/\/contractbeds.eu\/wp-content\/uploads\/2021\/03\/BT3A9508-1024x683.jpg","contentUrl":"https:\/\/contractbeds.eu\/wp-content\/uploads\/2021\/03\/BT3A9508-1024x683.jpg"},{"@type":"BreadcrumbList","@id":"https:\/\/cb.diff.hu\/en\/about-us\/#breadcrumb","itemListElement":[{"@type":"ListItem","position":1,"name":"Homepage","item":"https:\/\/cb.diff.hu\/en\/"},{"@type":"ListItem","position":2,"name":"About Us"}]},{"@type":"WebSite","@id":"https:\/\/cb.diff.hu\/en\/#website","url":"https:\/\/cb.diff.hu\/en\/","name":"Bio-Textima H\u00e1l\u00f3szoba Manufakt\u00fara","description":"beds, mattresses - for hotels, accommodations","publisher":{"@id":"https:\/\/cb.diff.hu\/en\/#organization"},"potentialAction":[{"@type":"SearchAction","target":{"@type":"EntryPoint","urlTemplate":"https:\/\/cb.diff.hu\/en\/?s={search_term_string}"},"query-input":{"@type":"PropertyValueSpecification","valueRequired":true,"valueName":"search_term_string"}}],"inLanguage":"en-US"},{"@type":"Organization","@id":"https:\/\/cb.diff.hu\/en\/#organization","name":"BIO-TEXTIMA Kft.","url":"https:\/\/cb.diff.hu\/en\/","logo":{"@type":"ImageObject","inLanguage":"en-US","@id":"https:\/\/cb.diff.hu\/en\/#\/schema\/logo\/image\/","url":"https:\/\/contractbeds.eu\/wp-content\/uploads\/2021\/03\/biotex_logo.jpg","contentUrl":"https:\/\/contractbeds.eu\/wp-content\/uploads\/2021\/03\/biotex_logo.jpg","width":335,"height":149,"caption":"BIO-TEXTIMA Kft."},"image":{"@id":"https:\/\/cb.diff.hu\/en\/#\/schema\/logo\/image\/"}}]}},"_links":{"self":[{"href":"https:\/\/cb.diff.hu\/en\/wp-json\/wp\/v2\/pages\/8378","targetHints":{"allow":["GET"]}}],"collection":[{"href":"https:\/\/cb.diff.hu\/en\/wp-json\/wp\/v2\/pages"}],"about":[{"href":"https:\/\/cb.diff.hu\/en\/wp-json\/wp\/v2\/types\/page"}],"author":[{"embeddable":true,"href":"https:\/\/cb.diff.hu\/en\/wp-json\/wp\/v2\/users\/1"}],"replies":[{"embeddable":true,"href":"https:\/\/cb.diff.hu\/en\/wp-json\/wp\/v2\/comments?post=8378"}],"version-history":[{"count":0,"href":"https:\/\/cb.diff.hu\/en\/wp-json\/wp\/v2\/pages\/8378\/revisions"}],"wp:attachment":[{"href":"https:\/\/cb.diff.hu\/en\/wp-json\/wp\/v2\/media?parent=8378"}],"curies":[{"name":"wp","href":"https:\/\/api.w.org\/{rel}","templated":true}]}}