{"id":14198,"date":"2023-07-20T07:11:19","date_gmt":"2023-07-20T07:11:19","guid":{"rendered":"https:\/\/contractbeds.eu\/termek\/reno-3-chamber-pillow\/"},"modified":"2023-09-12T14:29:32","modified_gmt":"2023-09-12T14:29:32","slug":"reno-3-chamber-pillow","status":"publish","type":"product","link":"https:\/\/cb.diff.hu\/en\/product\/reno-3-chamber-pillow\/","title":{"rendered":"RENO 3-chamber pillow"},"content":{"rendered":"<p>The gray feather inner chamber provides support and elasticity, while the PE balls placed in the outer chambers offer softness and flexibility. Thanks to the chambered structure, this pillow ensures unique sleeping comfort and is available in two sizes\/designs.<\/p>\n<ul>\n<li>Designed for hotel use, specifically crafted for durability<\/li>\n<li>Globally recognized quality, made by hand with 100% sterilized Hungarian goose feathers and polyester filling<\/li>\n<li>Excellent elasticity and indulgent softness due to the chambered design<\/li>\n<li>Outstanding support thanks to premium feathers<\/li>\n<li>Unique temperature-regulating effect<\/li>\n<li>Premium appearance<\/li>\n<li>100% cotton satin cover<\/li>\n<li>Machine washable at 40\u00b0C<\/li>\n<li>Suitable for tumble drying, ventilation recommended<\/li>\n<\/ul>\n","protected":false},"excerpt":{"rendered":"<p>Comfort pillow with mixed filling, available in two sizes\/designs<\/p>\n","protected":false},"featured_media":13788,"template":"","meta":[],"product_brand":[],"product_cat":[139],"product_tag":[],"class_list":{"0":"post-14198","1":"product","2":"type-product","3":"status-publish","4":"has-post-thumbnail","6":"product_cat-pillows-covers","8":"first","9":"instock","10":"shipping-taxable","11":"purchasable","12":"product-type-variable","13":"has-default-attributes"},"composite_layout":"","composite_add_to_cart_form_location":"","composite_editable_in_cart":false,"composite_sold_individually_context":"","composite_shop_price_calc":"","composite_components":[],"composite_scenarios":[],"yoast_head":"<!-- This site is optimized with the Yoast SEO plugin v24.4 - https:\/\/yoast.com\/wordpress\/plugins\/seo\/ -->\n<title>RENO 3-chamber pillow - Bio-Textima - Bedding, Interior, Object<\/title>\n<meta name=\"robots\" content=\"index, follow, max-snippet:-1, max-image-preview:large, max-video-preview:-1\" \/>\n<link rel=\"canonical\" href=\"https:\/\/cb.diff.hu\/en\/product\/reno-3-chamber-pillow\/\" \/>\n<meta property=\"og:locale\" content=\"en_US\" \/>\n<meta property=\"og:type\" content=\"article\" \/>\n<meta property=\"og:title\" content=\"RENO 3-chamber pillow - Bio-Textima - Bedding, Interior, Object\" \/>\n<meta property=\"og:description\" content=\"Comfort pillow with mixed filling, available in two sizes\/designs\" \/>\n<meta property=\"og:url\" content=\"https:\/\/cb.diff.hu\/en\/product\/reno-3-chamber-pillow\/\" \/>\n<meta property=\"og:site_name\" content=\"Bio-Textima - Bedding, Interior, Object\" \/>\n<meta property=\"article:modified_time\" content=\"2023-09-12T14:29:32+00:00\" \/>\n<meta property=\"og:image\" content=\"https:\/\/cb.diff.hu\/wp-content\/uploads\/2023\/07\/3kamras-parna_p.jpg\" \/>\n\t<meta property=\"og:image:width\" content=\"326\" \/>\n\t<meta property=\"og:image:height\" content=\"326\" \/>\n\t<meta property=\"og:image:type\" content=\"image\/jpeg\" \/>\n<meta name=\"twitter:card\" content=\"summary_large_image\" \/>\n<script type=\"application\/ld+json\" class=\"yoast-schema-graph\">{\"@context\":\"https:\/\/schema.org\",\"@graph\":[{\"@type\":\"WebPage\",\"@id\":\"https:\/\/cb.diff.hu\/en\/product\/reno-3-chamber-pillow\/\",\"url\":\"https:\/\/cb.diff.hu\/en\/product\/reno-3-chamber-pillow\/\",\"name\":\"RENO 3-chamber pillow - Bio-Textima - Bedding, Interior, Object\",\"isPartOf\":{\"@id\":\"https:\/\/cb.diff.hu\/en\/#website\"},\"primaryImageOfPage\":{\"@id\":\"https:\/\/cb.diff.hu\/en\/product\/reno-3-chamber-pillow\/#primaryimage\"},\"image\":{\"@id\":\"https:\/\/cb.diff.hu\/en\/product\/reno-3-chamber-pillow\/#primaryimage\"},\"thumbnailUrl\":\"https:\/\/cb.diff.hu\/wp-content\/uploads\/2023\/07\/3kamras-parna_p.jpg\",\"datePublished\":\"2023-07-20T07:11:19+00:00\",\"dateModified\":\"2023-09-12T14:29:32+00:00\",\"breadcrumb\":{\"@id\":\"https:\/\/cb.diff.hu\/en\/product\/reno-3-chamber-pillow\/#breadcrumb\"},\"inLanguage\":\"en-US\",\"potentialAction\":[{\"@type\":\"ReadAction\",\"target\":[\"https:\/\/cb.diff.hu\/en\/product\/reno-3-chamber-pillow\/\"]}]},{\"@type\":\"ImageObject\",\"inLanguage\":\"en-US\",\"@id\":\"https:\/\/cb.diff.hu\/en\/product\/reno-3-chamber-pillow\/#primaryimage\",\"url\":\"https:\/\/cb.diff.hu\/wp-content\/uploads\/2023\/07\/3kamras-parna_p.jpg\",\"contentUrl\":\"https:\/\/cb.diff.hu\/wp-content\/uploads\/2023\/07\/3kamras-parna_p.jpg\",\"width\":326,\"height\":326,\"caption\":\"3kamras-parna\"},{\"@type\":\"BreadcrumbList\",\"@id\":\"https:\/\/cb.diff.hu\/en\/product\/reno-3-chamber-pillow\/#breadcrumb\",\"itemListElement\":[{\"@type\":\"ListItem\",\"position\":1,\"name\":\"Homepage\",\"item\":\"https:\/\/cb.diff.hu\/en\/\"},{\"@type\":\"ListItem\",\"position\":2,\"name\":\"Products\",\"item\":\"https:\/\/cb.diff.hu\/termekeink\/\"},{\"@type\":\"ListItem\",\"position\":3,\"name\":\"RENO 3-chamber pillow\"}]},{\"@type\":\"WebSite\",\"@id\":\"https:\/\/cb.diff.hu\/en\/#website\",\"url\":\"https:\/\/cb.diff.hu\/en\/\",\"name\":\"Bio-Textima H\u00e1l\u00f3szoba Manufakt\u00fara\",\"description\":\"beds, mattresses - for hotels, accommodations\",\"publisher\":{\"@id\":\"https:\/\/cb.diff.hu\/en\/#organization\"},\"potentialAction\":[{\"@type\":\"SearchAction\",\"target\":{\"@type\":\"EntryPoint\",\"urlTemplate\":\"https:\/\/cb.diff.hu\/en\/?s={search_term_string}\"},\"query-input\":{\"@type\":\"PropertyValueSpecification\",\"valueRequired\":true,\"valueName\":\"search_term_string\"}}],\"inLanguage\":\"en-US\"},{\"@type\":\"Organization\",\"@id\":\"https:\/\/cb.diff.hu\/en\/#organization\",\"name\":\"BIO-TEXTIMA Kft.\",\"url\":\"https:\/\/cb.diff.hu\/en\/\",\"logo\":{\"@type\":\"ImageObject\",\"inLanguage\":\"en-US\",\"@id\":\"https:\/\/cb.diff.hu\/en\/#\/schema\/logo\/image\/\",\"url\":\"https:\/\/contractbeds.eu\/wp-content\/uploads\/2021\/03\/biotex_logo.jpg\",\"contentUrl\":\"https:\/\/contractbeds.eu\/wp-content\/uploads\/2021\/03\/biotex_logo.jpg\",\"width\":335,\"height\":149,\"caption\":\"BIO-TEXTIMA Kft.\"},\"image\":{\"@id\":\"https:\/\/cb.diff.hu\/en\/#\/schema\/logo\/image\/\"}}]}<\/script>\n<!-- \/ Yoast SEO plugin. -->","yoast_head_json":{"title":"RENO 3-chamber pillow - Bio-Textima - Bedding, Interior, Object","robots":{"index":"index","follow":"follow","max-snippet":"max-snippet:-1","max-image-preview":"max-image-preview:large","max-video-preview":"max-video-preview:-1"},"canonical":"https:\/\/cb.diff.hu\/en\/product\/reno-3-chamber-pillow\/","og_locale":"en_US","og_type":"article","og_title":"RENO 3-chamber pillow - Bio-Textima - Bedding, Interior, Object","og_description":"Comfort pillow with mixed filling, available in two sizes\/designs","og_url":"https:\/\/cb.diff.hu\/en\/product\/reno-3-chamber-pillow\/","og_site_name":"Bio-Textima - Bedding, Interior, Object","article_modified_time":"2023-09-12T14:29:32+00:00","og_image":[{"width":326,"height":326,"url":"https:\/\/cb.diff.hu\/wp-content\/uploads\/2023\/07\/3kamras-parna_p.jpg","type":"image\/jpeg"}],"twitter_card":"summary_large_image","schema":{"@context":"https:\/\/schema.org","@graph":[{"@type":"WebPage","@id":"https:\/\/cb.diff.hu\/en\/product\/reno-3-chamber-pillow\/","url":"https:\/\/cb.diff.hu\/en\/product\/reno-3-chamber-pillow\/","name":"RENO 3-chamber pillow - Bio-Textima - Bedding, Interior, Object","isPartOf":{"@id":"https:\/\/cb.diff.hu\/en\/#website"},"primaryImageOfPage":{"@id":"https:\/\/cb.diff.hu\/en\/product\/reno-3-chamber-pillow\/#primaryimage"},"image":{"@id":"https:\/\/cb.diff.hu\/en\/product\/reno-3-chamber-pillow\/#primaryimage"},"thumbnailUrl":"https:\/\/cb.diff.hu\/wp-content\/uploads\/2023\/07\/3kamras-parna_p.jpg","datePublished":"2023-07-20T07:11:19+00:00","dateModified":"2023-09-12T14:29:32+00:00","breadcrumb":{"@id":"https:\/\/cb.diff.hu\/en\/product\/reno-3-chamber-pillow\/#breadcrumb"},"inLanguage":"en-US","potentialAction":[{"@type":"ReadAction","target":["https:\/\/cb.diff.hu\/en\/product\/reno-3-chamber-pillow\/"]}]},{"@type":"ImageObject","inLanguage":"en-US","@id":"https:\/\/cb.diff.hu\/en\/product\/reno-3-chamber-pillow\/#primaryimage","url":"https:\/\/cb.diff.hu\/wp-content\/uploads\/2023\/07\/3kamras-parna_p.jpg","contentUrl":"https:\/\/cb.diff.hu\/wp-content\/uploads\/2023\/07\/3kamras-parna_p.jpg","width":326,"height":326,"caption":"3kamras-parna"},{"@type":"BreadcrumbList","@id":"https:\/\/cb.diff.hu\/en\/product\/reno-3-chamber-pillow\/#breadcrumb","itemListElement":[{"@type":"ListItem","position":1,"name":"Homepage","item":"https:\/\/cb.diff.hu\/en\/"},{"@type":"ListItem","position":2,"name":"Products","item":"https:\/\/cb.diff.hu\/termekeink\/"},{"@type":"ListItem","position":3,"name":"RENO 3-chamber pillow"}]},{"@type":"WebSite","@id":"https:\/\/cb.diff.hu\/en\/#website","url":"https:\/\/cb.diff.hu\/en\/","name":"Bio-Textima H\u00e1l\u00f3szoba Manufakt\u00fara","description":"beds, mattresses - for hotels, accommodations","publisher":{"@id":"https:\/\/cb.diff.hu\/en\/#organization"},"potentialAction":[{"@type":"SearchAction","target":{"@type":"EntryPoint","urlTemplate":"https:\/\/cb.diff.hu\/en\/?s={search_term_string}"},"query-input":{"@type":"PropertyValueSpecification","valueRequired":true,"valueName":"search_term_string"}}],"inLanguage":"en-US"},{"@type":"Organization","@id":"https:\/\/cb.diff.hu\/en\/#organization","name":"BIO-TEXTIMA Kft.","url":"https:\/\/cb.diff.hu\/en\/","logo":{"@type":"ImageObject","inLanguage":"en-US","@id":"https:\/\/cb.diff.hu\/en\/#\/schema\/logo\/image\/","url":"https:\/\/contractbeds.eu\/wp-content\/uploads\/2021\/03\/biotex_logo.jpg","contentUrl":"https:\/\/contractbeds.eu\/wp-content\/uploads\/2021\/03\/biotex_logo.jpg","width":335,"height":149,"caption":"BIO-TEXTIMA Kft."},"image":{"@id":"https:\/\/cb.diff.hu\/en\/#\/schema\/logo\/image\/"}}]}},"_links":{"self":[{"href":"https:\/\/cb.diff.hu\/en\/wp-json\/wp\/v2\/product\/14198","targetHints":{"allow":["GET"]}}],"collection":[{"href":"https:\/\/cb.diff.hu\/en\/wp-json\/wp\/v2\/product"}],"about":[{"href":"https:\/\/cb.diff.hu\/en\/wp-json\/wp\/v2\/types\/product"}],"wp:featuredmedia":[{"embeddable":true,"href":"https:\/\/cb.diff.hu\/en\/wp-json\/wp\/v2\/media\/13788"}],"wp:attachment":[{"href":"https:\/\/cb.diff.hu\/en\/wp-json\/wp\/v2\/media?parent=14198"}],"wp:term":[{"taxonomy":"product_brand","embeddable":true,"href":"https:\/\/cb.diff.hu\/en\/wp-json\/wp\/v2\/product_brand?post=14198"},{"taxonomy":"product_cat","embeddable":true,"href":"https:\/\/cb.diff.hu\/en\/wp-json\/wp\/v2\/product_cat?post=14198"},{"taxonomy":"product_tag","embeddable":true,"href":"https:\/\/cb.diff.hu\/en\/wp-json\/wp\/v2\/product_tag?post=14198"}],"curies":[{"name":"wp","href":"https:\/\/api.w.org\/{rel}","templated":true}]}}