{"id":17049,"date":"2024-05-02T09:38:40","date_gmt":"2024-05-02T09:38:41","guid":{"rendered":"https:\/\/contractbeds.eu\/?post_type=product&#038;p=17049"},"modified":"2024-05-02T11:36:38","modified_gmt":"2024-05-02T11:36:38","slug":"dreamfold-2in1","status":"publish","type":"product","link":"https:\/\/cb.diff.hu\/en\/product\/dreamfold-2in1\/","title":{"rendered":"Dreamfold 2in1"},"content":{"rendered":"<ul>\n<li>Fully padded and upholstered design throughout.<\/li>\n<li>Premium quality fabric selection in the trendiest colors.<\/li>\n<li>Optional bed legs available in natural beech and walnut colors.<\/li>\n<li>Removable and washable cover with zipper on the sleeping surface.<\/li>\n<li>Outstanding sleeping comfort with optional mattress models (cold foam, Bonnell spring, or pocket spring mattresses in sizes of 2x 80&#215;200 cm, with a maximum thickness of 25 cm).<\/li>\n<li>Large storage space for bedding.<\/li>\n<li>Back and armrest cushions.<\/li>\n<\/ul>\n","protected":false},"excerpt":{"rendered":"<p>Convertible upholstered sofa bed with full-size French bed function, optional sleeping surface, bedding storage, and decorative cushions<\/p>\n","protected":false},"featured_media":16948,"template":"","meta":[],"product_brand":[],"product_cat":[137],"product_tag":[],"class_list":{"0":"post-17049","1":"product","2":"type-product","3":"status-publish","4":"has-post-thumbnail","6":"product_cat-sofas","8":"first","9":"instock","10":"shipping-taxable","11":"purchasable","12":"product-type-variable","13":"has-default-attributes"},"composite_layout":"","composite_add_to_cart_form_location":"","composite_editable_in_cart":false,"composite_sold_individually_context":"","composite_shop_price_calc":"","composite_components":[],"composite_scenarios":[],"yoast_head":"<!-- This site is optimized with the Yoast SEO plugin v24.4 - https:\/\/yoast.com\/wordpress\/plugins\/seo\/ -->\n<title>Dreamfold 2in1 - Bio-Textima - Bedding, Interior, Object<\/title>\n<meta name=\"robots\" content=\"index, follow, max-snippet:-1, max-image-preview:large, max-video-preview:-1\" \/>\n<link rel=\"canonical\" href=\"https:\/\/cb.diff.hu\/en\/product\/dreamfold-2in1\/\" \/>\n<meta property=\"og:locale\" content=\"en_US\" \/>\n<meta property=\"og:type\" content=\"article\" \/>\n<meta property=\"og:title\" content=\"Dreamfold 2in1 - Bio-Textima - Bedding, Interior, Object\" \/>\n<meta property=\"og:description\" content=\"Convertible upholstered sofa bed with full-size French bed function, optional sleeping surface, bedding storage, and decorative cushions\" \/>\n<meta property=\"og:url\" content=\"https:\/\/cb.diff.hu\/en\/product\/dreamfold-2in1\/\" \/>\n<meta property=\"og:site_name\" content=\"Bio-Textima - Bedding, Interior, Object\" \/>\n<meta property=\"article:modified_time\" content=\"2024-05-02T11:36:38+00:00\" \/>\n<meta property=\"og:image\" content=\"https:\/\/cb.diff.hu\/wp-content\/uploads\/2024\/05\/Dreamfold2in1_01.jpg\" \/>\n\t<meta property=\"og:image:width\" content=\"327\" \/>\n\t<meta property=\"og:image:height\" content=\"245\" \/>\n\t<meta property=\"og:image:type\" content=\"image\/jpeg\" \/>\n<meta name=\"twitter:card\" content=\"summary_large_image\" \/>\n<script type=\"application\/ld+json\" class=\"yoast-schema-graph\">{\"@context\":\"https:\/\/schema.org\",\"@graph\":[{\"@type\":\"WebPage\",\"@id\":\"https:\/\/cb.diff.hu\/en\/product\/dreamfold-2in1\/\",\"url\":\"https:\/\/cb.diff.hu\/en\/product\/dreamfold-2in1\/\",\"name\":\"Dreamfold 2in1 - Bio-Textima - Bedding, Interior, Object\",\"isPartOf\":{\"@id\":\"https:\/\/cb.diff.hu\/en\/#website\"},\"primaryImageOfPage\":{\"@id\":\"https:\/\/cb.diff.hu\/en\/product\/dreamfold-2in1\/#primaryimage\"},\"image\":{\"@id\":\"https:\/\/cb.diff.hu\/en\/product\/dreamfold-2in1\/#primaryimage\"},\"thumbnailUrl\":\"https:\/\/cb.diff.hu\/wp-content\/uploads\/2024\/05\/Dreamfold2in1_01.jpg\",\"datePublished\":\"2024-05-02T09:38:41+00:00\",\"dateModified\":\"2024-05-02T11:36:38+00:00\",\"breadcrumb\":{\"@id\":\"https:\/\/cb.diff.hu\/en\/product\/dreamfold-2in1\/#breadcrumb\"},\"inLanguage\":\"en-US\",\"potentialAction\":[{\"@type\":\"ReadAction\",\"target\":[\"https:\/\/cb.diff.hu\/en\/product\/dreamfold-2in1\/\"]}]},{\"@type\":\"ImageObject\",\"inLanguage\":\"en-US\",\"@id\":\"https:\/\/cb.diff.hu\/en\/product\/dreamfold-2in1\/#primaryimage\",\"url\":\"https:\/\/cb.diff.hu\/wp-content\/uploads\/2024\/05\/Dreamfold2in1_01.jpg\",\"contentUrl\":\"https:\/\/cb.diff.hu\/wp-content\/uploads\/2024\/05\/Dreamfold2in1_01.jpg\",\"width\":327,\"height\":245},{\"@type\":\"BreadcrumbList\",\"@id\":\"https:\/\/cb.diff.hu\/en\/product\/dreamfold-2in1\/#breadcrumb\",\"itemListElement\":[{\"@type\":\"ListItem\",\"position\":1,\"name\":\"Homepage\",\"item\":\"https:\/\/cb.diff.hu\/en\/\"},{\"@type\":\"ListItem\",\"position\":2,\"name\":\"Products\",\"item\":\"https:\/\/cb.diff.hu\/termekeink\/\"},{\"@type\":\"ListItem\",\"position\":3,\"name\":\"Dreamfold 2in1\"}]},{\"@type\":\"WebSite\",\"@id\":\"https:\/\/cb.diff.hu\/en\/#website\",\"url\":\"https:\/\/cb.diff.hu\/en\/\",\"name\":\"Bio-Textima H\u00e1l\u00f3szoba Manufakt\u00fara\",\"description\":\"beds, mattresses - for hotels, accommodations\",\"publisher\":{\"@id\":\"https:\/\/cb.diff.hu\/en\/#organization\"},\"potentialAction\":[{\"@type\":\"SearchAction\",\"target\":{\"@type\":\"EntryPoint\",\"urlTemplate\":\"https:\/\/cb.diff.hu\/en\/?s={search_term_string}\"},\"query-input\":{\"@type\":\"PropertyValueSpecification\",\"valueRequired\":true,\"valueName\":\"search_term_string\"}}],\"inLanguage\":\"en-US\"},{\"@type\":\"Organization\",\"@id\":\"https:\/\/cb.diff.hu\/en\/#organization\",\"name\":\"BIO-TEXTIMA Kft.\",\"url\":\"https:\/\/cb.diff.hu\/en\/\",\"logo\":{\"@type\":\"ImageObject\",\"inLanguage\":\"en-US\",\"@id\":\"https:\/\/cb.diff.hu\/en\/#\/schema\/logo\/image\/\",\"url\":\"https:\/\/contractbeds.eu\/wp-content\/uploads\/2021\/03\/biotex_logo.jpg\",\"contentUrl\":\"https:\/\/contractbeds.eu\/wp-content\/uploads\/2021\/03\/biotex_logo.jpg\",\"width\":335,\"height\":149,\"caption\":\"BIO-TEXTIMA Kft.\"},\"image\":{\"@id\":\"https:\/\/cb.diff.hu\/en\/#\/schema\/logo\/image\/\"}}]}<\/script>\n<!-- \/ Yoast SEO plugin. -->","yoast_head_json":{"title":"Dreamfold 2in1 - Bio-Textima - Bedding, Interior, Object","robots":{"index":"index","follow":"follow","max-snippet":"max-snippet:-1","max-image-preview":"max-image-preview:large","max-video-preview":"max-video-preview:-1"},"canonical":"https:\/\/cb.diff.hu\/en\/product\/dreamfold-2in1\/","og_locale":"en_US","og_type":"article","og_title":"Dreamfold 2in1 - Bio-Textima - Bedding, Interior, Object","og_description":"Convertible upholstered sofa bed with full-size French bed function, optional sleeping surface, bedding storage, and decorative cushions","og_url":"https:\/\/cb.diff.hu\/en\/product\/dreamfold-2in1\/","og_site_name":"Bio-Textima - Bedding, Interior, Object","article_modified_time":"2024-05-02T11:36:38+00:00","og_image":[{"width":327,"height":245,"url":"https:\/\/cb.diff.hu\/wp-content\/uploads\/2024\/05\/Dreamfold2in1_01.jpg","type":"image\/jpeg"}],"twitter_card":"summary_large_image","schema":{"@context":"https:\/\/schema.org","@graph":[{"@type":"WebPage","@id":"https:\/\/cb.diff.hu\/en\/product\/dreamfold-2in1\/","url":"https:\/\/cb.diff.hu\/en\/product\/dreamfold-2in1\/","name":"Dreamfold 2in1 - Bio-Textima - Bedding, Interior, Object","isPartOf":{"@id":"https:\/\/cb.diff.hu\/en\/#website"},"primaryImageOfPage":{"@id":"https:\/\/cb.diff.hu\/en\/product\/dreamfold-2in1\/#primaryimage"},"image":{"@id":"https:\/\/cb.diff.hu\/en\/product\/dreamfold-2in1\/#primaryimage"},"thumbnailUrl":"https:\/\/cb.diff.hu\/wp-content\/uploads\/2024\/05\/Dreamfold2in1_01.jpg","datePublished":"2024-05-02T09:38:41+00:00","dateModified":"2024-05-02T11:36:38+00:00","breadcrumb":{"@id":"https:\/\/cb.diff.hu\/en\/product\/dreamfold-2in1\/#breadcrumb"},"inLanguage":"en-US","potentialAction":[{"@type":"ReadAction","target":["https:\/\/cb.diff.hu\/en\/product\/dreamfold-2in1\/"]}]},{"@type":"ImageObject","inLanguage":"en-US","@id":"https:\/\/cb.diff.hu\/en\/product\/dreamfold-2in1\/#primaryimage","url":"https:\/\/cb.diff.hu\/wp-content\/uploads\/2024\/05\/Dreamfold2in1_01.jpg","contentUrl":"https:\/\/cb.diff.hu\/wp-content\/uploads\/2024\/05\/Dreamfold2in1_01.jpg","width":327,"height":245},{"@type":"BreadcrumbList","@id":"https:\/\/cb.diff.hu\/en\/product\/dreamfold-2in1\/#breadcrumb","itemListElement":[{"@type":"ListItem","position":1,"name":"Homepage","item":"https:\/\/cb.diff.hu\/en\/"},{"@type":"ListItem","position":2,"name":"Products","item":"https:\/\/cb.diff.hu\/termekeink\/"},{"@type":"ListItem","position":3,"name":"Dreamfold 2in1"}]},{"@type":"WebSite","@id":"https:\/\/cb.diff.hu\/en\/#website","url":"https:\/\/cb.diff.hu\/en\/","name":"Bio-Textima H\u00e1l\u00f3szoba Manufakt\u00fara","description":"beds, mattresses - for hotels, accommodations","publisher":{"@id":"https:\/\/cb.diff.hu\/en\/#organization"},"potentialAction":[{"@type":"SearchAction","target":{"@type":"EntryPoint","urlTemplate":"https:\/\/cb.diff.hu\/en\/?s={search_term_string}"},"query-input":{"@type":"PropertyValueSpecification","valueRequired":true,"valueName":"search_term_string"}}],"inLanguage":"en-US"},{"@type":"Organization","@id":"https:\/\/cb.diff.hu\/en\/#organization","name":"BIO-TEXTIMA Kft.","url":"https:\/\/cb.diff.hu\/en\/","logo":{"@type":"ImageObject","inLanguage":"en-US","@id":"https:\/\/cb.diff.hu\/en\/#\/schema\/logo\/image\/","url":"https:\/\/contractbeds.eu\/wp-content\/uploads\/2021\/03\/biotex_logo.jpg","contentUrl":"https:\/\/contractbeds.eu\/wp-content\/uploads\/2021\/03\/biotex_logo.jpg","width":335,"height":149,"caption":"BIO-TEXTIMA Kft."},"image":{"@id":"https:\/\/cb.diff.hu\/en\/#\/schema\/logo\/image\/"}}]}},"_links":{"self":[{"href":"https:\/\/cb.diff.hu\/en\/wp-json\/wp\/v2\/product\/17049","targetHints":{"allow":["GET"]}}],"collection":[{"href":"https:\/\/cb.diff.hu\/en\/wp-json\/wp\/v2\/product"}],"about":[{"href":"https:\/\/cb.diff.hu\/en\/wp-json\/wp\/v2\/types\/product"}],"wp:featuredmedia":[{"embeddable":true,"href":"https:\/\/cb.diff.hu\/en\/wp-json\/wp\/v2\/media\/16948"}],"wp:attachment":[{"href":"https:\/\/cb.diff.hu\/en\/wp-json\/wp\/v2\/media?parent=17049"}],"wp:term":[{"taxonomy":"product_brand","embeddable":true,"href":"https:\/\/cb.diff.hu\/en\/wp-json\/wp\/v2\/product_brand?post=17049"},{"taxonomy":"product_cat","embeddable":true,"href":"https:\/\/cb.diff.hu\/en\/wp-json\/wp\/v2\/product_cat?post=17049"},{"taxonomy":"product_tag","embeddable":true,"href":"https:\/\/cb.diff.hu\/en\/wp-json\/wp\/v2\/product_tag?post=17049"}],"curies":[{"name":"wp","href":"https:\/\/api.w.org\/{rel}","templated":true}]}}