{"id":14502,"date":"2023-10-25T07:37:03","date_gmt":"2023-10-25T07:37:03","guid":{"rendered":"https:\/\/contractbeds.eu\/celpiacaink\/"},"modified":"2025-02-24T13:34:10","modified_gmt":"2025-02-24T13:34:10","slug":"celpiacaink","status":"publish","type":"page","link":"https:\/\/cb.diff.hu\/fr\/celpiacaink\/","title":{"rendered":"C\u00e9lpiacaink"},"content":{"rendered":"<h2>March\u00e9s cibl\u00e9s<\/h2>\n<p>\t\t\t\t\t\t\t\t\t\t\t\t\t\t\t<img loading=\"lazy\" decoding=\"async\" width=\"847\" height=\"565\" src=\"https:\/\/contractbeds.eu\/wp-content\/uploads\/2021\/04\/77153266_s.jpg\" alt=\"hotel-agyak-matracok\" srcset=\"https:\/\/contractbeds.eu\/wp-content\/uploads\/2021\/04\/77153266_s.jpg 847w, https:\/\/contractbeds.eu\/wp-content\/uploads\/2021\/04\/77153266_s-768x512.jpg 768w, https:\/\/contractbeds.eu\/wp-content\/uploads\/2021\/04\/77153266_s-640x427.jpg 640w, https:\/\/contractbeds.eu\/wp-content\/uploads\/2021\/04\/77153266_s-400x267.jpg 400w, https:\/\/contractbeds.eu\/wp-content\/uploads\/2021\/04\/77153266_s-367x245.jpg 367w, https:\/\/contractbeds.eu\/wp-content\/uploads\/2021\/04\/77153266_s-600x400.jpg 600w\" sizes=\"auto, (max-width: 847px) 100vw, 847px\" \/>\t\t\t\t\t\t\t\t\t\t\t\t\t\t\t<\/p>\n<p>Notre large gamme de produits destin\u00e9e au march\u00e9 grand public, compl\u00e9t\u00e9e depuis plusieurs ann\u00e9es par des meubles de chambre et des syst\u00e8mes de lit sp\u00e9cialement con\u00e7us pour des utilisations particuli\u00e8res, trouve \u00e9galement sa place dans notre portefeuille. Ainsi, des \u00e9tablissements de sant\u00e9 \u00e0 la recherche de solutions tr\u00e8s sp\u00e9cifiques jusqu&rsquo;aux h\u00e9bergements proposant des solutions des plus sophistiqu\u00e9es, nous offrons \u00e0 nos partenaires une pr\u00e9sentation, une qualit\u00e9, une durabilit\u00e9, une vari\u00e9t\u00e9 de tailles adapt\u00e9es, ainsi qu&rsquo;une tarification avantageuse en fonction du volume des commandes de projets.<\/p>\n<p>En plus de notre gamme de produits, nos services s&rsquo;adaptent aux exploitants d&rsquo;h\u00e9bergements ou aux attentes des entreprises de projets, fournissant des solutions compl\u00e8tes depuis la planification, les conseils professionnels jusqu&rsquo;\u00e0 la gestion logistique et de transport, et ce, jusqu&rsquo;au montage sur site professionnel.<\/p>\n<p>\t\t\t\t\t<img loading=\"lazy\" decoding=\"async\" alt=\"\" src=\"https:\/\/contractbeds.eu\/wp-content\/uploads\/2025\/02\/svgexport-4-kek.svg\" width=\"0\" height=\"0\" \/><\/p>\n<h3 style=\"\">H\u00d4TELS<\/h3>\n<p> <!-- header --><\/p>\n<p>Production bas\u00e9e sur les plans d&rsquo;architecture int\u00e9rieure et de design d&rsquo;int\u00e9rieur.<\/p>\n<p> <!-- description --><!-- porto-sicon-box --><br \/>\n\t\t\t\t\t<img loading=\"lazy\" decoding=\"async\" alt=\"\" src=\"https:\/\/contractbeds.eu\/wp-content\/uploads\/2025\/02\/svgexport-8-kek.svg\" width=\"0\" height=\"0\" \/><\/p>\n<h3 style=\"\">PENSIONS<\/h3>\n<p> <!-- header --><\/p>\n<p>Matelas avec une housse externe en tissu d&rsquo;ameublement.<\/p>\n<p> <!-- description --><!-- porto-sicon-box --><br \/>\n\t\t\t\t\t<img loading=\"lazy\" decoding=\"async\" alt=\"\" src=\"https:\/\/contractbeds.eu\/wp-content\/uploads\/2025\/02\/svgexport-9-kek.svg\" width=\"0\" height=\"0\" \/><\/p>\n<h3 style=\"\">AUBERGE<\/h3>\n<p> <!-- header --><\/p>\n<p>Lits durables et confortables r\u00e9pondant aux besoins changeants.<\/p>\n<p> <!-- description --><!-- porto-sicon-box --><br \/>\n\t\t\t\t\t<img loading=\"lazy\" decoding=\"async\" alt=\"\" src=\"https:\/\/contractbeds.eu\/wp-content\/uploads\/2025\/02\/svgexport-10-kek.svg\" width=\"0\" height=\"0\" \/><\/p>\n<h3 style=\"\">R\u00c9SIDENCES \u00c9TUDIANTES<\/h3>\n<p> <!-- header --><\/p>\n<p>La fonctionnalit\u00e9 et le design sont au centre.<\/p>\n<p> <!-- description --><!-- porto-sicon-box --><br \/>\n\t\t\t\t\t<img loading=\"lazy\" decoding=\"async\" alt=\"\" src=\"https:\/\/contractbeds.eu\/wp-content\/uploads\/2025\/02\/svgexport-5-kek.svg\" width=\"0\" height=\"0\" \/><\/p>\n<h3 style=\"\">H\u00c9BERGEMENT POUR JEUNES<\/h3>\n<p> <!-- header --><\/p>\n<p>Solutions de mobilier robustes et ing\u00e9nieuses.<\/p>\n<p> <!-- description --><!-- porto-sicon-box --><br \/>\n\t\t\t\t\t<img loading=\"lazy\" decoding=\"async\" alt=\"\" src=\"https:\/\/contractbeds.eu\/wp-content\/uploads\/2025\/02\/svgexport-7-kek.svg\" width=\"0\" height=\"0\" \/><\/p>\n<h3 style=\"\">CLINIQUES<\/h3>\n<p> <!-- header --><\/p>\n<p>Surfaces sp\u00e9ciales, lavables et antibact\u00e9riennes.<\/p>\n<p> <!-- description --><!-- porto-sicon-box --><br \/>\n\t\t\t\t\t<img loading=\"lazy\" decoding=\"async\" alt=\"\" src=\"https:\/\/contractbeds.eu\/wp-content\/uploads\/2025\/02\/svgexport-6-kek.svg\" width=\"0\" height=\"0\" \/><\/p>\n<h3 style=\"\">MAISONS DE RETRAITE<\/h3>\n<p> <!-- header --><\/p>\n<p>Nous proposons \u00e9galement des syst\u00e8mes de lit prot\u00e9geant les articulations et la colonne vert\u00e9brale.<\/p>\n<p> <!-- description --><!-- porto-sicon-box -->\t\t\t\t<\/p>\n<h2>Pouvons-nous vous aider ?<\/h2>\n<p>N&rsquo;h\u00e9sitez pas \u00e0 nous contacter pour toute question, demande de devis et id\u00e9e !<\/p>\n<p>\t\t\t\t\t<a href=\"https:\/\/contractbeds.eu\/fr\/contact\/\"><br \/>\n\t\t\t\t\t\t\t\t\tContact<br \/>\n\t\t\t\t\t<\/a><\/p>\n","protected":false},"excerpt":{"rendered":"<p>March\u00e9s cibl\u00e9s Notre large gamme de produits destin\u00e9e au march\u00e9 grand public, compl\u00e9t\u00e9e depuis plusieurs ann\u00e9es par des meubles de chambre et des syst\u00e8mes de lit sp\u00e9cialement con\u00e7us pour des utilisations particuli\u00e8res, trouve \u00e9galement sa place dans notre portefeuille. Ainsi, des \u00e9tablissements de sant\u00e9 \u00e0 la recherche de solutions tr\u00e8s sp\u00e9cifiques jusqu&rsquo;aux h\u00e9bergements proposant des [&hellip;]<\/p>\n","protected":false},"author":1,"featured_media":0,"parent":0,"menu_order":0,"comment_status":"closed","ping_status":"closed","template":"","meta":{"footnotes":""},"class_list":["post-14502","page","type-page","status-publish","hentry"],"yoast_head":"<!-- This site is optimized with the Yoast SEO plugin v24.4 - https:\/\/yoast.com\/wordpress\/plugins\/seo\/ -->\n<title>C\u00e9lpiacaink - Bio-Textima H\u00e1l\u00f3szoba Manufakt\u00fara<\/title>\n<meta name=\"robots\" content=\"index, follow, max-snippet:-1, max-image-preview:large, max-video-preview:-1\" \/>\n<link rel=\"canonical\" href=\"https:\/\/cb.diff.hu\/fr\/celpiacaink\/\" \/>\n<meta property=\"og:locale\" content=\"fr_FR\" \/>\n<meta property=\"og:type\" content=\"article\" \/>\n<meta property=\"og:title\" content=\"C\u00e9lpiacaink - Bio-Textima H\u00e1l\u00f3szoba Manufakt\u00fara\" \/>\n<meta property=\"og:description\" content=\"March\u00e9s cibl\u00e9s Notre large gamme de produits destin\u00e9e au march\u00e9 grand public, compl\u00e9t\u00e9e depuis plusieurs ann\u00e9es par des meubles de chambre et des syst\u00e8mes de lit sp\u00e9cialement con\u00e7us pour des utilisations particuli\u00e8res, trouve \u00e9galement sa place dans notre portefeuille. Ainsi, des \u00e9tablissements de sant\u00e9 \u00e0 la recherche de solutions tr\u00e8s sp\u00e9cifiques jusqu&rsquo;aux h\u00e9bergements proposant des [&hellip;]\" \/>\n<meta property=\"og:url\" content=\"https:\/\/cb.diff.hu\/fr\/celpiacaink\/\" \/>\n<meta property=\"og:site_name\" content=\"Bio-Textima H\u00e1l\u00f3szoba Manufakt\u00fara\" \/>\n<meta property=\"article:modified_time\" content=\"2025-02-24T13:34:10+00:00\" \/>\n<meta property=\"og:image\" content=\"https:\/\/contractbeds.eu\/wp-content\/uploads\/2021\/04\/77153266_s.jpg\" \/>\n<meta name=\"twitter:card\" content=\"summary_large_image\" \/>\n<meta name=\"twitter:label1\" content=\"Dur\u00e9e de lecture estim\u00e9e\" \/>\n\t<meta name=\"twitter:data1\" content=\"3 minutes\" \/>\n<script type=\"application\/ld+json\" class=\"yoast-schema-graph\">{\"@context\":\"https:\/\/schema.org\",\"@graph\":[{\"@type\":\"WebPage\",\"@id\":\"https:\/\/cb.diff.hu\/fr\/celpiacaink\/\",\"url\":\"https:\/\/cb.diff.hu\/fr\/celpiacaink\/\",\"name\":\"C\u00e9lpiacaink - Bio-Textima H\u00e1l\u00f3szoba Manufakt\u00fara\",\"isPartOf\":{\"@id\":\"https:\/\/cb.diff.hu\/fr\/#website\"},\"primaryImageOfPage\":{\"@id\":\"https:\/\/cb.diff.hu\/fr\/celpiacaink\/#primaryimage\"},\"image\":{\"@id\":\"https:\/\/cb.diff.hu\/fr\/celpiacaink\/#primaryimage\"},\"thumbnailUrl\":\"https:\/\/contractbeds.eu\/wp-content\/uploads\/2021\/04\/77153266_s.jpg\",\"datePublished\":\"2023-10-25T07:37:03+00:00\",\"dateModified\":\"2025-02-24T13:34:10+00:00\",\"breadcrumb\":{\"@id\":\"https:\/\/cb.diff.hu\/fr\/celpiacaink\/#breadcrumb\"},\"inLanguage\":\"fr-FR\",\"potentialAction\":[{\"@type\":\"ReadAction\",\"target\":[\"https:\/\/cb.diff.hu\/fr\/celpiacaink\/\"]}]},{\"@type\":\"ImageObject\",\"inLanguage\":\"fr-FR\",\"@id\":\"https:\/\/cb.diff.hu\/fr\/celpiacaink\/#primaryimage\",\"url\":\"https:\/\/contractbeds.eu\/wp-content\/uploads\/2021\/04\/77153266_s.jpg\",\"contentUrl\":\"https:\/\/contractbeds.eu\/wp-content\/uploads\/2021\/04\/77153266_s.jpg\"},{\"@type\":\"BreadcrumbList\",\"@id\":\"https:\/\/cb.diff.hu\/fr\/celpiacaink\/#breadcrumb\",\"itemListElement\":[{\"@type\":\"ListItem\",\"position\":1,\"name\":\"Page d'accueil\",\"item\":\"https:\/\/cb.diff.hu\/fr\/\"},{\"@type\":\"ListItem\",\"position\":2,\"name\":\"C\u00e9lpiacaink\"}]},{\"@type\":\"WebSite\",\"@id\":\"https:\/\/cb.diff.hu\/fr\/#website\",\"url\":\"https:\/\/cb.diff.hu\/fr\/\",\"name\":\"Bio-Textima H\u00e1l\u00f3szoba Manufakt\u00fara\",\"description\":\"\u00c1gyak \u00e9s matracok a sz\u00e1llodaipar sz\u00e1m\u00e1ra\",\"publisher\":{\"@id\":\"https:\/\/cb.diff.hu\/fr\/#organization\"},\"potentialAction\":[{\"@type\":\"SearchAction\",\"target\":{\"@type\":\"EntryPoint\",\"urlTemplate\":\"https:\/\/cb.diff.hu\/fr\/?s={search_term_string}\"},\"query-input\":{\"@type\":\"PropertyValueSpecification\",\"valueRequired\":true,\"valueName\":\"search_term_string\"}}],\"inLanguage\":\"fr-FR\"},{\"@type\":\"Organization\",\"@id\":\"https:\/\/cb.diff.hu\/fr\/#organization\",\"name\":\"BIO-TEXTIMA Kft.\",\"url\":\"https:\/\/cb.diff.hu\/fr\/\",\"logo\":{\"@type\":\"ImageObject\",\"inLanguage\":\"fr-FR\",\"@id\":\"https:\/\/cb.diff.hu\/fr\/#\/schema\/logo\/image\/\",\"url\":\"https:\/\/contractbeds.eu\/wp-content\/uploads\/2021\/03\/biotex_logo.jpg\",\"contentUrl\":\"https:\/\/contractbeds.eu\/wp-content\/uploads\/2021\/03\/biotex_logo.jpg\",\"width\":335,\"height\":149,\"caption\":\"BIO-TEXTIMA Kft.\"},\"image\":{\"@id\":\"https:\/\/cb.diff.hu\/fr\/#\/schema\/logo\/image\/\"}}]}<\/script>\n<!-- \/ Yoast SEO plugin. -->","yoast_head_json":{"title":"C\u00e9lpiacaink - Bio-Textima H\u00e1l\u00f3szoba Manufakt\u00fara","robots":{"index":"index","follow":"follow","max-snippet":"max-snippet:-1","max-image-preview":"max-image-preview:large","max-video-preview":"max-video-preview:-1"},"canonical":"https:\/\/cb.diff.hu\/fr\/celpiacaink\/","og_locale":"fr_FR","og_type":"article","og_title":"C\u00e9lpiacaink - Bio-Textima H\u00e1l\u00f3szoba Manufakt\u00fara","og_description":"March\u00e9s cibl\u00e9s Notre large gamme de produits destin\u00e9e au march\u00e9 grand public, compl\u00e9t\u00e9e depuis plusieurs ann\u00e9es par des meubles de chambre et des syst\u00e8mes de lit sp\u00e9cialement con\u00e7us pour des utilisations particuli\u00e8res, trouve \u00e9galement sa place dans notre portefeuille. Ainsi, des \u00e9tablissements de sant\u00e9 \u00e0 la recherche de solutions tr\u00e8s sp\u00e9cifiques jusqu&rsquo;aux h\u00e9bergements proposant des [&hellip;]","og_url":"https:\/\/cb.diff.hu\/fr\/celpiacaink\/","og_site_name":"Bio-Textima H\u00e1l\u00f3szoba Manufakt\u00fara","article_modified_time":"2025-02-24T13:34:10+00:00","og_image":[{"url":"https:\/\/contractbeds.eu\/wp-content\/uploads\/2021\/04\/77153266_s.jpg","type":"","width":"","height":""}],"twitter_card":"summary_large_image","twitter_misc":{"Dur\u00e9e de lecture estim\u00e9e":"3 minutes"},"schema":{"@context":"https:\/\/schema.org","@graph":[{"@type":"WebPage","@id":"https:\/\/cb.diff.hu\/fr\/celpiacaink\/","url":"https:\/\/cb.diff.hu\/fr\/celpiacaink\/","name":"C\u00e9lpiacaink - Bio-Textima H\u00e1l\u00f3szoba Manufakt\u00fara","isPartOf":{"@id":"https:\/\/cb.diff.hu\/fr\/#website"},"primaryImageOfPage":{"@id":"https:\/\/cb.diff.hu\/fr\/celpiacaink\/#primaryimage"},"image":{"@id":"https:\/\/cb.diff.hu\/fr\/celpiacaink\/#primaryimage"},"thumbnailUrl":"https:\/\/contractbeds.eu\/wp-content\/uploads\/2021\/04\/77153266_s.jpg","datePublished":"2023-10-25T07:37:03+00:00","dateModified":"2025-02-24T13:34:10+00:00","breadcrumb":{"@id":"https:\/\/cb.diff.hu\/fr\/celpiacaink\/#breadcrumb"},"inLanguage":"fr-FR","potentialAction":[{"@type":"ReadAction","target":["https:\/\/cb.diff.hu\/fr\/celpiacaink\/"]}]},{"@type":"ImageObject","inLanguage":"fr-FR","@id":"https:\/\/cb.diff.hu\/fr\/celpiacaink\/#primaryimage","url":"https:\/\/contractbeds.eu\/wp-content\/uploads\/2021\/04\/77153266_s.jpg","contentUrl":"https:\/\/contractbeds.eu\/wp-content\/uploads\/2021\/04\/77153266_s.jpg"},{"@type":"BreadcrumbList","@id":"https:\/\/cb.diff.hu\/fr\/celpiacaink\/#breadcrumb","itemListElement":[{"@type":"ListItem","position":1,"name":"Page d'accueil","item":"https:\/\/cb.diff.hu\/fr\/"},{"@type":"ListItem","position":2,"name":"C\u00e9lpiacaink"}]},{"@type":"WebSite","@id":"https:\/\/cb.diff.hu\/fr\/#website","url":"https:\/\/cb.diff.hu\/fr\/","name":"Bio-Textima H\u00e1l\u00f3szoba Manufakt\u00fara","description":"\u00c1gyak \u00e9s matracok a sz\u00e1llodaipar sz\u00e1m\u00e1ra","publisher":{"@id":"https:\/\/cb.diff.hu\/fr\/#organization"},"potentialAction":[{"@type":"SearchAction","target":{"@type":"EntryPoint","urlTemplate":"https:\/\/cb.diff.hu\/fr\/?s={search_term_string}"},"query-input":{"@type":"PropertyValueSpecification","valueRequired":true,"valueName":"search_term_string"}}],"inLanguage":"fr-FR"},{"@type":"Organization","@id":"https:\/\/cb.diff.hu\/fr\/#organization","name":"BIO-TEXTIMA Kft.","url":"https:\/\/cb.diff.hu\/fr\/","logo":{"@type":"ImageObject","inLanguage":"fr-FR","@id":"https:\/\/cb.diff.hu\/fr\/#\/schema\/logo\/image\/","url":"https:\/\/contractbeds.eu\/wp-content\/uploads\/2021\/03\/biotex_logo.jpg","contentUrl":"https:\/\/contractbeds.eu\/wp-content\/uploads\/2021\/03\/biotex_logo.jpg","width":335,"height":149,"caption":"BIO-TEXTIMA Kft."},"image":{"@id":"https:\/\/cb.diff.hu\/fr\/#\/schema\/logo\/image\/"}}]}},"_links":{"self":[{"href":"https:\/\/cb.diff.hu\/fr\/wp-json\/wp\/v2\/pages\/14502","targetHints":{"allow":["GET"]}}],"collection":[{"href":"https:\/\/cb.diff.hu\/fr\/wp-json\/wp\/v2\/pages"}],"about":[{"href":"https:\/\/cb.diff.hu\/fr\/wp-json\/wp\/v2\/types\/page"}],"author":[{"embeddable":true,"href":"https:\/\/cb.diff.hu\/fr\/wp-json\/wp\/v2\/users\/1"}],"replies":[{"embeddable":true,"href":"https:\/\/cb.diff.hu\/fr\/wp-json\/wp\/v2\/comments?post=14502"}],"version-history":[{"count":0,"href":"https:\/\/cb.diff.hu\/fr\/wp-json\/wp\/v2\/pages\/14502\/revisions"}],"wp:attachment":[{"href":"https:\/\/cb.diff.hu\/fr\/wp-json\/wp\/v2\/media?parent=14502"}],"curies":[{"name":"wp","href":"https:\/\/api.w.org\/{rel}","templated":true}]}}