{"id":14514,"date":"2023-10-25T08:12:32","date_gmt":"2023-10-25T08:12:32","guid":{"rendered":"https:\/\/contractbeds.eu\/contact\/"},"modified":"2025-02-24T13:37:38","modified_gmt":"2025-02-24T13:37:38","slug":"contact","status":"publish","type":"page","link":"https:\/\/cb.diff.hu\/fr\/contact\/","title":{"rendered":"Contact"},"content":{"rendered":"<h4>Avez-vous des questions ?<\/h4>\n<p>N&rsquo;h\u00e9sitez pas \u00e0 nous contacter pour toute demande de devis, question ou id\u00e9e que vous avez en t\u00eate ! Faites-nous confiance !<\/p>\n<p>\t\t\t\t\t<img loading=\"lazy\" decoding=\"async\" alt=\"\" src=\"https:\/\/contractbeds.eu\/wp-content\/uploads\/2023\/07\/kapcsolat1_meretezett.jpg\" width=\"533\" height=\"534\" \/><\/p>\n<p>\u00c9va Pint\u00e9r<\/p>\n<p>AUT, DE, CH, ENG, FR<br \/>+36204602497<br \/><a href=\"mailto:pinter.eva@bio-textima.hu\">pinter.eva@bio-textima.hu<\/a><\/p>\n<p> <!-- description --><!-- porto-sicon-box --><br \/>\n\t\t\t\t\t<img loading=\"lazy\" decoding=\"async\" alt=\"\" src=\"https:\/\/contractbeds.eu\/wp-content\/uploads\/2023\/07\/kapcsolat2.jpg\" width=\"533\" height=\"533\" \/><\/p>\n<p>G\u00e1bor V\u00f6r\u00f6s<\/p>\n<p>HU, ENG, FR<br \/>+36209151369<br \/><a href=\"mailto:voros.gabor@bio-textima.hu\">voros.gabor@bio-textima.hu<\/a><\/p>\n<p> <!-- description --><!-- porto-sicon-box -->\t\t\t\t<\/p>\n<h3 style=\"\"><b>Adresse:<\/b> H-9167 B\u0151s\u00e1rk\u00e1ny, Ipar u. 1., Hongrie<\/h3>\n<p> <!-- header --><!-- porto-sicon-box -->\t\t\t\t<\/p>\n<h3 style=\"\">Du lundi au vendredi: 8 &#8211; 16<\/h3>\n<p> <!-- header --><!-- porto-sicon-box --><br \/>\n\t\t\n<div class=\"wpcf7 no-js\" id=\"wpcf7-f16500-o1\" lang=\"hu-HU\" dir=\"ltr\" data-wpcf7-id=\"16500\">\n<div class=\"screen-reader-response\"><p role=\"status\" aria-live=\"polite\" aria-atomic=\"true\"><\/p> <ul><\/ul><\/div>\n<form action=\"\/fr\/wp-json\/wp\/v2\/pages\/14514#wpcf7-f16500-o1\" method=\"post\" class=\"wpcf7-form init\" aria-label=\"Kapcsolatfelv\u00e9teli \u0171rlap\" novalidate=\"novalidate\" data-status=\"init\">\n<div style=\"display: none;\">\n<input type=\"hidden\" name=\"_wpcf7\" value=\"16500\" \/>\n<input type=\"hidden\" name=\"_wpcf7_version\" value=\"6.0.3\" \/>\n<input type=\"hidden\" name=\"_wpcf7_locale\" value=\"hu_HU\" \/>\n<input type=\"hidden\" name=\"_wpcf7_unit_tag\" value=\"wpcf7-f16500-o1\" \/>\n<input type=\"hidden\" name=\"_wpcf7_container_post\" value=\"0\" \/>\n<input type=\"hidden\" name=\"_wpcf7_posted_data_hash\" value=\"\" \/>\n<input type=\"hidden\" name=\"_wpcf7_recaptcha_response\" value=\"\" \/>\n<\/div>\n<p><label> Nom<br \/>\n<span class=\"wpcf7-form-control-wrap\" data-name=\"your-name\"><input size=\"40\" maxlength=\"400\" class=\"wpcf7-form-control wpcf7-text wpcf7-validates-as-required\" aria-required=\"true\" aria-invalid=\"false\" value=\"\" type=\"text\" name=\"your-name\" \/><\/span> <\/label>\n<\/p>\n<p><label> Adresse e-mail<br \/>\n<span class=\"wpcf7-form-control-wrap\" data-name=\"your-email\"><input size=\"40\" maxlength=\"400\" class=\"wpcf7-form-control wpcf7-email wpcf7-validates-as-required wpcf7-text wpcf7-validates-as-email\" aria-required=\"true\" aria-invalid=\"false\" value=\"\" type=\"email\" name=\"your-email\" \/><\/span> <\/label>\n<\/p>\n<p><label> Sujet<br \/>\n<span class=\"wpcf7-form-control-wrap\" data-name=\"your-subject\"><input size=\"40\" maxlength=\"400\" class=\"wpcf7-form-control wpcf7-text wpcf7-validates-as-required\" aria-required=\"true\" aria-invalid=\"false\" value=\"\" type=\"text\" name=\"your-subject\" \/><\/span> <\/label>\n<\/p>\n<p><label> Message (optionnel)<br \/>\n<span class=\"wpcf7-form-control-wrap\" data-name=\"your-message\"><textarea cols=\"40\" rows=\"10\" maxlength=\"2000\" class=\"wpcf7-form-control wpcf7-textarea\" aria-invalid=\"false\" name=\"your-message\"><\/textarea><\/span> <\/label>\n<\/p>\n<p><input class=\"wpcf7-form-control wpcf7-submit has-spinner\" type=\"submit\" value=\"Soumettre\" \/>\n<\/p><div class=\"wpcf7-response-output\" aria-hidden=\"true\"><\/div>\n<\/form>\n<\/div>\n<br \/>\n\t\t\t<iframe loading=\"lazy\"\n\t\t\t\t\tsrc=\"https:\/\/maps.google.com\/maps?q=Bio-Textima%20H%C3%A1l%C3%B3szoba%20Manufakt%C3%BAra&#038;t=m&#038;z=16&#038;output=embed&#038;iwloc=near\"\n\t\t\t\t\ttitle=\"Bio-Textima H\u00e1l\u00f3szoba Manufakt\u00fara\"\n\t\t\t\t\taria-label=\"Bio-Textima H\u00e1l\u00f3szoba Manufakt\u00fara\"\n\t\t\t><\/iframe><\/p>\n","protected":false},"excerpt":{"rendered":"<p>Avez-vous des questions ? N&rsquo;h\u00e9sitez pas \u00e0 nous contacter pour toute demande de devis, question ou id\u00e9e que vous avez en t\u00eate ! Faites-nous confiance ! \u00c9va Pint\u00e9r AUT, DE, CH, ENG, FR+36204602497pinter.eva@bio-textima.hu G\u00e1bor V\u00f6r\u00f6s HU, ENG, FR+36209151369voros.gabor@bio-textima.hu Adresse: H-9167 B\u0151s\u00e1rk\u00e1ny, Ipar u. 1., Hongrie Du lundi au vendredi: 8 &#8211; 16<\/p>\n","protected":false},"author":1,"featured_media":0,"parent":0,"menu_order":0,"comment_status":"closed","ping_status":"closed","template":"","meta":{"footnotes":""},"class_list":["post-14514","page","type-page","status-publish","hentry"],"yoast_head":"<!-- This site is optimized with the Yoast SEO plugin v24.4 - https:\/\/yoast.com\/wordpress\/plugins\/seo\/ -->\n<title>Contact - Bio-Textima H\u00e1l\u00f3szoba Manufakt\u00fara<\/title>\n<meta name=\"robots\" content=\"index, follow, max-snippet:-1, max-image-preview:large, max-video-preview:-1\" \/>\n<link rel=\"canonical\" href=\"https:\/\/cb.diff.hu\/fr\/contact\/\" \/>\n<meta property=\"og:locale\" content=\"fr_FR\" \/>\n<meta property=\"og:type\" content=\"article\" \/>\n<meta property=\"og:title\" content=\"Contact - Bio-Textima H\u00e1l\u00f3szoba Manufakt\u00fara\" \/>\n<meta property=\"og:description\" content=\"Avez-vous des questions ? N&rsquo;h\u00e9sitez pas \u00e0 nous contacter pour toute demande de devis, question ou id\u00e9e que vous avez en t\u00eate ! Faites-nous confiance ! \u00c9va Pint\u00e9r AUT, DE, CH, ENG, FR+36204602497pinter.eva@bio-textima.hu G\u00e1bor V\u00f6r\u00f6s HU, ENG, FR+36209151369voros.gabor@bio-textima.hu Adresse: H-9167 B\u0151s\u00e1rk\u00e1ny, Ipar u. 1., Hongrie Du lundi au vendredi: 8 &#8211; 16\" \/>\n<meta property=\"og:url\" content=\"https:\/\/cb.diff.hu\/fr\/contact\/\" \/>\n<meta property=\"og:site_name\" content=\"Bio-Textima H\u00e1l\u00f3szoba Manufakt\u00fara\" \/>\n<meta property=\"article:modified_time\" content=\"2025-02-24T13:37:38+00:00\" \/>\n<meta property=\"og:image\" content=\"https:\/\/contractbeds.eu\/wp-content\/uploads\/2023\/07\/kapcsolat1_meretezett.jpg\" \/>\n<meta name=\"twitter:card\" content=\"summary_large_image\" \/>\n<meta name=\"twitter:label1\" content=\"Dur\u00e9e de lecture estim\u00e9e\" \/>\n\t<meta name=\"twitter:data1\" content=\"1 minute\" \/>\n<script type=\"application\/ld+json\" class=\"yoast-schema-graph\">{\"@context\":\"https:\/\/schema.org\",\"@graph\":[{\"@type\":\"WebPage\",\"@id\":\"https:\/\/cb.diff.hu\/fr\/contact\/\",\"url\":\"https:\/\/cb.diff.hu\/fr\/contact\/\",\"name\":\"Contact - Bio-Textima H\u00e1l\u00f3szoba Manufakt\u00fara\",\"isPartOf\":{\"@id\":\"https:\/\/cb.diff.hu\/fr\/#website\"},\"primaryImageOfPage\":{\"@id\":\"https:\/\/cb.diff.hu\/fr\/contact\/#primaryimage\"},\"image\":{\"@id\":\"https:\/\/cb.diff.hu\/fr\/contact\/#primaryimage\"},\"thumbnailUrl\":\"https:\/\/contractbeds.eu\/wp-content\/uploads\/2023\/07\/kapcsolat1_meretezett.jpg\",\"datePublished\":\"2023-10-25T08:12:32+00:00\",\"dateModified\":\"2025-02-24T13:37:38+00:00\",\"breadcrumb\":{\"@id\":\"https:\/\/cb.diff.hu\/fr\/contact\/#breadcrumb\"},\"inLanguage\":\"fr-FR\",\"potentialAction\":[{\"@type\":\"ReadAction\",\"target\":[\"https:\/\/cb.diff.hu\/fr\/contact\/\"]}]},{\"@type\":\"ImageObject\",\"inLanguage\":\"fr-FR\",\"@id\":\"https:\/\/cb.diff.hu\/fr\/contact\/#primaryimage\",\"url\":\"https:\/\/contractbeds.eu\/wp-content\/uploads\/2023\/07\/kapcsolat1_meretezett.jpg\",\"contentUrl\":\"https:\/\/contractbeds.eu\/wp-content\/uploads\/2023\/07\/kapcsolat1_meretezett.jpg\"},{\"@type\":\"BreadcrumbList\",\"@id\":\"https:\/\/cb.diff.hu\/fr\/contact\/#breadcrumb\",\"itemListElement\":[{\"@type\":\"ListItem\",\"position\":1,\"name\":\"Page d'accueil\",\"item\":\"https:\/\/cb.diff.hu\/fr\/\"},{\"@type\":\"ListItem\",\"position\":2,\"name\":\"Contact\"}]},{\"@type\":\"WebSite\",\"@id\":\"https:\/\/cb.diff.hu\/fr\/#website\",\"url\":\"https:\/\/cb.diff.hu\/fr\/\",\"name\":\"Bio-Textima H\u00e1l\u00f3szoba Manufakt\u00fara\",\"description\":\"\u00c1gyak \u00e9s matracok a sz\u00e1llodaipar sz\u00e1m\u00e1ra\",\"publisher\":{\"@id\":\"https:\/\/cb.diff.hu\/fr\/#organization\"},\"potentialAction\":[{\"@type\":\"SearchAction\",\"target\":{\"@type\":\"EntryPoint\",\"urlTemplate\":\"https:\/\/cb.diff.hu\/fr\/?s={search_term_string}\"},\"query-input\":{\"@type\":\"PropertyValueSpecification\",\"valueRequired\":true,\"valueName\":\"search_term_string\"}}],\"inLanguage\":\"fr-FR\"},{\"@type\":\"Organization\",\"@id\":\"https:\/\/cb.diff.hu\/fr\/#organization\",\"name\":\"BIO-TEXTIMA Kft.\",\"url\":\"https:\/\/cb.diff.hu\/fr\/\",\"logo\":{\"@type\":\"ImageObject\",\"inLanguage\":\"fr-FR\",\"@id\":\"https:\/\/cb.diff.hu\/fr\/#\/schema\/logo\/image\/\",\"url\":\"https:\/\/contractbeds.eu\/wp-content\/uploads\/2021\/03\/biotex_logo.jpg\",\"contentUrl\":\"https:\/\/contractbeds.eu\/wp-content\/uploads\/2021\/03\/biotex_logo.jpg\",\"width\":335,\"height\":149,\"caption\":\"BIO-TEXTIMA Kft.\"},\"image\":{\"@id\":\"https:\/\/cb.diff.hu\/fr\/#\/schema\/logo\/image\/\"}}]}<\/script>\n<!-- \/ Yoast SEO plugin. -->","yoast_head_json":{"title":"Contact - Bio-Textima H\u00e1l\u00f3szoba Manufakt\u00fara","robots":{"index":"index","follow":"follow","max-snippet":"max-snippet:-1","max-image-preview":"max-image-preview:large","max-video-preview":"max-video-preview:-1"},"canonical":"https:\/\/cb.diff.hu\/fr\/contact\/","og_locale":"fr_FR","og_type":"article","og_title":"Contact - Bio-Textima H\u00e1l\u00f3szoba Manufakt\u00fara","og_description":"Avez-vous des questions ? N&rsquo;h\u00e9sitez pas \u00e0 nous contacter pour toute demande de devis, question ou id\u00e9e que vous avez en t\u00eate ! Faites-nous confiance ! \u00c9va Pint\u00e9r AUT, DE, CH, ENG, FR+36204602497pinter.eva@bio-textima.hu G\u00e1bor V\u00f6r\u00f6s HU, ENG, FR+36209151369voros.gabor@bio-textima.hu Adresse: H-9167 B\u0151s\u00e1rk\u00e1ny, Ipar u. 1., Hongrie Du lundi au vendredi: 8 &#8211; 16","og_url":"https:\/\/cb.diff.hu\/fr\/contact\/","og_site_name":"Bio-Textima H\u00e1l\u00f3szoba Manufakt\u00fara","article_modified_time":"2025-02-24T13:37:38+00:00","og_image":[{"url":"https:\/\/contractbeds.eu\/wp-content\/uploads\/2023\/07\/kapcsolat1_meretezett.jpg","type":"","width":"","height":""}],"twitter_card":"summary_large_image","twitter_misc":{"Dur\u00e9e de lecture estim\u00e9e":"1 minute"},"schema":{"@context":"https:\/\/schema.org","@graph":[{"@type":"WebPage","@id":"https:\/\/cb.diff.hu\/fr\/contact\/","url":"https:\/\/cb.diff.hu\/fr\/contact\/","name":"Contact - Bio-Textima H\u00e1l\u00f3szoba Manufakt\u00fara","isPartOf":{"@id":"https:\/\/cb.diff.hu\/fr\/#website"},"primaryImageOfPage":{"@id":"https:\/\/cb.diff.hu\/fr\/contact\/#primaryimage"},"image":{"@id":"https:\/\/cb.diff.hu\/fr\/contact\/#primaryimage"},"thumbnailUrl":"https:\/\/contractbeds.eu\/wp-content\/uploads\/2023\/07\/kapcsolat1_meretezett.jpg","datePublished":"2023-10-25T08:12:32+00:00","dateModified":"2025-02-24T13:37:38+00:00","breadcrumb":{"@id":"https:\/\/cb.diff.hu\/fr\/contact\/#breadcrumb"},"inLanguage":"fr-FR","potentialAction":[{"@type":"ReadAction","target":["https:\/\/cb.diff.hu\/fr\/contact\/"]}]},{"@type":"ImageObject","inLanguage":"fr-FR","@id":"https:\/\/cb.diff.hu\/fr\/contact\/#primaryimage","url":"https:\/\/contractbeds.eu\/wp-content\/uploads\/2023\/07\/kapcsolat1_meretezett.jpg","contentUrl":"https:\/\/contractbeds.eu\/wp-content\/uploads\/2023\/07\/kapcsolat1_meretezett.jpg"},{"@type":"BreadcrumbList","@id":"https:\/\/cb.diff.hu\/fr\/contact\/#breadcrumb","itemListElement":[{"@type":"ListItem","position":1,"name":"Page d'accueil","item":"https:\/\/cb.diff.hu\/fr\/"},{"@type":"ListItem","position":2,"name":"Contact"}]},{"@type":"WebSite","@id":"https:\/\/cb.diff.hu\/fr\/#website","url":"https:\/\/cb.diff.hu\/fr\/","name":"Bio-Textima H\u00e1l\u00f3szoba Manufakt\u00fara","description":"\u00c1gyak \u00e9s matracok a sz\u00e1llodaipar sz\u00e1m\u00e1ra","publisher":{"@id":"https:\/\/cb.diff.hu\/fr\/#organization"},"potentialAction":[{"@type":"SearchAction","target":{"@type":"EntryPoint","urlTemplate":"https:\/\/cb.diff.hu\/fr\/?s={search_term_string}"},"query-input":{"@type":"PropertyValueSpecification","valueRequired":true,"valueName":"search_term_string"}}],"inLanguage":"fr-FR"},{"@type":"Organization","@id":"https:\/\/cb.diff.hu\/fr\/#organization","name":"BIO-TEXTIMA Kft.","url":"https:\/\/cb.diff.hu\/fr\/","logo":{"@type":"ImageObject","inLanguage":"fr-FR","@id":"https:\/\/cb.diff.hu\/fr\/#\/schema\/logo\/image\/","url":"https:\/\/contractbeds.eu\/wp-content\/uploads\/2021\/03\/biotex_logo.jpg","contentUrl":"https:\/\/contractbeds.eu\/wp-content\/uploads\/2021\/03\/biotex_logo.jpg","width":335,"height":149,"caption":"BIO-TEXTIMA Kft."},"image":{"@id":"https:\/\/cb.diff.hu\/fr\/#\/schema\/logo\/image\/"}}]}},"_links":{"self":[{"href":"https:\/\/cb.diff.hu\/fr\/wp-json\/wp\/v2\/pages\/14514","targetHints":{"allow":["GET"]}}],"collection":[{"href":"https:\/\/cb.diff.hu\/fr\/wp-json\/wp\/v2\/pages"}],"about":[{"href":"https:\/\/cb.diff.hu\/fr\/wp-json\/wp\/v2\/types\/page"}],"author":[{"embeddable":true,"href":"https:\/\/cb.diff.hu\/fr\/wp-json\/wp\/v2\/users\/1"}],"replies":[{"embeddable":true,"href":"https:\/\/cb.diff.hu\/fr\/wp-json\/wp\/v2\/comments?post=14514"}],"version-history":[{"count":0,"href":"https:\/\/cb.diff.hu\/fr\/wp-json\/wp\/v2\/pages\/14514\/revisions"}],"wp:attachment":[{"href":"https:\/\/cb.diff.hu\/fr\/wp-json\/wp\/v2\/media?parent=14514"}],"curies":[{"name":"wp","href":"https:\/\/api.w.org\/{rel}","templated":true}]}}