{"id":14630,"date":"2023-10-26T10:11:46","date_gmt":"2023-10-26T10:11:46","guid":{"rendered":"https:\/\/contractbeds.eu\/telechargements\/"},"modified":"2023-12-05T12:46:44","modified_gmt":"2023-12-05T12:46:44","slug":"telechargements","status":"publish","type":"page","link":"https:\/\/cb.diff.hu\/fr\/telechargements\/","title":{"rendered":"T\u00e9l\u00e9chargements"},"content":{"rendered":"<h2>T\u00e9l\u00e9chargements<\/h2>\n<p><img decoding=\"async\" width=\"985\" height=\"693\" src=\"https:\/\/contractbeds.eu\/wp-content\/uploads\/2021\/04\/VarioStyle_1.jpg\" alt=\"\" loading=\"lazy\" srcset=\"https:\/\/contractbeds.eu\/wp-content\/uploads\/2021\/04\/VarioStyle_1.jpg 985w, https:\/\/contractbeds.eu\/wp-content\/uploads\/2021\/04\/VarioStyle_1-768x540.jpg 768w, https:\/\/contractbeds.eu\/wp-content\/uploads\/2021\/04\/VarioStyle_1-640x450.jpg 640w, https:\/\/contractbeds.eu\/wp-content\/uploads\/2021\/04\/VarioStyle_1-400x281.jpg 400w, https:\/\/contractbeds.eu\/wp-content\/uploads\/2021\/04\/VarioStyle_1-367x258.jpg 367w, https:\/\/contractbeds.eu\/wp-content\/uploads\/2021\/04\/VarioStyle_1-600x422.jpg 600w\" sizes=\"auto, (max-width: 985px) 100vw, 985px\"><\/p>\n<h3 style=\"\">Vario Style boxspring catalogue<\/h3>\n<p><!-- header --><!-- porto-sicon-box --><br \/>\n<a href=\"\/wp-content\/uploads\/2021\/03\/VarioStyle_B5_32old_fekvo_oldalankent_hu.pdf\" role=\"button\"><br \/>\nT\u00e9l\u00e9chargement<br \/>\n<\/a><\/p>\n<h3 style=\"\">Let\u00f6lt\u00e9s neve<\/h3>\n<p><!-- header -->Lorem ipsum dolor sit amet, consectetur le\u00edr\u00e1s sz\u00f6veg, ami r\u00f6viden le\u00edrja, mire sz\u00e1m\u00edtson a felhaszn\u00e1l\u00f3 a let\u00f6lt\u00f6tt f\u00e1jlban. <!-- description --><!-- porto-sicon-box --><br \/>\n<a href=\"#\" role=\"button\"><br \/>\nKattints ide<br \/>\n<\/a><\/p>\n<h3 style=\"\">Let\u00f6lt\u00e9s neve<\/h3>\n<p><!-- header -->Lorem ipsum dolor sit amet, consectetur le\u00edr\u00e1s sz\u00f6veg, ami r\u00f6viden le\u00edrja, mire sz\u00e1m\u00edtson a felhaszn\u00e1l\u00f3 a let\u00f6lt\u00f6tt f\u00e1jlban. <!-- description --><!-- porto-sicon-box --><br \/>\n<a href=\"#\" role=\"button\"><br \/>\nKattints ide<br \/>\n<\/a><\/p>\n","protected":false},"excerpt":{"rendered":"<p>T\u00e9l\u00e9chargements Vario Style boxspring catalogue T\u00e9l\u00e9chargement Let\u00f6lt\u00e9s neve Lorem ipsum dolor sit amet, consectetur le\u00edr\u00e1s sz\u00f6veg, ami r\u00f6viden le\u00edrja, mire sz\u00e1m\u00edtson a felhaszn\u00e1l\u00f3 a let\u00f6lt\u00f6tt f\u00e1jlban. Kattints ide Let\u00f6lt\u00e9s neve Lorem ipsum dolor sit amet, consectetur le\u00edr\u00e1s sz\u00f6veg, ami r\u00f6viden le\u00edrja, mire sz\u00e1m\u00edtson a felhaszn\u00e1l\u00f3 a let\u00f6lt\u00f6tt f\u00e1jlban. Kattints ide<\/p>\n","protected":false},"author":1,"featured_media":0,"parent":0,"menu_order":0,"comment_status":"closed","ping_status":"closed","template":"","meta":{"footnotes":""},"class_list":["post-14630","page","type-page","status-publish","hentry"],"yoast_head":"<!-- This site is optimized with the Yoast SEO plugin v24.4 - https:\/\/yoast.com\/wordpress\/plugins\/seo\/ -->\n<title>T\u00e9l\u00e9chargements - Bio-Textima H\u00e1l\u00f3szoba Manufakt\u00fara<\/title>\n<meta name=\"robots\" content=\"index, follow, max-snippet:-1, max-image-preview:large, max-video-preview:-1\" \/>\n<link rel=\"canonical\" href=\"https:\/\/cb.diff.hu\/fr\/telechargements\/\" \/>\n<meta property=\"og:locale\" content=\"fr_FR\" \/>\n<meta property=\"og:type\" content=\"article\" \/>\n<meta property=\"og:title\" content=\"T\u00e9l\u00e9chargements - Bio-Textima H\u00e1l\u00f3szoba Manufakt\u00fara\" \/>\n<meta property=\"og:description\" content=\"T\u00e9l\u00e9chargements Vario Style boxspring catalogue T\u00e9l\u00e9chargement Let\u00f6lt\u00e9s neve Lorem ipsum dolor sit amet, consectetur le\u00edr\u00e1s sz\u00f6veg, ami r\u00f6viden le\u00edrja, mire sz\u00e1m\u00edtson a felhaszn\u00e1l\u00f3 a let\u00f6lt\u00f6tt f\u00e1jlban. Kattints ide Let\u00f6lt\u00e9s neve Lorem ipsum dolor sit amet, consectetur le\u00edr\u00e1s sz\u00f6veg, ami r\u00f6viden le\u00edrja, mire sz\u00e1m\u00edtson a felhaszn\u00e1l\u00f3 a let\u00f6lt\u00f6tt f\u00e1jlban. Kattints ide\" \/>\n<meta property=\"og:url\" content=\"https:\/\/cb.diff.hu\/fr\/telechargements\/\" \/>\n<meta property=\"og:site_name\" content=\"Bio-Textima H\u00e1l\u00f3szoba Manufakt\u00fara\" \/>\n<meta property=\"article:modified_time\" content=\"2023-12-05T12:46:44+00:00\" \/>\n<meta property=\"og:image\" content=\"https:\/\/contractbeds.eu\/wp-content\/uploads\/2021\/04\/VarioStyle_1.jpg\" \/>\n<meta name=\"twitter:card\" content=\"summary_large_image\" \/>\n<meta name=\"twitter:label1\" content=\"Dur\u00e9e de lecture estim\u00e9e\" \/>\n\t<meta name=\"twitter:data1\" content=\"1 minute\" \/>\n<script type=\"application\/ld+json\" class=\"yoast-schema-graph\">{\"@context\":\"https:\/\/schema.org\",\"@graph\":[{\"@type\":\"WebPage\",\"@id\":\"https:\/\/cb.diff.hu\/fr\/telechargements\/\",\"url\":\"https:\/\/cb.diff.hu\/fr\/telechargements\/\",\"name\":\"T\u00e9l\u00e9chargements - Bio-Textima H\u00e1l\u00f3szoba Manufakt\u00fara\",\"isPartOf\":{\"@id\":\"https:\/\/cb.diff.hu\/fr\/#website\"},\"primaryImageOfPage\":{\"@id\":\"https:\/\/cb.diff.hu\/fr\/telechargements\/#primaryimage\"},\"image\":{\"@id\":\"https:\/\/cb.diff.hu\/fr\/telechargements\/#primaryimage\"},\"thumbnailUrl\":\"https:\/\/contractbeds.eu\/wp-content\/uploads\/2021\/04\/VarioStyle_1.jpg\",\"datePublished\":\"2023-10-26T10:11:46+00:00\",\"dateModified\":\"2023-12-05T12:46:44+00:00\",\"breadcrumb\":{\"@id\":\"https:\/\/cb.diff.hu\/fr\/telechargements\/#breadcrumb\"},\"inLanguage\":\"fr-FR\",\"potentialAction\":[{\"@type\":\"ReadAction\",\"target\":[\"https:\/\/cb.diff.hu\/fr\/telechargements\/\"]}]},{\"@type\":\"ImageObject\",\"inLanguage\":\"fr-FR\",\"@id\":\"https:\/\/cb.diff.hu\/fr\/telechargements\/#primaryimage\",\"url\":\"https:\/\/contractbeds.eu\/wp-content\/uploads\/2021\/04\/VarioStyle_1.jpg\",\"contentUrl\":\"https:\/\/contractbeds.eu\/wp-content\/uploads\/2021\/04\/VarioStyle_1.jpg\"},{\"@type\":\"BreadcrumbList\",\"@id\":\"https:\/\/cb.diff.hu\/fr\/telechargements\/#breadcrumb\",\"itemListElement\":[{\"@type\":\"ListItem\",\"position\":1,\"name\":\"Page d'accueil\",\"item\":\"https:\/\/cb.diff.hu\/fr\/\"},{\"@type\":\"ListItem\",\"position\":2,\"name\":\"T\u00e9l\u00e9chargements\"}]},{\"@type\":\"WebSite\",\"@id\":\"https:\/\/cb.diff.hu\/fr\/#website\",\"url\":\"https:\/\/cb.diff.hu\/fr\/\",\"name\":\"Bio-Textima H\u00e1l\u00f3szoba Manufakt\u00fara\",\"description\":\"\u00c1gyak \u00e9s matracok a sz\u00e1llodaipar sz\u00e1m\u00e1ra\",\"publisher\":{\"@id\":\"https:\/\/cb.diff.hu\/fr\/#organization\"},\"potentialAction\":[{\"@type\":\"SearchAction\",\"target\":{\"@type\":\"EntryPoint\",\"urlTemplate\":\"https:\/\/cb.diff.hu\/fr\/?s={search_term_string}\"},\"query-input\":{\"@type\":\"PropertyValueSpecification\",\"valueRequired\":true,\"valueName\":\"search_term_string\"}}],\"inLanguage\":\"fr-FR\"},{\"@type\":\"Organization\",\"@id\":\"https:\/\/cb.diff.hu\/fr\/#organization\",\"name\":\"BIO-TEXTIMA Kft.\",\"url\":\"https:\/\/cb.diff.hu\/fr\/\",\"logo\":{\"@type\":\"ImageObject\",\"inLanguage\":\"fr-FR\",\"@id\":\"https:\/\/cb.diff.hu\/fr\/#\/schema\/logo\/image\/\",\"url\":\"https:\/\/contractbeds.eu\/wp-content\/uploads\/2021\/03\/biotex_logo.jpg\",\"contentUrl\":\"https:\/\/contractbeds.eu\/wp-content\/uploads\/2021\/03\/biotex_logo.jpg\",\"width\":335,\"height\":149,\"caption\":\"BIO-TEXTIMA Kft.\"},\"image\":{\"@id\":\"https:\/\/cb.diff.hu\/fr\/#\/schema\/logo\/image\/\"}}]}<\/script>\n<!-- \/ Yoast SEO plugin. -->","yoast_head_json":{"title":"T\u00e9l\u00e9chargements - Bio-Textima H\u00e1l\u00f3szoba Manufakt\u00fara","robots":{"index":"index","follow":"follow","max-snippet":"max-snippet:-1","max-image-preview":"max-image-preview:large","max-video-preview":"max-video-preview:-1"},"canonical":"https:\/\/cb.diff.hu\/fr\/telechargements\/","og_locale":"fr_FR","og_type":"article","og_title":"T\u00e9l\u00e9chargements - Bio-Textima H\u00e1l\u00f3szoba Manufakt\u00fara","og_description":"T\u00e9l\u00e9chargements Vario Style boxspring catalogue T\u00e9l\u00e9chargement Let\u00f6lt\u00e9s neve Lorem ipsum dolor sit amet, consectetur le\u00edr\u00e1s sz\u00f6veg, ami r\u00f6viden le\u00edrja, mire sz\u00e1m\u00edtson a felhaszn\u00e1l\u00f3 a let\u00f6lt\u00f6tt f\u00e1jlban. Kattints ide Let\u00f6lt\u00e9s neve Lorem ipsum dolor sit amet, consectetur le\u00edr\u00e1s sz\u00f6veg, ami r\u00f6viden le\u00edrja, mire sz\u00e1m\u00edtson a felhaszn\u00e1l\u00f3 a let\u00f6lt\u00f6tt f\u00e1jlban. Kattints ide","og_url":"https:\/\/cb.diff.hu\/fr\/telechargements\/","og_site_name":"Bio-Textima H\u00e1l\u00f3szoba Manufakt\u00fara","article_modified_time":"2023-12-05T12:46:44+00:00","og_image":[{"url":"https:\/\/contractbeds.eu\/wp-content\/uploads\/2021\/04\/VarioStyle_1.jpg","type":"","width":"","height":""}],"twitter_card":"summary_large_image","twitter_misc":{"Dur\u00e9e de lecture estim\u00e9e":"1 minute"},"schema":{"@context":"https:\/\/schema.org","@graph":[{"@type":"WebPage","@id":"https:\/\/cb.diff.hu\/fr\/telechargements\/","url":"https:\/\/cb.diff.hu\/fr\/telechargements\/","name":"T\u00e9l\u00e9chargements - Bio-Textima H\u00e1l\u00f3szoba Manufakt\u00fara","isPartOf":{"@id":"https:\/\/cb.diff.hu\/fr\/#website"},"primaryImageOfPage":{"@id":"https:\/\/cb.diff.hu\/fr\/telechargements\/#primaryimage"},"image":{"@id":"https:\/\/cb.diff.hu\/fr\/telechargements\/#primaryimage"},"thumbnailUrl":"https:\/\/contractbeds.eu\/wp-content\/uploads\/2021\/04\/VarioStyle_1.jpg","datePublished":"2023-10-26T10:11:46+00:00","dateModified":"2023-12-05T12:46:44+00:00","breadcrumb":{"@id":"https:\/\/cb.diff.hu\/fr\/telechargements\/#breadcrumb"},"inLanguage":"fr-FR","potentialAction":[{"@type":"ReadAction","target":["https:\/\/cb.diff.hu\/fr\/telechargements\/"]}]},{"@type":"ImageObject","inLanguage":"fr-FR","@id":"https:\/\/cb.diff.hu\/fr\/telechargements\/#primaryimage","url":"https:\/\/contractbeds.eu\/wp-content\/uploads\/2021\/04\/VarioStyle_1.jpg","contentUrl":"https:\/\/contractbeds.eu\/wp-content\/uploads\/2021\/04\/VarioStyle_1.jpg"},{"@type":"BreadcrumbList","@id":"https:\/\/cb.diff.hu\/fr\/telechargements\/#breadcrumb","itemListElement":[{"@type":"ListItem","position":1,"name":"Page d'accueil","item":"https:\/\/cb.diff.hu\/fr\/"},{"@type":"ListItem","position":2,"name":"T\u00e9l\u00e9chargements"}]},{"@type":"WebSite","@id":"https:\/\/cb.diff.hu\/fr\/#website","url":"https:\/\/cb.diff.hu\/fr\/","name":"Bio-Textima H\u00e1l\u00f3szoba Manufakt\u00fara","description":"\u00c1gyak \u00e9s matracok a sz\u00e1llodaipar sz\u00e1m\u00e1ra","publisher":{"@id":"https:\/\/cb.diff.hu\/fr\/#organization"},"potentialAction":[{"@type":"SearchAction","target":{"@type":"EntryPoint","urlTemplate":"https:\/\/cb.diff.hu\/fr\/?s={search_term_string}"},"query-input":{"@type":"PropertyValueSpecification","valueRequired":true,"valueName":"search_term_string"}}],"inLanguage":"fr-FR"},{"@type":"Organization","@id":"https:\/\/cb.diff.hu\/fr\/#organization","name":"BIO-TEXTIMA Kft.","url":"https:\/\/cb.diff.hu\/fr\/","logo":{"@type":"ImageObject","inLanguage":"fr-FR","@id":"https:\/\/cb.diff.hu\/fr\/#\/schema\/logo\/image\/","url":"https:\/\/contractbeds.eu\/wp-content\/uploads\/2021\/03\/biotex_logo.jpg","contentUrl":"https:\/\/contractbeds.eu\/wp-content\/uploads\/2021\/03\/biotex_logo.jpg","width":335,"height":149,"caption":"BIO-TEXTIMA Kft."},"image":{"@id":"https:\/\/cb.diff.hu\/fr\/#\/schema\/logo\/image\/"}}]}},"_links":{"self":[{"href":"https:\/\/cb.diff.hu\/fr\/wp-json\/wp\/v2\/pages\/14630","targetHints":{"allow":["GET"]}}],"collection":[{"href":"https:\/\/cb.diff.hu\/fr\/wp-json\/wp\/v2\/pages"}],"about":[{"href":"https:\/\/cb.diff.hu\/fr\/wp-json\/wp\/v2\/types\/page"}],"author":[{"embeddable":true,"href":"https:\/\/cb.diff.hu\/fr\/wp-json\/wp\/v2\/users\/1"}],"replies":[{"embeddable":true,"href":"https:\/\/cb.diff.hu\/fr\/wp-json\/wp\/v2\/comments?post=14630"}],"version-history":[{"count":0,"href":"https:\/\/cb.diff.hu\/fr\/wp-json\/wp\/v2\/pages\/14630\/revisions"}],"wp:attachment":[{"href":"https:\/\/cb.diff.hu\/fr\/wp-json\/wp\/v2\/media?parent=14630"}],"curies":[{"name":"wp","href":"https:\/\/api.w.org\/{rel}","templated":true}]}}