{"id":16261,"date":"2023-08-14T08:40:26","date_gmt":"2023-08-14T08:40:26","guid":{"rendered":"https:\/\/contractbeds.eu\/termek\/soft-line\/"},"modified":"2023-12-04T14:33:09","modified_gmt":"2023-12-04T14:33:09","slug":"soft-line","status":"publish","type":"product","link":"https:\/\/cb.diff.hu\/fr\/produit\/soft-line\/","title":{"rendered":"Soft LINE"},"content":{"rendered":"<ul>\n<li>Tissu PES piqu\u00e9 avec textile non-tiss\u00e9 HACOsoft thermofix\u00e9, lavable en machine<\/li>\n<li>Bords cousus, sangles \u00e9lastiques aux coins<\/li>\n<\/ul>\n","protected":false},"excerpt":{"rendered":"<p>Prot\u00e8ge-matelas en tissu r\u00e9sistant \u00e0 l&rsquo;usure<\/p>\n","protected":false},"featured_media":16262,"template":"","meta":[],"product_brand":[],"product_cat":[172],"product_tag":[],"class_list":{"0":"post-16261","1":"product","2":"type-product","3":"status-publish","4":"has-post-thumbnail","6":"product_cat-protege-matelas","8":"first","9":"instock","10":"shipping-taxable","11":"purchasable","12":"product-type-variable","13":"has-default-attributes"},"composite_layout":"","composite_add_to_cart_form_location":"","composite_editable_in_cart":false,"composite_sold_individually_context":"","composite_shop_price_calc":"","composite_components":[],"composite_scenarios":[],"yoast_head":"<!-- This site is optimized with the Yoast SEO plugin v24.4 - https:\/\/yoast.com\/wordpress\/plugins\/seo\/ -->\n<title>Soft LINE - Bio-Textima H\u00e1l\u00f3szoba Manufakt\u00fara<\/title>\n<meta name=\"robots\" content=\"index, follow, max-snippet:-1, max-image-preview:large, max-video-preview:-1\" \/>\n<link rel=\"canonical\" href=\"https:\/\/cb.diff.hu\/fr\/produit\/soft-line\/\" \/>\n<meta property=\"og:locale\" content=\"fr_FR\" \/>\n<meta property=\"og:type\" content=\"article\" \/>\n<meta property=\"og:title\" content=\"Soft LINE - Bio-Textima H\u00e1l\u00f3szoba Manufakt\u00fara\" \/>\n<meta property=\"og:description\" content=\"Prot\u00e8ge-matelas en tissu r\u00e9sistant \u00e0 l&#039;usure\" \/>\n<meta property=\"og:url\" content=\"https:\/\/cb.diff.hu\/fr\/produit\/soft-line\/\" \/>\n<meta property=\"og:site_name\" content=\"Bio-Textima H\u00e1l\u00f3szoba Manufakt\u00fara\" \/>\n<meta property=\"article:modified_time\" content=\"2023-12-04T14:33:09+00:00\" \/>\n<meta property=\"og:image\" content=\"https:\/\/cb.diff.hu\/wp-content\/uploads\/2023\/08\/Soft-LINE-matracvedo.jpg\" \/>\n\t<meta property=\"og:image:width\" content=\"326\" \/>\n\t<meta property=\"og:image:height\" content=\"169\" \/>\n\t<meta property=\"og:image:type\" content=\"image\/jpeg\" \/>\n<meta name=\"twitter:card\" content=\"summary_large_image\" \/>\n<script type=\"application\/ld+json\" class=\"yoast-schema-graph\">{\"@context\":\"https:\/\/schema.org\",\"@graph\":[{\"@type\":\"WebPage\",\"@id\":\"https:\/\/cb.diff.hu\/fr\/produit\/soft-line\/\",\"url\":\"https:\/\/cb.diff.hu\/fr\/produit\/soft-line\/\",\"name\":\"Soft LINE - Bio-Textima H\u00e1l\u00f3szoba Manufakt\u00fara\",\"isPartOf\":{\"@id\":\"https:\/\/cb.diff.hu\/fr\/#website\"},\"primaryImageOfPage\":{\"@id\":\"https:\/\/cb.diff.hu\/fr\/produit\/soft-line\/#primaryimage\"},\"image\":{\"@id\":\"https:\/\/cb.diff.hu\/fr\/produit\/soft-line\/#primaryimage\"},\"thumbnailUrl\":\"https:\/\/cb.diff.hu\/wp-content\/uploads\/2023\/08\/Soft-LINE-matracvedo.jpg\",\"datePublished\":\"2023-08-14T08:40:26+00:00\",\"dateModified\":\"2023-12-04T14:33:09+00:00\",\"breadcrumb\":{\"@id\":\"https:\/\/cb.diff.hu\/fr\/produit\/soft-line\/#breadcrumb\"},\"inLanguage\":\"fr-FR\",\"potentialAction\":[{\"@type\":\"ReadAction\",\"target\":[\"https:\/\/cb.diff.hu\/fr\/produit\/soft-line\/\"]}]},{\"@type\":\"ImageObject\",\"inLanguage\":\"fr-FR\",\"@id\":\"https:\/\/cb.diff.hu\/fr\/produit\/soft-line\/#primaryimage\",\"url\":\"https:\/\/cb.diff.hu\/wp-content\/uploads\/2023\/08\/Soft-LINE-matracvedo.jpg\",\"contentUrl\":\"https:\/\/cb.diff.hu\/wp-content\/uploads\/2023\/08\/Soft-LINE-matracvedo.jpg\",\"width\":326,\"height\":169,\"caption\":\"Soft-LINE-matracvedo\"},{\"@type\":\"BreadcrumbList\",\"@id\":\"https:\/\/cb.diff.hu\/fr\/produit\/soft-line\/#breadcrumb\",\"itemListElement\":[{\"@type\":\"ListItem\",\"position\":1,\"name\":\"Page d'accueil\",\"item\":\"https:\/\/cb.diff.hu\/fr\/\"},{\"@type\":\"ListItem\",\"position\":2,\"name\":\"Tous les produits\",\"item\":\"https:\/\/cb.diff.hu\/termekeink\/\"},{\"@type\":\"ListItem\",\"position\":3,\"name\":\"Soft LINE\"}]},{\"@type\":\"WebSite\",\"@id\":\"https:\/\/cb.diff.hu\/fr\/#website\",\"url\":\"https:\/\/cb.diff.hu\/fr\/\",\"name\":\"Bio-Textima H\u00e1l\u00f3szoba Manufakt\u00fara\",\"description\":\"\u00c1gyak \u00e9s matracok a sz\u00e1llodaipar sz\u00e1m\u00e1ra\",\"publisher\":{\"@id\":\"https:\/\/cb.diff.hu\/fr\/#organization\"},\"potentialAction\":[{\"@type\":\"SearchAction\",\"target\":{\"@type\":\"EntryPoint\",\"urlTemplate\":\"https:\/\/cb.diff.hu\/fr\/?s={search_term_string}\"},\"query-input\":{\"@type\":\"PropertyValueSpecification\",\"valueRequired\":true,\"valueName\":\"search_term_string\"}}],\"inLanguage\":\"fr-FR\"},{\"@type\":\"Organization\",\"@id\":\"https:\/\/cb.diff.hu\/fr\/#organization\",\"name\":\"BIO-TEXTIMA Kft.\",\"url\":\"https:\/\/cb.diff.hu\/fr\/\",\"logo\":{\"@type\":\"ImageObject\",\"inLanguage\":\"fr-FR\",\"@id\":\"https:\/\/cb.diff.hu\/fr\/#\/schema\/logo\/image\/\",\"url\":\"https:\/\/contractbeds.eu\/wp-content\/uploads\/2021\/03\/biotex_logo.jpg\",\"contentUrl\":\"https:\/\/contractbeds.eu\/wp-content\/uploads\/2021\/03\/biotex_logo.jpg\",\"width\":335,\"height\":149,\"caption\":\"BIO-TEXTIMA Kft.\"},\"image\":{\"@id\":\"https:\/\/cb.diff.hu\/fr\/#\/schema\/logo\/image\/\"}}]}<\/script>\n<!-- \/ Yoast SEO plugin. -->","yoast_head_json":{"title":"Soft LINE - Bio-Textima H\u00e1l\u00f3szoba Manufakt\u00fara","robots":{"index":"index","follow":"follow","max-snippet":"max-snippet:-1","max-image-preview":"max-image-preview:large","max-video-preview":"max-video-preview:-1"},"canonical":"https:\/\/cb.diff.hu\/fr\/produit\/soft-line\/","og_locale":"fr_FR","og_type":"article","og_title":"Soft LINE - Bio-Textima H\u00e1l\u00f3szoba Manufakt\u00fara","og_description":"Prot\u00e8ge-matelas en tissu r\u00e9sistant \u00e0 l'usure","og_url":"https:\/\/cb.diff.hu\/fr\/produit\/soft-line\/","og_site_name":"Bio-Textima H\u00e1l\u00f3szoba Manufakt\u00fara","article_modified_time":"2023-12-04T14:33:09+00:00","og_image":[{"width":326,"height":169,"url":"https:\/\/cb.diff.hu\/wp-content\/uploads\/2023\/08\/Soft-LINE-matracvedo.jpg","type":"image\/jpeg"}],"twitter_card":"summary_large_image","schema":{"@context":"https:\/\/schema.org","@graph":[{"@type":"WebPage","@id":"https:\/\/cb.diff.hu\/fr\/produit\/soft-line\/","url":"https:\/\/cb.diff.hu\/fr\/produit\/soft-line\/","name":"Soft LINE - Bio-Textima H\u00e1l\u00f3szoba Manufakt\u00fara","isPartOf":{"@id":"https:\/\/cb.diff.hu\/fr\/#website"},"primaryImageOfPage":{"@id":"https:\/\/cb.diff.hu\/fr\/produit\/soft-line\/#primaryimage"},"image":{"@id":"https:\/\/cb.diff.hu\/fr\/produit\/soft-line\/#primaryimage"},"thumbnailUrl":"https:\/\/cb.diff.hu\/wp-content\/uploads\/2023\/08\/Soft-LINE-matracvedo.jpg","datePublished":"2023-08-14T08:40:26+00:00","dateModified":"2023-12-04T14:33:09+00:00","breadcrumb":{"@id":"https:\/\/cb.diff.hu\/fr\/produit\/soft-line\/#breadcrumb"},"inLanguage":"fr-FR","potentialAction":[{"@type":"ReadAction","target":["https:\/\/cb.diff.hu\/fr\/produit\/soft-line\/"]}]},{"@type":"ImageObject","inLanguage":"fr-FR","@id":"https:\/\/cb.diff.hu\/fr\/produit\/soft-line\/#primaryimage","url":"https:\/\/cb.diff.hu\/wp-content\/uploads\/2023\/08\/Soft-LINE-matracvedo.jpg","contentUrl":"https:\/\/cb.diff.hu\/wp-content\/uploads\/2023\/08\/Soft-LINE-matracvedo.jpg","width":326,"height":169,"caption":"Soft-LINE-matracvedo"},{"@type":"BreadcrumbList","@id":"https:\/\/cb.diff.hu\/fr\/produit\/soft-line\/#breadcrumb","itemListElement":[{"@type":"ListItem","position":1,"name":"Page d'accueil","item":"https:\/\/cb.diff.hu\/fr\/"},{"@type":"ListItem","position":2,"name":"Tous les produits","item":"https:\/\/cb.diff.hu\/termekeink\/"},{"@type":"ListItem","position":3,"name":"Soft LINE"}]},{"@type":"WebSite","@id":"https:\/\/cb.diff.hu\/fr\/#website","url":"https:\/\/cb.diff.hu\/fr\/","name":"Bio-Textima H\u00e1l\u00f3szoba Manufakt\u00fara","description":"\u00c1gyak \u00e9s matracok a sz\u00e1llodaipar sz\u00e1m\u00e1ra","publisher":{"@id":"https:\/\/cb.diff.hu\/fr\/#organization"},"potentialAction":[{"@type":"SearchAction","target":{"@type":"EntryPoint","urlTemplate":"https:\/\/cb.diff.hu\/fr\/?s={search_term_string}"},"query-input":{"@type":"PropertyValueSpecification","valueRequired":true,"valueName":"search_term_string"}}],"inLanguage":"fr-FR"},{"@type":"Organization","@id":"https:\/\/cb.diff.hu\/fr\/#organization","name":"BIO-TEXTIMA Kft.","url":"https:\/\/cb.diff.hu\/fr\/","logo":{"@type":"ImageObject","inLanguage":"fr-FR","@id":"https:\/\/cb.diff.hu\/fr\/#\/schema\/logo\/image\/","url":"https:\/\/contractbeds.eu\/wp-content\/uploads\/2021\/03\/biotex_logo.jpg","contentUrl":"https:\/\/contractbeds.eu\/wp-content\/uploads\/2021\/03\/biotex_logo.jpg","width":335,"height":149,"caption":"BIO-TEXTIMA Kft."},"image":{"@id":"https:\/\/cb.diff.hu\/fr\/#\/schema\/logo\/image\/"}}]}},"_links":{"self":[{"href":"https:\/\/cb.diff.hu\/fr\/wp-json\/wp\/v2\/product\/16261","targetHints":{"allow":["GET"]}}],"collection":[{"href":"https:\/\/cb.diff.hu\/fr\/wp-json\/wp\/v2\/product"}],"about":[{"href":"https:\/\/cb.diff.hu\/fr\/wp-json\/wp\/v2\/types\/product"}],"wp:featuredmedia":[{"embeddable":true,"href":"https:\/\/cb.diff.hu\/fr\/wp-json\/wp\/v2\/media\/16262"}],"wp:attachment":[{"href":"https:\/\/cb.diff.hu\/fr\/wp-json\/wp\/v2\/media?parent=16261"}],"wp:term":[{"taxonomy":"product_brand","embeddable":true,"href":"https:\/\/cb.diff.hu\/fr\/wp-json\/wp\/v2\/product_brand?post=16261"},{"taxonomy":"product_cat","embeddable":true,"href":"https:\/\/cb.diff.hu\/fr\/wp-json\/wp\/v2\/product_cat?post=16261"},{"taxonomy":"product_tag","embeddable":true,"href":"https:\/\/cb.diff.hu\/fr\/wp-json\/wp\/v2\/product_tag?post=16261"}],"curies":[{"name":"wp","href":"https:\/\/api.w.org\/{rel}","templated":true}]}}