{"id":16290,"date":"2023-07-19T16:09:20","date_gmt":"2023-07-19T16:09:20","guid":{"rendered":"https:\/\/contractbeds.eu\/termek\/aloe-vera-couverture-matelassee\/"},"modified":"2023-12-05T09:54:54","modified_gmt":"2023-12-05T09:54:54","slug":"aloe-vera-couverture-matelassee","status":"publish","type":"product","link":"https:\/\/cb.diff.hu\/fr\/produit\/aloe-vera-couverture-matelassee\/","title":{"rendered":"ALOE VERA couverture matelass\u00e9e"},"content":{"rendered":"<p>Couverture matelass\u00e9e au toucher soyeux, con\u00e7ue pour une utilisation h\u00f4teli\u00e8re, trait\u00e9e \u00e0 l&rsquo;extrait d&rsquo;Aloe Vera, disponible en trois \u00e9paisseurs (fine \/ moyenne \/ \u00e9paisse).<\/p>\n<p>&nbsp;<\/p>\n<ul>\n<li>Con\u00e7ue pour une utilisation h\u00f4teli\u00e8re, particuli\u00e8rement durable<\/li>\n<li>Convient \u00e9galement aux personnes allergiques aux acariens<\/li>\n<li>Aspect \u00e9l\u00e9gant \u2022 Housse externe de haute qualit\u00e9, au toucher soyeux, 100% MICROFASER, impr\u00e9gn\u00e9e d&rsquo;extrait d&rsquo;ALOE VERA, respectueuse de la peau<\/li>\n<li>Housse externe lavable \u00e0 95 \u00b0C<\/li>\n<li>Remplissage en polyester lavable \u00e0 100% \u00e0 95\u00b0C<\/li>\n<li>S\u00e9chage en machine possible<\/li>\n<\/ul>\n","protected":false},"excerpt":{"rendered":"<p>\u00c9dredon \u00e0 la surface soyeuse trait\u00e9 \u00e0 l&rsquo;extrait v\u00e9g\u00e9tal, disponible en trois \u00e9paisseurs diff\u00e9rentes<\/p>\n","protected":false},"featured_media":16291,"template":"","meta":[],"product_brand":[],"product_cat":[165],"product_tag":[],"class_list":{"0":"post-16290","1":"product","2":"type-product","3":"status-publish","4":"has-post-thumbnail","6":"product_cat-oreillers-couettes","8":"first","9":"instock","10":"shipping-taxable","11":"purchasable","12":"product-type-variable","13":"has-default-attributes"},"composite_layout":"","composite_add_to_cart_form_location":"","composite_editable_in_cart":false,"composite_sold_individually_context":"","composite_shop_price_calc":"","composite_components":[],"composite_scenarios":[],"yoast_head":"<!-- This site is optimized with the Yoast SEO plugin v24.4 - https:\/\/yoast.com\/wordpress\/plugins\/seo\/ -->\n<title>ALOE VERA couverture matelass\u00e9e - Bio-Textima H\u00e1l\u00f3szoba Manufakt\u00fara<\/title>\n<meta name=\"robots\" content=\"index, follow, max-snippet:-1, max-image-preview:large, max-video-preview:-1\" \/>\n<link rel=\"canonical\" href=\"https:\/\/cb.diff.hu\/fr\/produit\/aloe-vera-couverture-matelassee\/\" \/>\n<meta property=\"og:locale\" content=\"fr_FR\" \/>\n<meta property=\"og:type\" content=\"article\" \/>\n<meta property=\"og:title\" content=\"ALOE VERA couverture matelass\u00e9e - Bio-Textima H\u00e1l\u00f3szoba Manufakt\u00fara\" \/>\n<meta property=\"og:description\" content=\"\u00c9dredon \u00e0 la surface soyeuse trait\u00e9 \u00e0 l&#039;extrait v\u00e9g\u00e9tal, disponible en trois \u00e9paisseurs diff\u00e9rentes\" \/>\n<meta property=\"og:url\" content=\"https:\/\/cb.diff.hu\/fr\/produit\/aloe-vera-couverture-matelassee\/\" \/>\n<meta property=\"og:site_name\" content=\"Bio-Textima H\u00e1l\u00f3szoba Manufakt\u00fara\" \/>\n<meta property=\"article:modified_time\" content=\"2023-12-05T09:54:54+00:00\" \/>\n<meta property=\"og:image\" content=\"https:\/\/cb.diff.hu\/wp-content\/uploads\/2023\/07\/Aloe-Vera-paplan_p.jpg\" \/>\n\t<meta property=\"og:image:width\" content=\"326\" \/>\n\t<meta property=\"og:image:height\" content=\"326\" \/>\n\t<meta property=\"og:image:type\" content=\"image\/jpeg\" \/>\n<meta name=\"twitter:card\" content=\"summary_large_image\" \/>\n<script type=\"application\/ld+json\" class=\"yoast-schema-graph\">{\"@context\":\"https:\/\/schema.org\",\"@graph\":[{\"@type\":\"WebPage\",\"@id\":\"https:\/\/cb.diff.hu\/fr\/produit\/aloe-vera-couverture-matelassee\/\",\"url\":\"https:\/\/cb.diff.hu\/fr\/produit\/aloe-vera-couverture-matelassee\/\",\"name\":\"ALOE VERA couverture matelass\u00e9e - Bio-Textima H\u00e1l\u00f3szoba Manufakt\u00fara\",\"isPartOf\":{\"@id\":\"https:\/\/cb.diff.hu\/fr\/#website\"},\"primaryImageOfPage\":{\"@id\":\"https:\/\/cb.diff.hu\/fr\/produit\/aloe-vera-couverture-matelassee\/#primaryimage\"},\"image\":{\"@id\":\"https:\/\/cb.diff.hu\/fr\/produit\/aloe-vera-couverture-matelassee\/#primaryimage\"},\"thumbnailUrl\":\"https:\/\/cb.diff.hu\/wp-content\/uploads\/2023\/07\/Aloe-Vera-paplan_p.jpg\",\"datePublished\":\"2023-07-19T16:09:20+00:00\",\"dateModified\":\"2023-12-05T09:54:54+00:00\",\"breadcrumb\":{\"@id\":\"https:\/\/cb.diff.hu\/fr\/produit\/aloe-vera-couverture-matelassee\/#breadcrumb\"},\"inLanguage\":\"fr-FR\",\"potentialAction\":[{\"@type\":\"ReadAction\",\"target\":[\"https:\/\/cb.diff.hu\/fr\/produit\/aloe-vera-couverture-matelassee\/\"]}]},{\"@type\":\"ImageObject\",\"inLanguage\":\"fr-FR\",\"@id\":\"https:\/\/cb.diff.hu\/fr\/produit\/aloe-vera-couverture-matelassee\/#primaryimage\",\"url\":\"https:\/\/cb.diff.hu\/wp-content\/uploads\/2023\/07\/Aloe-Vera-paplan_p.jpg\",\"contentUrl\":\"https:\/\/cb.diff.hu\/wp-content\/uploads\/2023\/07\/Aloe-Vera-paplan_p.jpg\",\"width\":326,\"height\":326,\"caption\":\"Aloe-Vera-paplan\"},{\"@type\":\"BreadcrumbList\",\"@id\":\"https:\/\/cb.diff.hu\/fr\/produit\/aloe-vera-couverture-matelassee\/#breadcrumb\",\"itemListElement\":[{\"@type\":\"ListItem\",\"position\":1,\"name\":\"Page d'accueil\",\"item\":\"https:\/\/cb.diff.hu\/fr\/\"},{\"@type\":\"ListItem\",\"position\":2,\"name\":\"Tous les produits\",\"item\":\"https:\/\/cb.diff.hu\/termekeink\/\"},{\"@type\":\"ListItem\",\"position\":3,\"name\":\"ALOE VERA couverture matelass\u00e9e\"}]},{\"@type\":\"WebSite\",\"@id\":\"https:\/\/cb.diff.hu\/fr\/#website\",\"url\":\"https:\/\/cb.diff.hu\/fr\/\",\"name\":\"Bio-Textima H\u00e1l\u00f3szoba Manufakt\u00fara\",\"description\":\"\u00c1gyak \u00e9s matracok a sz\u00e1llodaipar sz\u00e1m\u00e1ra\",\"publisher\":{\"@id\":\"https:\/\/cb.diff.hu\/fr\/#organization\"},\"potentialAction\":[{\"@type\":\"SearchAction\",\"target\":{\"@type\":\"EntryPoint\",\"urlTemplate\":\"https:\/\/cb.diff.hu\/fr\/?s={search_term_string}\"},\"query-input\":{\"@type\":\"PropertyValueSpecification\",\"valueRequired\":true,\"valueName\":\"search_term_string\"}}],\"inLanguage\":\"fr-FR\"},{\"@type\":\"Organization\",\"@id\":\"https:\/\/cb.diff.hu\/fr\/#organization\",\"name\":\"BIO-TEXTIMA Kft.\",\"url\":\"https:\/\/cb.diff.hu\/fr\/\",\"logo\":{\"@type\":\"ImageObject\",\"inLanguage\":\"fr-FR\",\"@id\":\"https:\/\/cb.diff.hu\/fr\/#\/schema\/logo\/image\/\",\"url\":\"https:\/\/contractbeds.eu\/wp-content\/uploads\/2021\/03\/biotex_logo.jpg\",\"contentUrl\":\"https:\/\/contractbeds.eu\/wp-content\/uploads\/2021\/03\/biotex_logo.jpg\",\"width\":335,\"height\":149,\"caption\":\"BIO-TEXTIMA Kft.\"},\"image\":{\"@id\":\"https:\/\/cb.diff.hu\/fr\/#\/schema\/logo\/image\/\"}}]}<\/script>\n<!-- \/ Yoast SEO plugin. -->","yoast_head_json":{"title":"ALOE VERA couverture matelass\u00e9e - Bio-Textima H\u00e1l\u00f3szoba Manufakt\u00fara","robots":{"index":"index","follow":"follow","max-snippet":"max-snippet:-1","max-image-preview":"max-image-preview:large","max-video-preview":"max-video-preview:-1"},"canonical":"https:\/\/cb.diff.hu\/fr\/produit\/aloe-vera-couverture-matelassee\/","og_locale":"fr_FR","og_type":"article","og_title":"ALOE VERA couverture matelass\u00e9e - Bio-Textima H\u00e1l\u00f3szoba Manufakt\u00fara","og_description":"\u00c9dredon \u00e0 la surface soyeuse trait\u00e9 \u00e0 l'extrait v\u00e9g\u00e9tal, disponible en trois \u00e9paisseurs diff\u00e9rentes","og_url":"https:\/\/cb.diff.hu\/fr\/produit\/aloe-vera-couverture-matelassee\/","og_site_name":"Bio-Textima H\u00e1l\u00f3szoba Manufakt\u00fara","article_modified_time":"2023-12-05T09:54:54+00:00","og_image":[{"width":326,"height":326,"url":"https:\/\/cb.diff.hu\/wp-content\/uploads\/2023\/07\/Aloe-Vera-paplan_p.jpg","type":"image\/jpeg"}],"twitter_card":"summary_large_image","schema":{"@context":"https:\/\/schema.org","@graph":[{"@type":"WebPage","@id":"https:\/\/cb.diff.hu\/fr\/produit\/aloe-vera-couverture-matelassee\/","url":"https:\/\/cb.diff.hu\/fr\/produit\/aloe-vera-couverture-matelassee\/","name":"ALOE VERA couverture matelass\u00e9e - Bio-Textima H\u00e1l\u00f3szoba Manufakt\u00fara","isPartOf":{"@id":"https:\/\/cb.diff.hu\/fr\/#website"},"primaryImageOfPage":{"@id":"https:\/\/cb.diff.hu\/fr\/produit\/aloe-vera-couverture-matelassee\/#primaryimage"},"image":{"@id":"https:\/\/cb.diff.hu\/fr\/produit\/aloe-vera-couverture-matelassee\/#primaryimage"},"thumbnailUrl":"https:\/\/cb.diff.hu\/wp-content\/uploads\/2023\/07\/Aloe-Vera-paplan_p.jpg","datePublished":"2023-07-19T16:09:20+00:00","dateModified":"2023-12-05T09:54:54+00:00","breadcrumb":{"@id":"https:\/\/cb.diff.hu\/fr\/produit\/aloe-vera-couverture-matelassee\/#breadcrumb"},"inLanguage":"fr-FR","potentialAction":[{"@type":"ReadAction","target":["https:\/\/cb.diff.hu\/fr\/produit\/aloe-vera-couverture-matelassee\/"]}]},{"@type":"ImageObject","inLanguage":"fr-FR","@id":"https:\/\/cb.diff.hu\/fr\/produit\/aloe-vera-couverture-matelassee\/#primaryimage","url":"https:\/\/cb.diff.hu\/wp-content\/uploads\/2023\/07\/Aloe-Vera-paplan_p.jpg","contentUrl":"https:\/\/cb.diff.hu\/wp-content\/uploads\/2023\/07\/Aloe-Vera-paplan_p.jpg","width":326,"height":326,"caption":"Aloe-Vera-paplan"},{"@type":"BreadcrumbList","@id":"https:\/\/cb.diff.hu\/fr\/produit\/aloe-vera-couverture-matelassee\/#breadcrumb","itemListElement":[{"@type":"ListItem","position":1,"name":"Page d'accueil","item":"https:\/\/cb.diff.hu\/fr\/"},{"@type":"ListItem","position":2,"name":"Tous les produits","item":"https:\/\/cb.diff.hu\/termekeink\/"},{"@type":"ListItem","position":3,"name":"ALOE VERA couverture matelass\u00e9e"}]},{"@type":"WebSite","@id":"https:\/\/cb.diff.hu\/fr\/#website","url":"https:\/\/cb.diff.hu\/fr\/","name":"Bio-Textima H\u00e1l\u00f3szoba Manufakt\u00fara","description":"\u00c1gyak \u00e9s matracok a sz\u00e1llodaipar sz\u00e1m\u00e1ra","publisher":{"@id":"https:\/\/cb.diff.hu\/fr\/#organization"},"potentialAction":[{"@type":"SearchAction","target":{"@type":"EntryPoint","urlTemplate":"https:\/\/cb.diff.hu\/fr\/?s={search_term_string}"},"query-input":{"@type":"PropertyValueSpecification","valueRequired":true,"valueName":"search_term_string"}}],"inLanguage":"fr-FR"},{"@type":"Organization","@id":"https:\/\/cb.diff.hu\/fr\/#organization","name":"BIO-TEXTIMA Kft.","url":"https:\/\/cb.diff.hu\/fr\/","logo":{"@type":"ImageObject","inLanguage":"fr-FR","@id":"https:\/\/cb.diff.hu\/fr\/#\/schema\/logo\/image\/","url":"https:\/\/contractbeds.eu\/wp-content\/uploads\/2021\/03\/biotex_logo.jpg","contentUrl":"https:\/\/contractbeds.eu\/wp-content\/uploads\/2021\/03\/biotex_logo.jpg","width":335,"height":149,"caption":"BIO-TEXTIMA Kft."},"image":{"@id":"https:\/\/cb.diff.hu\/fr\/#\/schema\/logo\/image\/"}}]}},"_links":{"self":[{"href":"https:\/\/cb.diff.hu\/fr\/wp-json\/wp\/v2\/product\/16290","targetHints":{"allow":["GET"]}}],"collection":[{"href":"https:\/\/cb.diff.hu\/fr\/wp-json\/wp\/v2\/product"}],"about":[{"href":"https:\/\/cb.diff.hu\/fr\/wp-json\/wp\/v2\/types\/product"}],"wp:featuredmedia":[{"embeddable":true,"href":"https:\/\/cb.diff.hu\/fr\/wp-json\/wp\/v2\/media\/16291"}],"wp:attachment":[{"href":"https:\/\/cb.diff.hu\/fr\/wp-json\/wp\/v2\/media?parent=16290"}],"wp:term":[{"taxonomy":"product_brand","embeddable":true,"href":"https:\/\/cb.diff.hu\/fr\/wp-json\/wp\/v2\/product_brand?post=16290"},{"taxonomy":"product_cat","embeddable":true,"href":"https:\/\/cb.diff.hu\/fr\/wp-json\/wp\/v2\/product_cat?post=16290"},{"taxonomy":"product_tag","embeddable":true,"href":"https:\/\/cb.diff.hu\/fr\/wp-json\/wp\/v2\/product_tag?post=16290"}],"curies":[{"name":"wp","href":"https:\/\/api.w.org\/{rel}","templated":true}]}}