{"id":16319,"date":"2023-07-20T07:03:36","date_gmt":"2023-07-20T07:03:36","guid":{"rendered":"https:\/\/contractbeds.eu\/termek\/lena-couverture-en-plumes-grises\/"},"modified":"2024-01-04T11:22:32","modified_gmt":"2024-01-04T11:22:32","slug":"lena-couverture-en-plumes-grises","status":"publish","type":"product","link":"https:\/\/cb.diff.hu\/fr\/produit\/lena-couverture-en-plumes-grises\/","title":{"rendered":"LENA couverture en plumes grises"},"content":{"rendered":"<p>Disponible en deux tailles et \u00e9paisseurs, cette couverture en plumes l\u00e9g\u00e8re et de qualit\u00e9 premium (plumes grises) faite \u00e0 la main offre un excellent climat de sommeil, une chaleur agr\u00e9able et une excellente \u00e9vacuation de l&rsquo;humidit\u00e9.<\/p>\n<p>&nbsp;<\/p>\n<ul>\n<li>Con\u00e7ue pour une utilisation en h\u00f4tellerie, une conception particuli\u00e8rement durable<\/li>\n<li>Produit fabriqu\u00e9 \u00e0 la main \u00e0 partir de plumes de canard hongrois st\u00e9rilis\u00e9es \u00e0 100 %, reconnues dans le monde entier pour leur qualit\u00e9<\/li>\n<li>Sensation extra douce et moelleuse, confort caressant, effet apaisant<\/li>\n<li>Maintien exceptionnel gr\u00e2ce aux plumes de qualit\u00e9 premium<\/li>\n<li>Effet de r\u00e9gulation de temp\u00e9rature unique<\/li>\n<li>Aspect premium<\/li>\n<li>Housse ext\u00e9rieure 100 % satin de coton<\/li>\n<li>Lavable \u00e0 40 \u00b0C<\/li>\n<li>S\u00e9chage en machine recommand\u00e9 avec a\u00e9ration suppl\u00e9mentaire<\/li>\n<\/ul>\n","protected":false},"excerpt":{"rendered":"<p>Couverture en plumes de qualit\u00e9 premium, offrant une sensation douce et caressante, disponible en deux tailles\/\u00e9paisseurs<\/p>\n","protected":false},"featured_media":16315,"template":"","meta":[],"product_brand":[],"product_cat":[165],"product_tag":[],"class_list":{"0":"post-16319","1":"product","2":"type-product","3":"status-publish","4":"has-post-thumbnail","6":"product_cat-oreillers-couettes","8":"first","9":"instock","10":"shipping-taxable","11":"purchasable","12":"product-type-variable","13":"has-default-attributes"},"composite_layout":"","composite_add_to_cart_form_location":"","composite_editable_in_cart":false,"composite_sold_individually_context":"","composite_shop_price_calc":"","composite_components":[],"composite_scenarios":[],"yoast_head":"<!-- This site is optimized with the Yoast SEO plugin v24.4 - https:\/\/yoast.com\/wordpress\/plugins\/seo\/ -->\n<title>LENA couverture en plumes grises - Bio-Textima H\u00e1l\u00f3szoba Manufakt\u00fara<\/title>\n<meta name=\"robots\" content=\"index, follow, max-snippet:-1, max-image-preview:large, max-video-preview:-1\" \/>\n<link rel=\"canonical\" href=\"https:\/\/cb.diff.hu\/fr\/produit\/lena-couverture-en-plumes-grises\/\" \/>\n<meta property=\"og:locale\" content=\"fr_FR\" \/>\n<meta property=\"og:type\" content=\"article\" \/>\n<meta property=\"og:title\" content=\"LENA couverture en plumes grises - Bio-Textima H\u00e1l\u00f3szoba Manufakt\u00fara\" \/>\n<meta property=\"og:description\" content=\"Couverture en plumes de qualit\u00e9 premium, offrant une sensation douce et caressante, disponible en deux tailles\/\u00e9paisseurs\" \/>\n<meta property=\"og:url\" content=\"https:\/\/cb.diff.hu\/fr\/produit\/lena-couverture-en-plumes-grises\/\" \/>\n<meta property=\"og:site_name\" content=\"Bio-Textima H\u00e1l\u00f3szoba Manufakt\u00fara\" \/>\n<meta property=\"article:modified_time\" content=\"2024-01-04T11:22:32+00:00\" \/>\n<meta property=\"og:image\" content=\"https:\/\/cb.diff.hu\/wp-content\/uploads\/2023\/07\/Pehely-paplan_p.jpg\" \/>\n\t<meta property=\"og:image:width\" content=\"326\" \/>\n\t<meta property=\"og:image:height\" content=\"326\" \/>\n\t<meta property=\"og:image:type\" content=\"image\/jpeg\" \/>\n<meta name=\"twitter:card\" content=\"summary_large_image\" \/>\n<meta name=\"twitter:label1\" content=\"Dur\u00e9e de lecture estim\u00e9e\" \/>\n\t<meta name=\"twitter:data1\" content=\"1 minute\" \/>\n<script type=\"application\/ld+json\" class=\"yoast-schema-graph\">{\"@context\":\"https:\/\/schema.org\",\"@graph\":[{\"@type\":\"WebPage\",\"@id\":\"https:\/\/cb.diff.hu\/fr\/produit\/lena-couverture-en-plumes-grises\/\",\"url\":\"https:\/\/cb.diff.hu\/fr\/produit\/lena-couverture-en-plumes-grises\/\",\"name\":\"LENA couverture en plumes grises - Bio-Textima H\u00e1l\u00f3szoba Manufakt\u00fara\",\"isPartOf\":{\"@id\":\"https:\/\/cb.diff.hu\/fr\/#website\"},\"primaryImageOfPage\":{\"@id\":\"https:\/\/cb.diff.hu\/fr\/produit\/lena-couverture-en-plumes-grises\/#primaryimage\"},\"image\":{\"@id\":\"https:\/\/cb.diff.hu\/fr\/produit\/lena-couverture-en-plumes-grises\/#primaryimage\"},\"thumbnailUrl\":\"https:\/\/cb.diff.hu\/wp-content\/uploads\/2023\/07\/Pehely-paplan_p.jpg\",\"datePublished\":\"2023-07-20T07:03:36+00:00\",\"dateModified\":\"2024-01-04T11:22:32+00:00\",\"breadcrumb\":{\"@id\":\"https:\/\/cb.diff.hu\/fr\/produit\/lena-couverture-en-plumes-grises\/#breadcrumb\"},\"inLanguage\":\"fr-FR\",\"potentialAction\":[{\"@type\":\"ReadAction\",\"target\":[\"https:\/\/cb.diff.hu\/fr\/produit\/lena-couverture-en-plumes-grises\/\"]}]},{\"@type\":\"ImageObject\",\"inLanguage\":\"fr-FR\",\"@id\":\"https:\/\/cb.diff.hu\/fr\/produit\/lena-couverture-en-plumes-grises\/#primaryimage\",\"url\":\"https:\/\/cb.diff.hu\/wp-content\/uploads\/2023\/07\/Pehely-paplan_p.jpg\",\"contentUrl\":\"https:\/\/cb.diff.hu\/wp-content\/uploads\/2023\/07\/Pehely-paplan_p.jpg\",\"width\":326,\"height\":326,\"caption\":\"Pehely-paplan\"},{\"@type\":\"BreadcrumbList\",\"@id\":\"https:\/\/cb.diff.hu\/fr\/produit\/lena-couverture-en-plumes-grises\/#breadcrumb\",\"itemListElement\":[{\"@type\":\"ListItem\",\"position\":1,\"name\":\"Page d'accueil\",\"item\":\"https:\/\/cb.diff.hu\/fr\/\"},{\"@type\":\"ListItem\",\"position\":2,\"name\":\"Tous les produits\",\"item\":\"https:\/\/cb.diff.hu\/termekeink\/\"},{\"@type\":\"ListItem\",\"position\":3,\"name\":\"LENA couverture en plumes grises\"}]},{\"@type\":\"WebSite\",\"@id\":\"https:\/\/cb.diff.hu\/fr\/#website\",\"url\":\"https:\/\/cb.diff.hu\/fr\/\",\"name\":\"Bio-Textima H\u00e1l\u00f3szoba Manufakt\u00fara\",\"description\":\"\u00c1gyak \u00e9s matracok a sz\u00e1llodaipar sz\u00e1m\u00e1ra\",\"publisher\":{\"@id\":\"https:\/\/cb.diff.hu\/fr\/#organization\"},\"potentialAction\":[{\"@type\":\"SearchAction\",\"target\":{\"@type\":\"EntryPoint\",\"urlTemplate\":\"https:\/\/cb.diff.hu\/fr\/?s={search_term_string}\"},\"query-input\":{\"@type\":\"PropertyValueSpecification\",\"valueRequired\":true,\"valueName\":\"search_term_string\"}}],\"inLanguage\":\"fr-FR\"},{\"@type\":\"Organization\",\"@id\":\"https:\/\/cb.diff.hu\/fr\/#organization\",\"name\":\"BIO-TEXTIMA Kft.\",\"url\":\"https:\/\/cb.diff.hu\/fr\/\",\"logo\":{\"@type\":\"ImageObject\",\"inLanguage\":\"fr-FR\",\"@id\":\"https:\/\/cb.diff.hu\/fr\/#\/schema\/logo\/image\/\",\"url\":\"https:\/\/contractbeds.eu\/wp-content\/uploads\/2021\/03\/biotex_logo.jpg\",\"contentUrl\":\"https:\/\/contractbeds.eu\/wp-content\/uploads\/2021\/03\/biotex_logo.jpg\",\"width\":335,\"height\":149,\"caption\":\"BIO-TEXTIMA Kft.\"},\"image\":{\"@id\":\"https:\/\/cb.diff.hu\/fr\/#\/schema\/logo\/image\/\"}}]}<\/script>\n<!-- \/ Yoast SEO plugin. -->","yoast_head_json":{"title":"LENA couverture en plumes grises - Bio-Textima H\u00e1l\u00f3szoba Manufakt\u00fara","robots":{"index":"index","follow":"follow","max-snippet":"max-snippet:-1","max-image-preview":"max-image-preview:large","max-video-preview":"max-video-preview:-1"},"canonical":"https:\/\/cb.diff.hu\/fr\/produit\/lena-couverture-en-plumes-grises\/","og_locale":"fr_FR","og_type":"article","og_title":"LENA couverture en plumes grises - Bio-Textima H\u00e1l\u00f3szoba Manufakt\u00fara","og_description":"Couverture en plumes de qualit\u00e9 premium, offrant une sensation douce et caressante, disponible en deux tailles\/\u00e9paisseurs","og_url":"https:\/\/cb.diff.hu\/fr\/produit\/lena-couverture-en-plumes-grises\/","og_site_name":"Bio-Textima H\u00e1l\u00f3szoba Manufakt\u00fara","article_modified_time":"2024-01-04T11:22:32+00:00","og_image":[{"width":326,"height":326,"url":"https:\/\/cb.diff.hu\/wp-content\/uploads\/2023\/07\/Pehely-paplan_p.jpg","type":"image\/jpeg"}],"twitter_card":"summary_large_image","twitter_misc":{"Dur\u00e9e de lecture estim\u00e9e":"1 minute"},"schema":{"@context":"https:\/\/schema.org","@graph":[{"@type":"WebPage","@id":"https:\/\/cb.diff.hu\/fr\/produit\/lena-couverture-en-plumes-grises\/","url":"https:\/\/cb.diff.hu\/fr\/produit\/lena-couverture-en-plumes-grises\/","name":"LENA couverture en plumes grises - Bio-Textima H\u00e1l\u00f3szoba Manufakt\u00fara","isPartOf":{"@id":"https:\/\/cb.diff.hu\/fr\/#website"},"primaryImageOfPage":{"@id":"https:\/\/cb.diff.hu\/fr\/produit\/lena-couverture-en-plumes-grises\/#primaryimage"},"image":{"@id":"https:\/\/cb.diff.hu\/fr\/produit\/lena-couverture-en-plumes-grises\/#primaryimage"},"thumbnailUrl":"https:\/\/cb.diff.hu\/wp-content\/uploads\/2023\/07\/Pehely-paplan_p.jpg","datePublished":"2023-07-20T07:03:36+00:00","dateModified":"2024-01-04T11:22:32+00:00","breadcrumb":{"@id":"https:\/\/cb.diff.hu\/fr\/produit\/lena-couverture-en-plumes-grises\/#breadcrumb"},"inLanguage":"fr-FR","potentialAction":[{"@type":"ReadAction","target":["https:\/\/cb.diff.hu\/fr\/produit\/lena-couverture-en-plumes-grises\/"]}]},{"@type":"ImageObject","inLanguage":"fr-FR","@id":"https:\/\/cb.diff.hu\/fr\/produit\/lena-couverture-en-plumes-grises\/#primaryimage","url":"https:\/\/cb.diff.hu\/wp-content\/uploads\/2023\/07\/Pehely-paplan_p.jpg","contentUrl":"https:\/\/cb.diff.hu\/wp-content\/uploads\/2023\/07\/Pehely-paplan_p.jpg","width":326,"height":326,"caption":"Pehely-paplan"},{"@type":"BreadcrumbList","@id":"https:\/\/cb.diff.hu\/fr\/produit\/lena-couverture-en-plumes-grises\/#breadcrumb","itemListElement":[{"@type":"ListItem","position":1,"name":"Page d'accueil","item":"https:\/\/cb.diff.hu\/fr\/"},{"@type":"ListItem","position":2,"name":"Tous les produits","item":"https:\/\/cb.diff.hu\/termekeink\/"},{"@type":"ListItem","position":3,"name":"LENA couverture en plumes grises"}]},{"@type":"WebSite","@id":"https:\/\/cb.diff.hu\/fr\/#website","url":"https:\/\/cb.diff.hu\/fr\/","name":"Bio-Textima H\u00e1l\u00f3szoba Manufakt\u00fara","description":"\u00c1gyak \u00e9s matracok a sz\u00e1llodaipar sz\u00e1m\u00e1ra","publisher":{"@id":"https:\/\/cb.diff.hu\/fr\/#organization"},"potentialAction":[{"@type":"SearchAction","target":{"@type":"EntryPoint","urlTemplate":"https:\/\/cb.diff.hu\/fr\/?s={search_term_string}"},"query-input":{"@type":"PropertyValueSpecification","valueRequired":true,"valueName":"search_term_string"}}],"inLanguage":"fr-FR"},{"@type":"Organization","@id":"https:\/\/cb.diff.hu\/fr\/#organization","name":"BIO-TEXTIMA Kft.","url":"https:\/\/cb.diff.hu\/fr\/","logo":{"@type":"ImageObject","inLanguage":"fr-FR","@id":"https:\/\/cb.diff.hu\/fr\/#\/schema\/logo\/image\/","url":"https:\/\/contractbeds.eu\/wp-content\/uploads\/2021\/03\/biotex_logo.jpg","contentUrl":"https:\/\/contractbeds.eu\/wp-content\/uploads\/2021\/03\/biotex_logo.jpg","width":335,"height":149,"caption":"BIO-TEXTIMA Kft."},"image":{"@id":"https:\/\/cb.diff.hu\/fr\/#\/schema\/logo\/image\/"}}]}},"_links":{"self":[{"href":"https:\/\/cb.diff.hu\/fr\/wp-json\/wp\/v2\/product\/16319","targetHints":{"allow":["GET"]}}],"collection":[{"href":"https:\/\/cb.diff.hu\/fr\/wp-json\/wp\/v2\/product"}],"about":[{"href":"https:\/\/cb.diff.hu\/fr\/wp-json\/wp\/v2\/types\/product"}],"wp:featuredmedia":[{"embeddable":true,"href":"https:\/\/cb.diff.hu\/fr\/wp-json\/wp\/v2\/media\/16315"}],"wp:attachment":[{"href":"https:\/\/cb.diff.hu\/fr\/wp-json\/wp\/v2\/media?parent=16319"}],"wp:term":[{"taxonomy":"product_brand","embeddable":true,"href":"https:\/\/cb.diff.hu\/fr\/wp-json\/wp\/v2\/product_brand?post=16319"},{"taxonomy":"product_cat","embeddable":true,"href":"https:\/\/cb.diff.hu\/fr\/wp-json\/wp\/v2\/product_cat?post=16319"},{"taxonomy":"product_tag","embeddable":true,"href":"https:\/\/cb.diff.hu\/fr\/wp-json\/wp\/v2\/product_tag?post=16319"}],"curies":[{"name":"wp","href":"https:\/\/api.w.org\/{rel}","templated":true}]}}