{"id":16324,"date":"2023-07-20T07:01:07","date_gmt":"2023-07-20T07:01:07","guid":{"rendered":"https:\/\/contractbeds.eu\/termek\/tencel-oreiller-matelasse\/"},"modified":"2023-12-05T10:42:29","modified_gmt":"2023-12-05T10:42:29","slug":"tencel-oreiller-matelasse","status":"publish","type":"product","link":"https:\/\/cb.diff.hu\/fr\/produit\/tencel-oreiller-matelasse\/","title":{"rendered":"TENCEL oreiller matelass\u00e9"},"content":{"rendered":"<p>Fabriqu\u00e9 avec du fil naturel de TENCEL, cet oreiller offre une excellente capacit\u00e9 d&rsquo;absorption d&rsquo;humidit\u00e9 et une bonne respirabilit\u00e9. Il offre un soutien souple et confortable disponible en trois tailles et mod\u00e8les (40 x 50 cm, 300 g de PES, 50 x 70 cm, 700 g de PES, 70 x 90 cm, 1200 g de PES).<\/p>\n<p>&nbsp;<\/p>\n<ul>\n<li>Con\u00e7u pour une utilisation en h\u00f4tellerie, une conception particuli\u00e8rement durable<\/li>\n<li>Convient \u00e9galement aux personnes allergiques aux acariens<\/li>\n<li>Aspect \u00e9l\u00e9gant<\/li>\n<li>Housse ext\u00e9rieure de haute qualit\u00e9, respectueuse de la peau, r\u00e9gulant l&rsquo;humidit\u00e9 et la chaleur, en 70 % de fil naturel de TENCEL et 30 % de PES<\/li>\n<li>Remplissage en 100 % polyester<\/li>\n<li>Housse ext\u00e9rieure lavable \u00e0 60 \u00b0C<\/li>\n<li>Oreiller int\u00e9rieur lavable \u00e0 40 \u00b0C<\/li>\n<li>S\u00e9chage en machine possible<\/li>\n<\/ul>\n","protected":false},"excerpt":{"rendered":"<p>Oreiller fabriqu\u00e9 avec du fil de TENCEL, respectueux de la peau et antibact\u00e9rien, disponible en trois tailles\/mod\u00e8les<\/p>\n","protected":false},"featured_media":16325,"template":"","meta":[],"product_brand":[],"product_cat":[165],"product_tag":[],"class_list":{"0":"post-16324","1":"product","2":"type-product","3":"status-publish","4":"has-post-thumbnail","6":"product_cat-oreillers-couettes","8":"first","9":"instock","10":"shipping-taxable","11":"purchasable","12":"product-type-variable","13":"has-default-attributes"},"composite_layout":"","composite_add_to_cart_form_location":"","composite_editable_in_cart":false,"composite_sold_individually_context":"","composite_shop_price_calc":"","composite_components":[],"composite_scenarios":[],"yoast_head":"<!-- This site is optimized with the Yoast SEO plugin v24.4 - https:\/\/yoast.com\/wordpress\/plugins\/seo\/ -->\n<title>TENCEL oreiller matelass\u00e9 - Bio-Textima H\u00e1l\u00f3szoba Manufakt\u00fara<\/title>\n<meta name=\"robots\" content=\"index, follow, max-snippet:-1, max-image-preview:large, max-video-preview:-1\" \/>\n<link rel=\"canonical\" href=\"https:\/\/cb.diff.hu\/fr\/produit\/tencel-oreiller-matelasse\/\" \/>\n<meta property=\"og:locale\" content=\"fr_FR\" \/>\n<meta property=\"og:type\" content=\"article\" \/>\n<meta property=\"og:title\" content=\"TENCEL oreiller matelass\u00e9 - Bio-Textima H\u00e1l\u00f3szoba Manufakt\u00fara\" \/>\n<meta property=\"og:description\" content=\"Oreiller fabriqu\u00e9 avec du fil de TENCEL, respectueux de la peau et antibact\u00e9rien, disponible en trois tailles\/mod\u00e8les\" \/>\n<meta property=\"og:url\" content=\"https:\/\/cb.diff.hu\/fr\/produit\/tencel-oreiller-matelasse\/\" \/>\n<meta property=\"og:site_name\" content=\"Bio-Textima H\u00e1l\u00f3szoba Manufakt\u00fara\" \/>\n<meta property=\"article:modified_time\" content=\"2023-12-05T10:42:29+00:00\" \/>\n<meta property=\"og:image\" content=\"https:\/\/cb.diff.hu\/wp-content\/uploads\/2023\/07\/Tencel-nagyparna_p.jpg\" \/>\n\t<meta property=\"og:image:width\" content=\"326\" \/>\n\t<meta property=\"og:image:height\" content=\"326\" \/>\n\t<meta property=\"og:image:type\" content=\"image\/jpeg\" \/>\n<meta name=\"twitter:card\" content=\"summary_large_image\" \/>\n<meta name=\"twitter:label1\" content=\"Dur\u00e9e de lecture estim\u00e9e\" \/>\n\t<meta name=\"twitter:data1\" content=\"1 minute\" \/>\n<script type=\"application\/ld+json\" class=\"yoast-schema-graph\">{\"@context\":\"https:\/\/schema.org\",\"@graph\":[{\"@type\":\"WebPage\",\"@id\":\"https:\/\/cb.diff.hu\/fr\/produit\/tencel-oreiller-matelasse\/\",\"url\":\"https:\/\/cb.diff.hu\/fr\/produit\/tencel-oreiller-matelasse\/\",\"name\":\"TENCEL oreiller matelass\u00e9 - Bio-Textima H\u00e1l\u00f3szoba Manufakt\u00fara\",\"isPartOf\":{\"@id\":\"https:\/\/cb.diff.hu\/fr\/#website\"},\"primaryImageOfPage\":{\"@id\":\"https:\/\/cb.diff.hu\/fr\/produit\/tencel-oreiller-matelasse\/#primaryimage\"},\"image\":{\"@id\":\"https:\/\/cb.diff.hu\/fr\/produit\/tencel-oreiller-matelasse\/#primaryimage\"},\"thumbnailUrl\":\"https:\/\/cb.diff.hu\/wp-content\/uploads\/2023\/07\/Tencel-nagyparna_p.jpg\",\"datePublished\":\"2023-07-20T07:01:07+00:00\",\"dateModified\":\"2023-12-05T10:42:29+00:00\",\"breadcrumb\":{\"@id\":\"https:\/\/cb.diff.hu\/fr\/produit\/tencel-oreiller-matelasse\/#breadcrumb\"},\"inLanguage\":\"fr-FR\",\"potentialAction\":[{\"@type\":\"ReadAction\",\"target\":[\"https:\/\/cb.diff.hu\/fr\/produit\/tencel-oreiller-matelasse\/\"]}]},{\"@type\":\"ImageObject\",\"inLanguage\":\"fr-FR\",\"@id\":\"https:\/\/cb.diff.hu\/fr\/produit\/tencel-oreiller-matelasse\/#primaryimage\",\"url\":\"https:\/\/cb.diff.hu\/wp-content\/uploads\/2023\/07\/Tencel-nagyparna_p.jpg\",\"contentUrl\":\"https:\/\/cb.diff.hu\/wp-content\/uploads\/2023\/07\/Tencel-nagyparna_p.jpg\",\"width\":326,\"height\":326,\"caption\":\"Tencel-nagyparna\"},{\"@type\":\"BreadcrumbList\",\"@id\":\"https:\/\/cb.diff.hu\/fr\/produit\/tencel-oreiller-matelasse\/#breadcrumb\",\"itemListElement\":[{\"@type\":\"ListItem\",\"position\":1,\"name\":\"Page d'accueil\",\"item\":\"https:\/\/cb.diff.hu\/fr\/\"},{\"@type\":\"ListItem\",\"position\":2,\"name\":\"Tous les produits\",\"item\":\"https:\/\/cb.diff.hu\/termekeink\/\"},{\"@type\":\"ListItem\",\"position\":3,\"name\":\"TENCEL oreiller matelass\u00e9\"}]},{\"@type\":\"WebSite\",\"@id\":\"https:\/\/cb.diff.hu\/fr\/#website\",\"url\":\"https:\/\/cb.diff.hu\/fr\/\",\"name\":\"Bio-Textima H\u00e1l\u00f3szoba Manufakt\u00fara\",\"description\":\"\u00c1gyak \u00e9s matracok a sz\u00e1llodaipar sz\u00e1m\u00e1ra\",\"publisher\":{\"@id\":\"https:\/\/cb.diff.hu\/fr\/#organization\"},\"potentialAction\":[{\"@type\":\"SearchAction\",\"target\":{\"@type\":\"EntryPoint\",\"urlTemplate\":\"https:\/\/cb.diff.hu\/fr\/?s={search_term_string}\"},\"query-input\":{\"@type\":\"PropertyValueSpecification\",\"valueRequired\":true,\"valueName\":\"search_term_string\"}}],\"inLanguage\":\"fr-FR\"},{\"@type\":\"Organization\",\"@id\":\"https:\/\/cb.diff.hu\/fr\/#organization\",\"name\":\"BIO-TEXTIMA Kft.\",\"url\":\"https:\/\/cb.diff.hu\/fr\/\",\"logo\":{\"@type\":\"ImageObject\",\"inLanguage\":\"fr-FR\",\"@id\":\"https:\/\/cb.diff.hu\/fr\/#\/schema\/logo\/image\/\",\"url\":\"https:\/\/contractbeds.eu\/wp-content\/uploads\/2021\/03\/biotex_logo.jpg\",\"contentUrl\":\"https:\/\/contractbeds.eu\/wp-content\/uploads\/2021\/03\/biotex_logo.jpg\",\"width\":335,\"height\":149,\"caption\":\"BIO-TEXTIMA Kft.\"},\"image\":{\"@id\":\"https:\/\/cb.diff.hu\/fr\/#\/schema\/logo\/image\/\"}}]}<\/script>\n<!-- \/ Yoast SEO plugin. -->","yoast_head_json":{"title":"TENCEL oreiller matelass\u00e9 - Bio-Textima H\u00e1l\u00f3szoba Manufakt\u00fara","robots":{"index":"index","follow":"follow","max-snippet":"max-snippet:-1","max-image-preview":"max-image-preview:large","max-video-preview":"max-video-preview:-1"},"canonical":"https:\/\/cb.diff.hu\/fr\/produit\/tencel-oreiller-matelasse\/","og_locale":"fr_FR","og_type":"article","og_title":"TENCEL oreiller matelass\u00e9 - Bio-Textima H\u00e1l\u00f3szoba Manufakt\u00fara","og_description":"Oreiller fabriqu\u00e9 avec du fil de TENCEL, respectueux de la peau et antibact\u00e9rien, disponible en trois tailles\/mod\u00e8les","og_url":"https:\/\/cb.diff.hu\/fr\/produit\/tencel-oreiller-matelasse\/","og_site_name":"Bio-Textima H\u00e1l\u00f3szoba Manufakt\u00fara","article_modified_time":"2023-12-05T10:42:29+00:00","og_image":[{"width":326,"height":326,"url":"https:\/\/cb.diff.hu\/wp-content\/uploads\/2023\/07\/Tencel-nagyparna_p.jpg","type":"image\/jpeg"}],"twitter_card":"summary_large_image","twitter_misc":{"Dur\u00e9e de lecture estim\u00e9e":"1 minute"},"schema":{"@context":"https:\/\/schema.org","@graph":[{"@type":"WebPage","@id":"https:\/\/cb.diff.hu\/fr\/produit\/tencel-oreiller-matelasse\/","url":"https:\/\/cb.diff.hu\/fr\/produit\/tencel-oreiller-matelasse\/","name":"TENCEL oreiller matelass\u00e9 - Bio-Textima H\u00e1l\u00f3szoba Manufakt\u00fara","isPartOf":{"@id":"https:\/\/cb.diff.hu\/fr\/#website"},"primaryImageOfPage":{"@id":"https:\/\/cb.diff.hu\/fr\/produit\/tencel-oreiller-matelasse\/#primaryimage"},"image":{"@id":"https:\/\/cb.diff.hu\/fr\/produit\/tencel-oreiller-matelasse\/#primaryimage"},"thumbnailUrl":"https:\/\/cb.diff.hu\/wp-content\/uploads\/2023\/07\/Tencel-nagyparna_p.jpg","datePublished":"2023-07-20T07:01:07+00:00","dateModified":"2023-12-05T10:42:29+00:00","breadcrumb":{"@id":"https:\/\/cb.diff.hu\/fr\/produit\/tencel-oreiller-matelasse\/#breadcrumb"},"inLanguage":"fr-FR","potentialAction":[{"@type":"ReadAction","target":["https:\/\/cb.diff.hu\/fr\/produit\/tencel-oreiller-matelasse\/"]}]},{"@type":"ImageObject","inLanguage":"fr-FR","@id":"https:\/\/cb.diff.hu\/fr\/produit\/tencel-oreiller-matelasse\/#primaryimage","url":"https:\/\/cb.diff.hu\/wp-content\/uploads\/2023\/07\/Tencel-nagyparna_p.jpg","contentUrl":"https:\/\/cb.diff.hu\/wp-content\/uploads\/2023\/07\/Tencel-nagyparna_p.jpg","width":326,"height":326,"caption":"Tencel-nagyparna"},{"@type":"BreadcrumbList","@id":"https:\/\/cb.diff.hu\/fr\/produit\/tencel-oreiller-matelasse\/#breadcrumb","itemListElement":[{"@type":"ListItem","position":1,"name":"Page d'accueil","item":"https:\/\/cb.diff.hu\/fr\/"},{"@type":"ListItem","position":2,"name":"Tous les produits","item":"https:\/\/cb.diff.hu\/termekeink\/"},{"@type":"ListItem","position":3,"name":"TENCEL oreiller matelass\u00e9"}]},{"@type":"WebSite","@id":"https:\/\/cb.diff.hu\/fr\/#website","url":"https:\/\/cb.diff.hu\/fr\/","name":"Bio-Textima H\u00e1l\u00f3szoba Manufakt\u00fara","description":"\u00c1gyak \u00e9s matracok a sz\u00e1llodaipar sz\u00e1m\u00e1ra","publisher":{"@id":"https:\/\/cb.diff.hu\/fr\/#organization"},"potentialAction":[{"@type":"SearchAction","target":{"@type":"EntryPoint","urlTemplate":"https:\/\/cb.diff.hu\/fr\/?s={search_term_string}"},"query-input":{"@type":"PropertyValueSpecification","valueRequired":true,"valueName":"search_term_string"}}],"inLanguage":"fr-FR"},{"@type":"Organization","@id":"https:\/\/cb.diff.hu\/fr\/#organization","name":"BIO-TEXTIMA Kft.","url":"https:\/\/cb.diff.hu\/fr\/","logo":{"@type":"ImageObject","inLanguage":"fr-FR","@id":"https:\/\/cb.diff.hu\/fr\/#\/schema\/logo\/image\/","url":"https:\/\/contractbeds.eu\/wp-content\/uploads\/2021\/03\/biotex_logo.jpg","contentUrl":"https:\/\/contractbeds.eu\/wp-content\/uploads\/2021\/03\/biotex_logo.jpg","width":335,"height":149,"caption":"BIO-TEXTIMA Kft."},"image":{"@id":"https:\/\/cb.diff.hu\/fr\/#\/schema\/logo\/image\/"}}]}},"_links":{"self":[{"href":"https:\/\/cb.diff.hu\/fr\/wp-json\/wp\/v2\/product\/16324","targetHints":{"allow":["GET"]}}],"collection":[{"href":"https:\/\/cb.diff.hu\/fr\/wp-json\/wp\/v2\/product"}],"about":[{"href":"https:\/\/cb.diff.hu\/fr\/wp-json\/wp\/v2\/types\/product"}],"wp:featuredmedia":[{"embeddable":true,"href":"https:\/\/cb.diff.hu\/fr\/wp-json\/wp\/v2\/media\/16325"}],"wp:attachment":[{"href":"https:\/\/cb.diff.hu\/fr\/wp-json\/wp\/v2\/media?parent=16324"}],"wp:term":[{"taxonomy":"product_brand","embeddable":true,"href":"https:\/\/cb.diff.hu\/fr\/wp-json\/wp\/v2\/product_brand?post=16324"},{"taxonomy":"product_cat","embeddable":true,"href":"https:\/\/cb.diff.hu\/fr\/wp-json\/wp\/v2\/product_cat?post=16324"},{"taxonomy":"product_tag","embeddable":true,"href":"https:\/\/cb.diff.hu\/fr\/wp-json\/wp\/v2\/product_tag?post=16324"}],"curies":[{"name":"wp","href":"https:\/\/api.w.org\/{rel}","templated":true}]}}